{"id":31492,"date":"2022-04-25T06:21:15","date_gmt":"2022-04-25T06:21:15","guid":{"rendered":"https:\/\/fischer.e-novision.ch\/etudes-de-cas\/"},"modified":"2022-06-15T07:59:49","modified_gmt":"2022-06-15T07:59:49","slug":"etudes-de-cas","status":"publish","type":"page","link":"https:\/\/fischer.e-novision.ch\/fr\/news\/etudes-de-cas\/","title":{"rendered":"\u00c9tudes de cas"},"content":{"rendered":"<section class=\"bg-bggrey md:mt-0 pb-0 pt-34 md:pt-36 lg:pt-0 \">\n  <div class=\"container page-header-div \">\n    <div class=\"flex justify-between mb-8\">\n      <div class=\"single-solution-back-button text-black border-black\"><a style=color:black;border-color:black href=\"https:\/\/fischer.e-novision.ch\/fr\/news\/\" target=\"_self\" class=\"cta__arrow--back \"><span class=\"font-semibold\" >Back<\/span><\/a>\n\n<\/div>\n      <span class=\"hidden lg:block text-baseResponsive self-start header-search-and-filter-breadcrumb\"><a href=\"https:\/\/fischer.e-novision.ch\/fr\/\" class=\"text-one\" rel=\"nofollow\">Home<\/a><\/span>\n    <\/div>\n    <h1 class=\"h2 page-title-solutions text-black\" >Case studies<\/h1>\n        <div class=\"h5 lg:max-w-2xl\">\n      Derri\u00e8re les coulisses: la fa\u00e7on dont nos clients ont r\u00e9solu leur d\u00e9fi technique avec nos \u00e9quipes d&rsquo;ing\u00e9nieurs pourra vous inspirer dans votre propre processus de conception d&rsquo;application.\n    <\/div>\n      <\/div>\n<\/section>\n<section class=\"container\">\n  <div class=\"block lg:grid grid-cols-12 p-4 lg:p-8 shadow-base border-1 rounded-card gap-x-8 gap-y-4\">\n      <div id=\"mobile-filters\" class=\"lg:hidden col-span-12\">\n        <div class=\"flex items-center justify-between\">\n          <span class=\"text-base\">Filters<\/span>\n          <span class=\"text-md\">+<\/span>\n        <\/div>\n      <\/div>\n      <div id=\"search-filters\" class=\"col-span-12 hidden lg:grid lg:grid-cols-12 gap-x-8\">\n        \n                  <div class=\"col-span-3\">\n                          <div>\n                <label>\n                  <span class=\"col-span-9 font-semibold lg:text-base\">Solution<\/span>\n                  <select style=\"width: 100%; margin-top: 7px; height: 21px\" name=\"solution-select-multiple\" multiple=\"multiple\" id=\"solution-select-multiple\" data-placeholder=\"Select a solution\"\n                                                    data-type=\"case-studies\"\n                                                    data-post-type=\"solutions\">\n                    \n                                          <option  value=\"35446\">test<\/option>\n                      \n                                                                <option  value=\"35424\">Tailored solutions<\/option>\n                      \n                                                                <option  value=\"35423\">Electronics<\/option>\n                      \n                                                                <option  value=\"35422\">Cable assembly<\/option>\n                      \n                                                                <option  value=\"35421\">Fischer FiberOptic Series<\/option>\n                      \n                                                                <option  value=\"35416\">Connectors<\/option>\n                      \n                                                                        <option  value=\"35417\">\u2014 Fischer Core Series<\/option>\n                                                  <option  value=\"35419\">\u2014 Fischer Freedom\u2122 Series<\/option>\n                                                  <option  value=\"35742\">\u2014 Fischer Freedom\u2122 Series<\/option>\n                                                  <option  value=\"35420\">\u2014 Fischer MiniMax\u2122 Series<\/option>\n                                                  <option  value=\"35418\">\u2014 Fischer UltiMate\u2122 Series<\/option>\n                                                                                        <option  value=\"28542\">Connecteurs<\/option>\n                      \n                                                                        <option  value=\"28546\">\u2014 Fischer Core Series<\/option>\n                                                  <option  value=\"28557\">\u2014 Fischer UltiMate\u2122 Series<\/option>\n                                                  <option  value=\"28564\">\u2014 Fischer Freedom\u2122 Series<\/option>\n                                                  <option  value=\"28571\">\u2014 Fischer MiniMax\u2122 Series<\/option>\n                                                  <option  value=\"28574\">\u2014 Fischer FiberOptic Series<\/option>\n                                                                                        <option  value=\"28578\">Assemblage de c\u00e2bles<\/option>\n                      \n                                                                <option  value=\"28589\">\u00c9lectronique<\/option>\n                      \n                                                                <option  value=\"28596\">Solutions sur mesure<\/option>\n                      \n                                                            <\/select>\n                <\/label>\n              <\/div>\n                      <\/div>\n        \n                  <div class=\"col-span-3\">\n                          <div>\n                <label>\n                  <span class=\"col-span-9 font-semibold lg:text-base\">Industry<\/span>\n                  <select style=\"width: 100%\" name=\"industry-select-multiple\" id=\"industry-select-multiple\" data-placeholder=\"Select industries\"\n                                                    data-type=\"case-studies\"\n                                                    multiple=\"multiple\"\n                          data-post-type=\"industries\">\n                    <option><\/option>\n                                          <option  value=\"30575\">D\u00e9fense &#038; s\u00e9curit\u00e9<\/option>\n                                          <option  value=\"28181\">M\u00e9dical<\/option>\n                                          <option  value=\"30425\">Test et mesure<\/option>\n                                          <option  value=\"30415\">Marins et sous-marins<\/option>\n                                          <option  value=\"30427\">Automatisation industrielle<\/option>\n                                          <option  value=\"30423\">Nucl\u00e9aire<\/option>\n                                          <option  value=\"30417\">P\u00e9trole et gaz<\/option>\n                                          <option  value=\"30419\">Sport automobile<\/option>\n                                          <option  value=\"30421\">V\u00e9hicules a\u00e9riens sans pilote<\/option>\n                                        <option value=\"others\">Others<\/option>\n                  <\/select>\n                <\/label>\n              <\/div>\n                      <\/div>\n        \n        \n        \n        \n        <div class=\"col-span-4\">\n          <label for=\"search-post\" class=\"font-semibold lg:text-base\">\nLooking for a specific                          case study                      <\/label>\n          <div>\n            <div class=\"input relative inline-block w-full mt-2\">\n              <input  style=\"height: auto; min-height: 35px; font-size: 12px\" class=\"border rounded-xs py-2 px-4 w-full\" type=\"text\" name=\"search-post\" id=\"search-post\" placeholder=\"Search\" data-post-type=\"case-studies\" \/>\n              <span class=\"absolute search-icon_search_black flex\"><\/span>\n            <\/div>\n          <\/div>\n        <\/div>\n\n        <div class=\"col-span-12 lg:col-start-11 lg:col-end-13 text-left my-4\">\n          <div class=\"font-semibold lg:text-base mb-2 opacity-0 cursor-default\">Search<\/div>\n          <button style=\"height: auto; min-height: 35px\" class=\"w-full search-btn px-3 bg-red-500 font-semibold text-white rounded-xs lg:text-base\">Search<\/button>\n        <\/div>\n      <\/div>\n        <div id=\"ajax-filter\" class=\"col-span-2 hidden\"><a class=\"text-red-500 underline\" href=\"https:\/\/fischer.e-novision.ch\/fr\/news\/etudes-de-cas\/\">Reset filters<\/a><\/div>\n  <\/div>\n\n  <div id=\"posts\">\n          <div class=\"grid grid-cols-1 md:grid-cols-2 lg:grid-cols-3 gap-8 mt-20\">\n                 <div class=\"result-card rounded-card border-1 shadow-base w-full bg-white relative\">\n                    <a class=\"h-full w-full inline-block\" href=\"https:\/\/fischer.e-novision.ch\/fr\/case-studies\/smooth-sailing-under-the-most-extreme-conditions-american-magic\/\">\n                          <div class=\"h-full w-full flex flex-col\">\n                            <div class=\"relative overflow-hidden w-full h-0\" style=\"padding-bottom: 51%;\">\n                                      <div class=\"absolute background-image top-0 left-0 rounded-t-card w-full h-full\" style=\"background-image: url(https:\/\/fischer.e-novision.ch\/app\/uploads\/2021\/11\/american_magic-2-1-1400x538-1.jpg);background-position: center center;background-size: cover\">\n                    <\/div>\n                                  <\/div>\n                        <div class=\"flex-grow p-4 lg:p-8 card-news-content flex flex-col justify-between\">\n              <div>\n                                                                  <h2 class=\"h5 font-semibold mb-0 line-clamp-3\">Une navigation en douceur dans les conditions les plus extr\u00eames : American Magic<\/h2>\n              <\/div>\n                          <\/div>\n                          <\/div>\n                      <\/a>\n                    <\/div>\n                 <div class=\"result-card rounded-card border-1 shadow-base w-full bg-white relative\">\n                    <a class=\"h-full w-full inline-block\" href=\"https:\/\/fischer.e-novision.ch\/fr\/case-studies\/to-the-edge-of-space-with-solar-energy-solarstratos\/\">\n                          <div class=\"h-full w-full flex flex-col\">\n                            <div class=\"relative overflow-hidden w-full h-0\" style=\"padding-bottom: 51%;\">\n                                      <div class=\"absolute background-image top-0 left-0 rounded-t-card w-full h-full\" style=\"background-image: url(https:\/\/fischer.e-novision.ch\/app\/uploads\/2021\/11\/solar_stratos-1400x538-1.jpg);background-position: center center;background-size: cover\">\n                    <\/div>\n                                  <\/div>\n                        <div class=\"flex-grow p-4 lg:p-8 card-news-content flex flex-col justify-between\">\n              <div>\n                                                                  <h2 class=\"h5 font-semibold mb-0 line-clamp-3\">Aux confins de l&rsquo;espace avec l&rsquo;\u00e9nergie solaire : SolarStratos<\/h2>\n              <\/div>\n                          <\/div>\n                          <\/div>\n                      <\/a>\n                    <\/div>\n                 <div class=\"result-card rounded-card border-1 shadow-base w-full bg-white relative\">\n                    <a class=\"h-full w-full inline-block\" href=\"https:\/\/fischer.e-novision.ch\/fr\/case-studies\/one-of-the-lightest-and-most-compact-exoskeletons-in-the-world-twiice\/\">\n                          <div class=\"h-full w-full flex flex-col\">\n                            <div class=\"relative overflow-hidden w-full h-0\" style=\"padding-bottom: 51%;\">\n                                      <div class=\"absolute background-image top-0 left-0 rounded-t-card w-full h-full\" style=\"background-image: url(https:\/\/fischer.e-novision.ch\/app\/uploads\/2021\/11\/twiice-1400x538-1.jpg);background-position: center center;background-size: cover\">\n                    <\/div>\n                                  <\/div>\n                        <div class=\"flex-grow p-4 lg:p-8 card-news-content flex flex-col justify-between\">\n              <div>\n                                                                  <h2 class=\"h5 font-semibold mb-0 line-clamp-3\">L&rsquo;un des exosquelettes les plus l\u00e9gers et les plus compacts au monde : TWIICE<\/h2>\n              <\/div>\n                          <\/div>\n                          <\/div>\n                      <\/a>\n                    <\/div>\n                 <div class=\"result-card rounded-card border-1 shadow-base w-full bg-white relative\">\n                    <a class=\"h-full w-full inline-block\" href=\"https:\/\/fischer.e-novision.ch\/fr\/case-studies\/une-transmission-fluide-des-donnees-meme-en-cas-de-vibrations\/\">\n                          <div class=\"h-full w-full flex flex-col\">\n                            <div class=\"relative overflow-hidden w-full h-0\" style=\"padding-bottom: 51%;\">\n                                      <div class=\"absolute background-image top-0 left-0 rounded-t-card w-full h-full\" style=\"background-image: url(https:\/\/fischer.e-novision.ch\/app\/uploads\/2021\/03\/data_vibration-2-1400x538.jpg);background-position: center center;background-size: cover\">\n                    <\/div>\n                                  <\/div>\n                        <div class=\"flex-grow p-4 lg:p-8 card-news-content flex flex-col justify-between\">\n              <div>\n                                                                  <h2 class=\"h5 font-semibold mb-0 line-clamp-3\">Une transmission fluide des donn\u00e9es m\u00eame en cas de vibrations<\/h2>\n              <\/div>\n                          <\/div>\n                          <\/div>\n                      <\/a>\n                    <\/div>\n                 <div class=\"result-card rounded-card border-1 shadow-base w-full bg-white relative\">\n                    <a class=\"h-full w-full inline-block\" href=\"https:\/\/fischer.e-novision.ch\/fr\/case-studies\/prochain-arret-la-maintenance-predictive\/\">\n                          <div class=\"h-full w-full flex flex-col\">\n                            <div class=\"relative overflow-hidden w-full h-0\" style=\"padding-bottom: 51%;\">\n                                      <div class=\"absolute background-image top-0 left-0 rounded-t-card w-full h-full\" style=\"background-image: url(https:\/\/fischer.e-novision.ch\/app\/uploads\/2021\/01\/predictive_maintenance-1-1400x538.jpg);background-position: center center;background-size: cover\">\n                    <\/div>\n                                  <\/div>\n                        <div class=\"flex-grow p-4 lg:p-8 card-news-content flex flex-col justify-between\">\n              <div>\n                                                                  <h2 class=\"h5 font-semibold mb-0 line-clamp-3\">Prochain arr\u00eat: la maintenance pr\u00e9dictive<\/h2>\n              <\/div>\n                          <\/div>\n                          <\/div>\n                      <\/a>\n                    <\/div>\n                 <div class=\"result-card rounded-card border-1 shadow-base w-full bg-white relative\">\n                    <a class=\"h-full w-full inline-block\" href=\"https:\/\/fischer.e-novision.ch\/fr\/case-studies\/connectivite-robuste-pour-chaussures-intelligentes\/\">\n                          <div class=\"h-full w-full flex flex-col\">\n                            <div class=\"relative overflow-hidden w-full h-0\" style=\"padding-bottom: 51%;\">\n                                      <div class=\"absolute background-image top-0 left-0 rounded-t-card w-full h-full\" style=\"background-image: url(https:\/\/fischer.e-novision.ch\/app\/uploads\/2020\/11\/robust_connectivity-1400x538.jpg);background-position: center center;background-size: cover\">\n                    <\/div>\n                                  <\/div>\n                        <div class=\"flex-grow p-4 lg:p-8 card-news-content flex flex-col justify-between\">\n              <div>\n                                                                  <h2 class=\"h5 font-semibold mb-0 line-clamp-3\">Connectivit\u00e9 robuste pour chaussures intelligentes<\/h2>\n              <\/div>\n                          <\/div>\n                          <\/div>\n                      <\/a>\n                    <\/div>\n                 <div class=\"result-card rounded-card border-1 shadow-base w-full bg-white relative\">\n                    <a class=\"h-full w-full inline-block\" href=\"https:\/\/fischer.e-novision.ch\/fr\/case-studies\/facile-a-manipuler-nettoyer-durable-peu-encombrante-la-connectivite-ideale-pour-le-systeme-dassistance-cardio-pulmonaire-cardiohelp-de-getinge\/\">\n                          <div class=\"h-full w-full flex flex-col\">\n                            <div class=\"relative overflow-hidden w-full h-0\" style=\"padding-bottom: 51%;\">\n                                      <div class=\"absolute background-image top-0 left-0 rounded-t-card w-full h-full\" style=\"background-image: url(https:\/\/fischer.e-novision.ch\/app\/uploads\/2020\/08\/easy_cleaning_connectivity-1400x538.jpg);background-position: center center;background-size: cover\">\n                    <\/div>\n                                  <\/div>\n                        <div class=\"flex-grow p-4 lg:p-8 card-news-content flex flex-col justify-between\">\n              <div>\n                                                                  <h2 class=\"h5 font-semibold mb-0 line-clamp-3\">Facile \u00e0 manipuler &#038; nettoyer, durable, peu encombrante: la connectivit\u00e9 id\u00e9ale pour le syst\u00e8me d\u2019assistance cardio-pulmonaire Cardiohelp de Getinge<\/h2>\n              <\/div>\n                          <\/div>\n                          <\/div>\n                      <\/a>\n                    <\/div>\n                 <div class=\"result-card rounded-card border-1 shadow-base w-full bg-white relative\">\n                    <a class=\"h-full w-full inline-block\" href=\"https:\/\/fischer.e-novision.ch\/fr\/case-studies\/drone-sous-marin-fusion-de-srs-plongee-a-300-metres-avec-le-connecteur-etanche-ip68-fischer-fiberoptic\/\">\n                          <div class=\"h-full w-full flex flex-col\">\n                            <div class=\"relative overflow-hidden w-full h-0\" style=\"padding-bottom: 51%;\">\n                                      <div class=\"absolute background-image top-0 left-0 rounded-t-card w-full h-full\" style=\"background-image: url(https:\/\/fischer.e-novision.ch\/app\/uploads\/2020\/06\/uuv_fiberoptic-1400x538.jpg);background-position: center center;background-size: cover\">\n                    <\/div>\n                                  <\/div>\n                        <div class=\"flex-grow p-4 lg:p-8 card-news-content flex flex-col justify-between\">\n              <div>\n                                                                  <h2 class=\"h5 font-semibold mb-0 line-clamp-3\">Drone sous-marin FUSION de SRS: plong\u00e9e \u00e0 300 m\u00e8tres avec le connecteur \u00e9tanche IP68 Fischer FiberOptic<\/h2>\n              <\/div>\n                          <\/div>\n                          <\/div>\n                      <\/a>\n                    <\/div>\n                 <div class=\"result-card rounded-card border-1 shadow-base w-full bg-white relative\">\n                    <a class=\"h-full w-full inline-block\" href=\"https:\/\/fischer.e-novision.ch\/fr\/case-studies\/piletest-tire-avantage-de-la-solution-de-connectivite-fischer-freedom-qui-allie-robustesse-bas-profil-et-facilite-denfichage\/\">\n                          <div class=\"h-full w-full flex flex-col\">\n                            <div class=\"relative overflow-hidden w-full h-0\" style=\"padding-bottom: 51%;\">\n                                      <div class=\"absolute background-image top-0 left-0 rounded-t-card w-full h-full\" style=\"background-image: url(https:\/\/fischer.e-novision.ch\/app\/uploads\/2019\/08\/low_profile_rugged-1400x538.jpg);background-position: center center;background-size: cover\">\n                    <\/div>\n                                  <\/div>\n                        <div class=\"flex-grow p-4 lg:p-8 card-news-content flex flex-col justify-between\">\n              <div>\n                                                                  <h2 class=\"h5 font-semibold mb-0 line-clamp-3\">Piletest tire avantage de la solution de connectivit\u00e9 Fischer Freedom qui allie robustesse, bas profil et facilit\u00e9 d\u2019enfichage<\/h2>\n              <\/div>\n                          <\/div>\n                          <\/div>\n                      <\/a>\n                    <\/div>\n              <\/div>\n      <div class=\"flex mt-20 flex-col items-center items-center\">\n        <!--<div >\n          <button style=\"height: auto; min-height: 35px\" id=\"load-more\" class=\"w-full px-3 bg-red-500 font-semibold text-white rounded-xs lg:text-base\">Load more<\/button>\n        <\/div> -->\n      <\/div>\n      <\/div>\n<\/section>\n\n\n<section class=\"red-banner-section lg:py-4 pt-10 pb-12 lg:py-20 bg-bgred \">\n  <div class=\"container lg:flex lg:flex-row justify-between\">\n      <div class=\"w-full lg:w-1\/2\">\n        <p class=\"text-white text-base lg:text-mdlg red-banner-p\">Explorez les diff\u00e9rentes options propos\u00e9es par nos solutions de connectivit\u00e9 hautes performances.<\/p>\n      <\/div>\n    <div class=\"flex flex-col justify-center w-full lg:w-1\/2 lg:items-end\">\n            <div class=\"red-banner-link-size\">\n                  <a  href=\"https:\/\/fischer.e-novision.ch\/solutions\/\" target=\"_self\" class=\"cta__arrow--fullred \"><span class=\"font-semibold\" >En savoir plus<\/span><\/a>\n\n              <\/div>\n          <\/div>\n  <\/div>\n<\/section>\n\n","protected":false},"excerpt":{"rendered":"","protected":false},"author":1,"featured_media":0,"parent":31483,"menu_order":28,"comment_status":"closed","ping_status":"closed","template":"","meta":{"_acf_changed":false,"footnotes":""},"class_list":["post-31492","page","type-page","status-publish","hentry"],"acf":false,"_links":{"self":[{"href":"https:\/\/fischer.e-novision.ch\/fr\/wp-json\/wp\/v2\/pages\/31492"}],"collection":[{"href":"https:\/\/fischer.e-novision.ch\/fr\/wp-json\/wp\/v2\/pages"}],"about":[{"href":"https:\/\/fischer.e-novision.ch\/fr\/wp-json\/wp\/v2\/types\/page"}],"author":[{"embeddable":true,"href":"https:\/\/fischer.e-novision.ch\/fr\/wp-json\/wp\/v2\/users\/1"}],"replies":[{"embeddable":true,"href":"https:\/\/fischer.e-novision.ch\/fr\/wp-json\/wp\/v2\/comments?post=31492"}],"version-history":[{"count":4,"href":"https:\/\/fischer.e-novision.ch\/fr\/wp-json\/wp\/v2\/pages\/31492\/revisions"}],"predecessor-version":[{"id":31779,"href":"https:\/\/fischer.e-novision.ch\/fr\/wp-json\/wp\/v2\/pages\/31492\/revisions\/31779"}],"up":[{"embeddable":true,"href":"https:\/\/fischer.e-novision.ch\/fr\/wp-json\/wp\/v2\/pages\/31483"}],"wp:attachment":[{"href":"https:\/\/fischer.e-novision.ch\/fr\/wp-json\/wp\/v2\/media?parent=31492"}],"curies":[{"name":"wp","href":"https:\/\/api.w.org\/{rel}","templated":true}]}}