{"id":31489,"date":"2022-04-25T06:20:54","date_gmt":"2022-04-25T06:20:54","guid":{"rendered":"https:\/\/fischer.e-novision.ch\/events\/"},"modified":"2022-06-15T08:01:40","modified_gmt":"2022-06-15T08:01:40","slug":"evenements","status":"publish","type":"page","link":"https:\/\/fischer.e-novision.ch\/fr\/news\/evenements\/","title":{"rendered":"\u00c9v\u00e9nements"},"content":{"rendered":"<section class=\"bg-bggrey md:mt-0 pb-0 pt-34 md:pt-36 lg:pt-0 \">\n  <div class=\"container page-header-div \">\n    <div class=\"flex justify-between mb-8\">\n      <div class=\"single-solution-back-button text-black border-black\"><a style=color:black;border-color:black href=\"https:\/\/fischer.e-novision.ch\/fr\/news\/\" target=\"_self\" class=\"cta__arrow--back \"><span class=\"font-semibold\" >Back<\/span><\/a>\n\n<\/div>\n      <span class=\"hidden lg:block text-baseResponsive self-start header-search-and-filter-breadcrumb\"><a href=\"https:\/\/fischer.e-novision.ch\/fr\/\" class=\"text-one\" rel=\"nofollow\">Home<\/a><\/span>\n    <\/div>\n    <h1 class=\"h2 page-title-solutions text-black\" >Events<\/h1>\n        <div class=\"h5 lg:max-w-2xl\">\n      Rien de mieux que les expositions et salons professionnels en pr\u00e9sentiel pour discuter de votre probl\u00e9matique avec nos experts, et assister en direct aux d\u00e9mos interactives de nos nouvelles solutions. Nous sommes pr\u00e9sents sur les principaux salons professionnels dans le monde entier, tout au long de l&rsquo;ann\u00e9e.\n    <\/div>\n      <\/div>\n<\/section>\n<section class=\"container\">\n  <div class=\"block lg:grid grid-cols-12 p-4 lg:p-8 shadow-base border-1 rounded-card gap-x-8 gap-y-4\">\n      <div id=\"mobile-filters\" class=\"lg:hidden col-span-12\">\n        <div class=\"flex items-center justify-between\">\n          <span class=\"text-base\">Filters<\/span>\n          <span class=\"text-md\">+<\/span>\n        <\/div>\n      <\/div>\n      <div id=\"search-filters\" class=\"col-span-12 hidden lg:grid lg:grid-cols-12 gap-x-8\">\n        \n        \n                  <div class=\"col-span-2\">\n                          <div>\n                <label>\n                  <span class=\"col-span-9 font-semibold lg:text-base\">Industry<\/span>\n                  <select style=\"width: 100%\" name=\"industry-select-multiple\" id=\"industry-select-multiple\" data-placeholder=\"Select industries\"\n                                                    data-type=\"events\"\n                                                    multiple=\"multiple\"\n                          data-post-type=\"industries\">\n                    <option><\/option>\n                                          <option  value=\"30575\">D\u00e9fense &#038; s\u00e9curit\u00e9<\/option>\n                                          <option  value=\"28181\">M\u00e9dical<\/option>\n                                          <option  value=\"30425\">Test et mesure<\/option>\n                                          <option  value=\"30415\">Marins et sous-marins<\/option>\n                                          <option  value=\"30427\">Automatisation industrielle<\/option>\n                                          <option  value=\"30423\">Nucl\u00e9aire<\/option>\n                                          <option  value=\"30417\">P\u00e9trole et gaz<\/option>\n                                          <option  value=\"30419\">Sport automobile<\/option>\n                                          <option  value=\"30421\">V\u00e9hicules a\u00e9riens sans pilote<\/option>\n                                        <option value=\"others\">Others<\/option>\n                  <\/select>\n                <\/label>\n              <\/div>\n                      <\/div>\n        \n        \n        \n                  <div class=\"col-span-2\">\n                          <div>\n                <label>\n                  <span class=\"col-span-9 font-semibold lg:text-base\">Country<\/span>\n                  <select style=\"width: 100%\" class=\"w-full\" name=\"country-select-multiple\" id=\"country-select-multiple\" data-placeholder=\"Select countries\"\n                                                      data-events=\"true\"\n                                                    data-type=\"country\" multiple=\"multiple\">\n                    <option><\/option>\n                                          <option  value=\"gb\"\n                                                              data-events=\"true\"\n                                                            data-type=\"country\">Royaume-Uni<\/option>\n                                          <option  value=\"de\"\n                                                              data-events=\"true\"\n                                                            data-type=\"country\">Allemagne<\/option>\n                                      <\/select>\n                <\/label>\n              <\/div>\n                      <\/div>\n\n          <div class=\"col-span-2\">\n            <div class=\"col-span-9 font-semibold lg:text-base\">Type of event<\/div>\n            \n            <div class=\"flex items-start gap-x-8 py-2\">\n              <label class=\"flex flex-row-reverse items-center\">\n                <span>Virtual<\/span>\n                <input id=\"online-event\" class=\"mr-2\" type=\"radio\" name=\"event-type\" value=\"online\"  data-type=\"events\"   >\n              <\/label>\n              <label class=\"flex flex-row-reverse items-center\">\n                <span>In-person<\/span>\n                <input id=\"offline-event\" class=\"mr-2\" type=\"radio\" name=\"event-type\" value=\"offline\"  data-type=\"events\"    checked >\n              <\/label>\n            <\/div>\n          <\/div>\n        \n        <div class=\"col-span-4\">\n          <label for=\"search-post\" class=\"font-semibold lg:text-base\">\nLooking for a specific                          event                      <\/label>\n          <div>\n            <div class=\"input relative inline-block w-full mt-2\">\n              <input  style=\"height: auto; min-height: 35px; font-size: 12px\" class=\"border rounded-xs py-2 px-4 w-full\" type=\"text\" name=\"search-post\" id=\"search-post\" placeholder=\"Search\" data-post-type=\"events\" \/>\n              <span class=\"absolute search-icon_search_black flex\"><\/span>\n            <\/div>\n          <\/div>\n        <\/div>\n\n        <div class=\"col-span-12 lg:col-start-11 lg:col-end-13 text-left my-4\">\n          <div class=\"font-semibold lg:text-base mb-2 opacity-0 cursor-default\">Search<\/div>\n          <button style=\"height: auto; min-height: 35px\" class=\"w-full search-btn px-3 bg-red-500 font-semibold text-white rounded-xs lg:text-base\">Search<\/button>\n        <\/div>\n      <\/div>\n        <div id=\"ajax-filter\" class=\"col-span-2 hidden\"><a class=\"text-red-500 underline\" href=\"https:\/\/fischer.e-novision.ch\/fr\/news\/evenements\/\">Reset filters<\/a><\/div>\n  <\/div>\n\n  <div id=\"posts\">\n          <div class=\"grid grid-cols-1 md:grid-cols-2 lg:grid-cols-3 gap-8 mt-20\">\n                 <div class=\"result-card rounded-card border-1 shadow-base w-full bg-white relative\">\n                        <div class=\"h-full w-full flex flex-col\">\n                            <div class=\"relative overflow-hidden w-full h-0\" style=\"padding-bottom: 51%;\">\n                                      <div class=\"absolute background-image top-0 left-0 rounded-t-card w-full h-full\" style=\"background-image: url(https:\/\/fischer.e-novision.ch\/app\/uploads\/2022\/06\/NDA-2022-Fischer-Connectors-W8.jpg);background-position: center center;background-size: cover\">\n                    <\/div>\n                                  <\/div>\n                        <div class=\"flex-grow p-4 lg:p-8 card-news-content flex flex-col justify-between\">\n              <div>\n                                                                              <span class=\"inline-block mb-4\">\n                      <span class=\"p-1 px-2 mr-2 bg-red-500 text-red-500 bg-opacity-25 rounded-xs font-semibold\">\n  Royaume-Uni, The International Centre, Telford\n<\/span>\n                          <\/span>\n                  <div class=\"mb-4\">\n                    <span>21 July 2026<\/span>\n                  <\/div>\n                                                                      <h2 class=\"h5 font-semibold mb-0 line-clamp-3\">NDA Group Supply Chain Event 2022<\/h2>\n              <\/div>\n                              <div class=\"flex-grow flex flex-col justify-between\">\n                                  <div class=\"pt-2 lg:pt-4\">\n                    <p style=\"padding-bottom: 1em;\"><span style=\"color: #da291c;\"><strong>Stand: W8<\/strong><\/span><\/p>\n<p style=\"text-align: justify;\">The biggest networking event in Europe for nuclear decommissioning.<\/p>\n<p style=\"text-align: right;\">\u00a0<\/p>\n\n                  <\/div>\n                                                  <div class=\"pt-2 lg:pt-4\">\n                    <a  href=\"https:\/\/web-eur.cvent.com\/event\/f318dc25-a432-4a47-bd01-f75c2b84d40c\/summary?RefId=Landing%20page\" target=\"_blank\" class=\"cta__arrow--red-no-arrow \"><span class=\"font-semibold\" >Event website<\/span><\/a>\n\n                  <\/div>\n                                <\/div>\n                          <\/div>\n                          <\/div>\n                    <\/div>\n              <\/div>\n      <div class=\"flex mt-20 flex-col items-center items-center\">\n        <!--<div >\n          <button style=\"height: auto; min-height: 35px\" id=\"load-more\" class=\"w-full px-3 bg-red-500 font-semibold text-white rounded-xs lg:text-base\">Load more<\/button>\n        <\/div> -->\n      <\/div>\n      <\/div>\n<\/section>\n\n\n<section class=\"red-banner-section lg:py-4 pt-10 pb-12 lg:py-20 bg-bgred \">\n  <div class=\"container lg:flex lg:flex-row justify-between\">\n      <div class=\"w-full lg:w-1\/2\">\n        <p class=\"text-white text-base lg:text-mdlg red-banner-p\">Nous exposons sur les principaux salons professionnels associ\u00e9s aux march\u00e9s et industries n\u00e9cessitant une connectivit\u00e9 de haute performance.<\/p>\n      <\/div>\n    <div class=\"flex flex-col justify-center w-full lg:w-1\/2 lg:items-end\">\n            <div class=\"red-banner-link-size\">\n                  <a  href=\"https:\/\/fischer.e-novision.ch\/en\/industries\/\" target=\"_self\" class=\"cta__arrow--fullred \"><span class=\"font-semibold\" >Industries<\/span><\/a>\n\n              <\/div>\n          <\/div>\n  <\/div>\n<\/section>\n\n\n\n\n<p><\/p>\n","protected":false},"excerpt":{"rendered":"","protected":false},"author":1,"featured_media":0,"parent":31483,"menu_order":26,"comment_status":"closed","ping_status":"closed","template":"","meta":{"_acf_changed":false,"footnotes":""},"class_list":["post-31489","page","type-page","status-publish","hentry"],"acf":false,"_links":{"self":[{"href":"https:\/\/fischer.e-novision.ch\/fr\/wp-json\/wp\/v2\/pages\/31489"}],"collection":[{"href":"https:\/\/fischer.e-novision.ch\/fr\/wp-json\/wp\/v2\/pages"}],"about":[{"href":"https:\/\/fischer.e-novision.ch\/fr\/wp-json\/wp\/v2\/types\/page"}],"author":[{"embeddable":true,"href":"https:\/\/fischer.e-novision.ch\/fr\/wp-json\/wp\/v2\/users\/1"}],"replies":[{"embeddable":true,"href":"https:\/\/fischer.e-novision.ch\/fr\/wp-json\/wp\/v2\/comments?post=31489"}],"version-history":[{"count":5,"href":"https:\/\/fischer.e-novision.ch\/fr\/wp-json\/wp\/v2\/pages\/31489\/revisions"}],"predecessor-version":[{"id":31769,"href":"https:\/\/fischer.e-novision.ch\/fr\/wp-json\/wp\/v2\/pages\/31489\/revisions\/31769"}],"up":[{"embeddable":true,"href":"https:\/\/fischer.e-novision.ch\/fr\/wp-json\/wp\/v2\/pages\/31483"}],"wp:attachment":[{"href":"https:\/\/fischer.e-novision.ch\/fr\/wp-json\/wp\/v2\/media?parent=31489"}],"curies":[{"name":"wp","href":"https:\/\/api.w.org\/{rel}","templated":true}]}}