{"id":31487,"date":"2022-04-25T06:20:45","date_gmt":"2022-04-25T06:20:45","guid":{"rendered":"https:\/\/fischer.e-novision.ch\/news-blog\/"},"modified":"2022-06-15T08:00:42","modified_gmt":"2022-06-15T08:00:42","slug":"news-blog","status":"publish","type":"page","link":"https:\/\/fischer.e-novision.ch\/fr\/news\/news-blog\/","title":{"rendered":"News &#038; blog"},"content":{"rendered":"<section class=\"bg-bggrey md:mt-0 pb-0 pt-34 md:pt-36 lg:pt-0 \">\n  <div class=\"container page-header-div \">\n    <div class=\"flex justify-between mb-8\">\n      <div class=\"single-solution-back-button text-black border-black\"><a style=color:black;border-color:black href=\"https:\/\/fischer.e-novision.ch\/fr\/news\/\" target=\"_self\" class=\"cta__arrow--back \"><span class=\"font-semibold\" >Back<\/span><\/a>\n\n<\/div>\n      <span class=\"hidden lg:block text-baseResponsive self-start header-search-and-filter-breadcrumb\"><a href=\"https:\/\/fischer.e-novision.ch\/fr\/\" class=\"text-one\" rel=\"nofollow\">Home<\/a><\/span>\n    <\/div>\n    <h1 class=\"h2 page-title-solutions text-black\" >News &#038; blog<\/h1>\n        <div class=\"h5 lg:max-w-2xl\">\n      Toutes les actualit\u00e9s qui int\u00e9ressent nos clients et partenaires: points forts, analyses, articles techniques, livres blancs, t\u00e9moignages, coupures de presse, etc.\n    <\/div>\n      <\/div>\n<\/section>\n<section class=\"container\">\n  <div class=\"block lg:grid grid-cols-12 p-4 lg:p-8 shadow-base border-1 rounded-card gap-x-8 gap-y-4\">\n      <div id=\"mobile-filters\" class=\"lg:hidden col-span-12\">\n        <div class=\"flex items-center justify-between\">\n          <span class=\"text-base\">Filters<\/span>\n          <span class=\"text-md\">+<\/span>\n        <\/div>\n      <\/div>\n      <div id=\"search-filters\" class=\"col-span-12 hidden lg:grid lg:grid-cols-12 gap-x-8\">\n        \n                        <div class=\"col-span-2\">\n              <div>\n                <label>\n                  <span class=\"col-span-9 font-semibold lg:text-base\">Category<\/span>\n                  <select style=\"width: 100%\" name=\"subcategory-select-multiple\" id=\"subcategory-select-multiple\" multiple=\"multiple\" data-post-type=\"news-and-blog\" data-placeholder=\"Select categories\"\n                                                    data-type=\"news-and-blog\"\n                                                    data-taxonomy=\"true\">\n                    <option><\/option>\n                                          <option  value=\"innovation-fr\" data-post-type=\"news-and-blog\" data-taxonomy=\"news-and-blog-categories\">Innovation<\/option>\n                                          <option  value=\"actualites-de-lentreprise\" data-post-type=\"news-and-blog\" data-taxonomy=\"news-and-blog-categories\">Actualit\u00e9s de l&rsquo;entreprise<\/option>\n                                          <option  value=\"tech-insights-fr\" data-post-type=\"news-and-blog\" data-taxonomy=\"news-and-blog-categories\">Tech Insights<\/option>\n                                          <option  value=\"product-news-fr\" data-post-type=\"news-and-blog\" data-taxonomy=\"news-and-blog-categories\">Product news<\/option>\n                                      <\/select>\n                <\/label>\n              <\/div>\n            <\/div>\n            \n        \n                  <div class=\"col-span-2\">\n                          <div>\n                <label>\n                  <span class=\"col-span-9 font-semibold lg:text-base\">Solution<\/span>\n                  <select style=\"width: 100%; \" name=\"solution-select-multiple\" multiple=\"multiple\" id=\"solution-select-multiple\" data-placeholder=\"Select a solution\"\n                                                    data-type=\"news-and-blog\"\n                                                    data-post-type=\"solutions\">\n                    <option><\/option>\n                                          <option  value=\"35446\">test<\/option>\n                      \n                                                                <option  value=\"35424\">Tailored solutions<\/option>\n                      \n                                                                <option  value=\"35423\">Electronics<\/option>\n                      \n                                                                <option  value=\"35422\">Cable assembly<\/option>\n                      \n                                                                <option  value=\"35421\">Fischer FiberOptic Series<\/option>\n                      \n                                                                <option  value=\"35416\">Connectors<\/option>\n                      \n                                                                        <option  value=\"35417\">\u2014 Fischer Core Series<\/option>\n                                                  <option  value=\"35419\">\u2014 Fischer Freedom\u2122 Series<\/option>\n                                                  <option  value=\"35742\">\u2014 Fischer Freedom\u2122 Series<\/option>\n                                                  <option  value=\"35420\">\u2014 Fischer MiniMax\u2122 Series<\/option>\n                                                  <option  value=\"35418\">\u2014 Fischer UltiMate\u2122 Series<\/option>\n                                                                                        <option  value=\"28542\">Connecteurs<\/option>\n                      \n                                                                        <option  value=\"28546\">\u2014 Fischer Core Series<\/option>\n                                                  <option  value=\"28557\">\u2014 Fischer UltiMate\u2122 Series<\/option>\n                                                  <option  value=\"28564\">\u2014 Fischer Freedom\u2122 Series<\/option>\n                                                  <option  value=\"28571\">\u2014 Fischer MiniMax\u2122 Series<\/option>\n                                                  <option  value=\"28574\">\u2014 Fischer FiberOptic Series<\/option>\n                                                                                        <option  value=\"28578\">Assemblage de c\u00e2bles<\/option>\n                      \n                                                                <option  value=\"28589\">\u00c9lectronique<\/option>\n                      \n                                                                <option  value=\"28596\">Solutions sur mesure<\/option>\n                      \n                                                            <\/select>\n                <\/label>\n              <\/div>\n                      <\/div>\n        \n                  <div class=\"col-span-2\">\n                          <div>\n                <label>\n                  <span class=\"col-span-9 font-semibold lg:text-base\">Industry<\/span>\n                  <select style=\"width: 100%\" name=\"industry-select-multiple\" id=\"industry-select-multiple\" data-placeholder=\"Select industries\"\n                                                    data-type=\"news-and-blog\"\n                                                    multiple=\"multiple\"\n                          data-post-type=\"industries\">\n                    <option><\/option>\n                                          <option  value=\"30575\">D\u00e9fense &#038; s\u00e9curit\u00e9<\/option>\n                                          <option  value=\"28181\">M\u00e9dical<\/option>\n                                          <option  value=\"30425\">Test et mesure<\/option>\n                                          <option  value=\"30415\">Marins et sous-marins<\/option>\n                                          <option  value=\"30427\">Automatisation industrielle<\/option>\n                                          <option  value=\"30423\">Nucl\u00e9aire<\/option>\n                                          <option  value=\"30417\">P\u00e9trole et gaz<\/option>\n                                          <option  value=\"30419\">Sport automobile<\/option>\n                                          <option  value=\"30421\">V\u00e9hicules a\u00e9riens sans pilote<\/option>\n                                        <option value=\"others\">Others<\/option>\n                  <\/select>\n                <\/label>\n              <\/div>\n                      <\/div>\n        \n        \n        \n        \n        <div class=\"col-span-4\">\n          <label for=\"search-post\" class=\"font-semibold lg:text-base\">\nLooking for a specific                          news item                      <\/label>\n          <div>\n            <div class=\"input relative inline-block w-full mt-2\">\n              <input  style=\"height: auto; min-height: 35px; font-size: 12px\" class=\"border rounded-xs py-2 px-4 w-full\" type=\"text\" name=\"search-post\" id=\"search-post\" placeholder=\"Search\" data-post-type=\"news-and-blog\" \/>\n              <span class=\"absolute search-icon_search_black flex\"><\/span>\n            <\/div>\n          <\/div>\n        <\/div>\n\n        <div class=\"col-span-12 lg:col-start-11 lg:col-end-13 text-left my-4\">\n          <div class=\"font-semibold lg:text-base mb-2 opacity-0 cursor-default\">Search<\/div>\n          <button style=\"height: auto; min-height: 35px\" class=\"w-full search-btn px-3 bg-red-500 font-semibold text-white rounded-xs lg:text-base\">Search<\/button>\n        <\/div>\n      <\/div>\n        <div id=\"ajax-filter\" class=\"col-span-2 hidden\"><a class=\"text-red-500 underline\" href=\"https:\/\/fischer.e-novision.ch\/fr\/news\/news-blog\/\">Reset filters<\/a><\/div>\n  <\/div>\n\n  <div id=\"posts\">\n          <div class=\"grid grid-cols-1 md:grid-cols-2 lg:grid-cols-3 gap-8 mt-20\">\n                 <div class=\"result-card rounded-card border-1 shadow-base w-full bg-white relative\">\n                    <a class=\"h-full w-full inline-block\" href=\"https:\/\/fischer.e-novision.ch\/fr\/news-blog\/des-connecteurs-a-la-connectivite-la-famille-fischer-cree-le-groupe-technologique-conextivity\/\">\n                          <div class=\"h-full w-full flex flex-col\">\n                            <div class=\"relative overflow-hidden w-full h-0\" style=\"padding-bottom: 51%;\">\n                                      <div class=\"absolute background-image top-0 left-0 rounded-t-card w-full h-full\" style=\"background-image: url(https:\/\/fischer.e-novision.ch\/app\/uploads\/2022\/05\/conextivity_group.jpg);background-position: center center;background-size: cover\">\n                    <\/div>\n                                  <\/div>\n                        <div class=\"flex-grow p-4 lg:p-8 card-news-content flex flex-col justify-between\">\n              <div>\n                                                                  <h2 class=\"h5 font-semibold mb-0 line-clamp-3\">Des connecteurs \u00e0 la connectivit\u00e9: la famille Fischer cr\u00e9e le groupe technologique Conextivity<\/h2>\n              <\/div>\n                          <\/div>\n                              <div class=\"pb-4 lg:pb-8 px-4 lg:px-8\">\n                                      <span>mai 31, 2022<\/span>\n                                  <\/div>\n                          <\/div>\n                      <\/a>\n                    <\/div>\n                 <div class=\"result-card rounded-card border-1 shadow-base w-full bg-white relative\">\n                    <a class=\"h-full w-full inline-block\" href=\"https:\/\/fischer.e-novision.ch\/fr\/news-blog\/reliability-and-durability-specifics-for-rugged-connectivity-four-types-of-resistance\/\">\n                          <div class=\"h-full w-full flex flex-col\">\n                            <div class=\"relative overflow-hidden w-full h-0\" style=\"padding-bottom: 51%;\">\n                                      <div class=\"absolute background-image top-0 left-0 rounded-t-card w-full h-full\" style=\"background-image: url(https:\/\/fischer.e-novision.ch\/app\/uploads\/2022\/04\/Fischer-Connectors_ruggedness_banner-1400x538.jpg);background-position: center center;background-size: cover\">\n                    <\/div>\n                                  <\/div>\n                        <div class=\"flex-grow p-4 lg:p-8 card-news-content flex flex-col justify-between\">\n              <div>\n                                                                  <h2 class=\"h5 font-semibold mb-0 line-clamp-3\">Reliability and durability specifics for rugged connectivity: four types of resistance<\/h2>\n              <\/div>\n                          <\/div>\n                              <div class=\"pb-4 lg:pb-8 px-4 lg:px-8\">\n                                      <span>avril 19, 2022<\/span>\n                                  <\/div>\n                          <\/div>\n                      <\/a>\n                    <\/div>\n                 <div class=\"result-card rounded-card border-1 shadow-base w-full bg-white relative\">\n                    <a class=\"h-full w-full inline-block\" href=\"https:\/\/fischer.e-novision.ch\/fr\/news-blog\/conference-yellowscan-anounces-the-addition-of-fischer-connectors-as-one-of-its-sponsors-for-lidar-for-drone-2022\/\">\n                          <div class=\"h-full w-full flex flex-col\">\n                            <div class=\"relative overflow-hidden w-full h-0\" style=\"padding-bottom: 51%;\">\n                                      <div class=\"absolute background-image top-0 left-0 rounded-t-card w-full h-full\" style=\"background-image: url(https:\/\/fischer.e-novision.ch\/app\/uploads\/2022\/04\/LiDAR-for-drone-2022_YellowScan_webnews-banner_LARGE-1400x540.jpg);background-position: center center;background-size: cover\">\n                    <\/div>\n                                  <\/div>\n                        <div class=\"flex-grow p-4 lg:p-8 card-news-content flex flex-col justify-between\">\n              <div>\n                                                                  <h2 class=\"h5 font-semibold mb-0 line-clamp-3\">Conference: YellowScan announces the addition of Fischer Connectors as one of its sponsors for LiDAR for Drone 2022<\/h2>\n              <\/div>\n                          <\/div>\n                              <div class=\"pb-4 lg:pb-8 px-4 lg:px-8\">\n                                      <span>avril 12, 2022<\/span>\n                                  <\/div>\n                          <\/div>\n                      <\/a>\n                    <\/div>\n                 <div class=\"result-card rounded-card border-1 shadow-base w-full bg-white relative\">\n                    <a class=\"h-full w-full inline-block\" href=\"https:\/\/fischer.e-novision.ch\/fr\/news-blog\/white-paper-signal-integrity-for-high-speed-data-transmission\/\">\n                          <div class=\"h-full w-full flex flex-col\">\n                            <div class=\"relative overflow-hidden w-full h-0\" style=\"padding-bottom: 51%;\">\n                                      <div class=\"absolute background-image top-0 left-0 rounded-t-card w-full h-full\" style=\"background-image: url(https:\/\/fischer.e-novision.ch\/app\/uploads\/2022\/02\/news_banner_WP_signal_integrity.png);background-position: center center;background-size: cover\">\n                    <\/div>\n                                  <\/div>\n                        <div class=\"flex-grow p-4 lg:p-8 card-news-content flex flex-col justify-between\">\n              <div>\n                                                                  <h2 class=\"h5 font-semibold mb-0 line-clamp-3\">White paper: Signal Integrity for High-Speed Data Transmission, Challenges and Solutions<\/h2>\n              <\/div>\n                          <\/div>\n                              <div class=\"pb-4 lg:pb-8 px-4 lg:px-8\">\n                                      <span>f\u00e9vrier 23, 2022<\/span>\n                                  <\/div>\n                          <\/div>\n                      <\/a>\n                    <\/div>\n                 <div class=\"result-card rounded-card border-1 shadow-base w-full bg-white relative\">\n                    <a class=\"h-full w-full inline-block\" href=\"https:\/\/fischer.e-novision.ch\/fr\/news-blog\/fischer-connectors-soutient-la-transmission-des-donnees-capteurs-pour-le-record-de-vitesse-a-voile-sp80\/\">\n                          <div class=\"h-full w-full flex flex-col\">\n                            <div class=\"relative overflow-hidden w-full h-0\" style=\"padding-bottom: 51%;\">\n                                      <div class=\"absolute background-image top-0 left-0 rounded-t-card w-full h-full\" style=\"background-image: url(https:\/\/fischer.e-novision.ch\/app\/uploads\/2022\/02\/SP80-1400x538.jpg);background-position: center center;background-size: cover\">\n                    <\/div>\n                                  <\/div>\n                        <div class=\"flex-grow p-4 lg:p-8 card-news-content flex flex-col justify-between\">\n              <div>\n                                                                  <h2 class=\"h5 font-semibold mb-0 line-clamp-3\">SP80 vise le record du monde de vitesse \u00e0 la voile en comptant sur la transmission haute performance des donn\u00e9es des capteurs<\/h2>\n              <\/div>\n                          <\/div>\n                              <div class=\"pb-4 lg:pb-8 px-4 lg:px-8\">\n                                      <span>f\u00e9vrier 10, 2022<\/span>\n                                  <\/div>\n                          <\/div>\n                      <\/a>\n                    <\/div>\n                 <div class=\"result-card rounded-card border-1 shadow-base w-full bg-white relative\">\n                    <a class=\"h-full w-full inline-block\" href=\"https:\/\/fischer.e-novision.ch\/fr\/news-blog\/taille-reduite-contacts-plus-nombreux-vitesses-plus-elevees-fischer-minimax-s-agrandit\/\">\n                          <div class=\"h-full w-full flex flex-col\">\n                            <div class=\"relative overflow-hidden w-full h-0\" style=\"padding-bottom: 51%;\">\n                                      <div class=\"absolute background-image top-0 left-0 rounded-t-card w-full h-full\" style=\"background-image: url(https:\/\/fischer.e-novision.ch\/app\/uploads\/2022\/01\/Fischer-MiniMax_3_new_products-1400x538.jpg);background-position: center center;background-size: cover\">\n                    <\/div>\n                                  <\/div>\n                        <div class=\"flex-grow p-4 lg:p-8 card-news-content flex flex-col justify-between\">\n              <div>\n                                                                  <h2 class=\"h5 font-semibold mb-0 line-clamp-3\">Taille r\u00e9duite, contacts plus nombreux et vitesses plus \u00e9lev\u00e9es: la gamme Fischer MiniMax\u2122 s\u2019agrandit<\/h2>\n              <\/div>\n                          <\/div>\n                              <div class=\"pb-4 lg:pb-8 px-4 lg:px-8\">\n                                      <span>janvier 25, 2022<\/span>\n                                  <\/div>\n                          <\/div>\n                      <\/a>\n                    <\/div>\n                 <div class=\"result-card rounded-card border-1 shadow-base w-full bg-white relative\">\n                    <a class=\"h-full w-full inline-block\" href=\"https:\/\/fischer.e-novision.ch\/fr\/news-blog\/design-driven-innovation-focused-on-making-sense-of-things\/\">\n                          <div class=\"h-full w-full flex flex-col\">\n                            <div class=\"relative overflow-hidden w-full h-0\" style=\"padding-bottom: 51%;\">\n                                      <div class=\"absolute background-image top-0 left-0 rounded-t-card w-full h-full\" style=\"background-image: url(https:\/\/fischer.e-novision.ch\/app\/uploads\/2021\/11\/design_driven_innovation_book-1400x538.jpg);background-position: center center;background-size: cover\">\n                    <\/div>\n                                  <\/div>\n                        <div class=\"flex-grow p-4 lg:p-8 card-news-content flex flex-col justify-between\">\n              <div>\n                                                                  <h2 class=\"h5 font-semibold mb-0 line-clamp-3\">\u201cDesign-driven innovation\u201d: focused on making sense of things<\/h2>\n              <\/div>\n                          <\/div>\n                              <div class=\"pb-4 lg:pb-8 px-4 lg:px-8\">\n                                      <span>novembre 5, 2021<\/span>\n                                  <\/div>\n                          <\/div>\n                      <\/a>\n                    <\/div>\n                 <div class=\"result-card rounded-card border-1 shadow-base w-full bg-white relative\">\n                    <a class=\"h-full w-full inline-block\" href=\"https:\/\/fischer.e-novision.ch\/fr\/news-blog\/simulating-heat-transfer-in-power-cables-using-the-finite-element-method-fem\/\">\n                          <div class=\"h-full w-full flex flex-col\">\n                            <div class=\"relative overflow-hidden w-full h-0\" style=\"padding-bottom: 51%;\">\n                                      <div class=\"absolute background-image top-0 left-0 rounded-t-card w-full h-full\" style=\"background-image: url(https:\/\/fischer.e-novision.ch\/app\/uploads\/2021\/10\/heat_transfer_power_cables-1400x538.jpg);background-position: center center;background-size: cover\">\n                    <\/div>\n                                  <\/div>\n                        <div class=\"flex-grow p-4 lg:p-8 card-news-content flex flex-col justify-between\">\n              <div>\n                                                                  <h2 class=\"h5 font-semibold mb-0 line-clamp-3\">Simulating heat transfer in power cables using the finite element method (FEM)<\/h2>\n              <\/div>\n                          <\/div>\n                              <div class=\"pb-4 lg:pb-8 px-4 lg:px-8\">\n                                      <span>octobre 21, 2021<\/span>\n                                  <\/div>\n                          <\/div>\n                      <\/a>\n                    <\/div>\n                 <div class=\"result-card rounded-card border-1 shadow-base w-full bg-white relative\">\n                    <a class=\"h-full w-full inline-block\" href=\"https:\/\/fischer.e-novision.ch\/fr\/news-blog\/fischer-connectors-presente-la-nouvelle-connectivite-pour-le-soldat-un-levier-de-conception-pour-repondre-a-la-revolution-des-affaires-militaires\/\">\n                          <div class=\"h-full w-full flex flex-col\">\n                            <div class=\"relative overflow-hidden w-full h-0\" style=\"padding-bottom: 51%;\">\n                                      <div class=\"absolute background-image top-0 left-0 rounded-t-card w-full h-full\" style=\"background-image: url(https:\/\/fischer.e-novision.ch\/app\/uploads\/2021\/10\/connectivity_challenge-1400x538.jpg);background-position: center center;background-size: cover\">\n                    <\/div>\n                                  <\/div>\n                        <div class=\"flex-grow p-4 lg:p-8 card-news-content flex flex-col justify-between\">\n              <div>\n                                                                  <h2 class=\"h5 font-semibold mb-0 line-clamp-3\">Fischer Connectors pr\u00e9sente la nouvelle connectivit\u00e9 pour le soldat: un levier de conception pour r\u00e9pondre \u00e0 la r\u00e9volution des affaires militaires<\/h2>\n              <\/div>\n                          <\/div>\n                              <div class=\"pb-4 lg:pb-8 px-4 lg:px-8\">\n                                      <span>octobre 11, 2021<\/span>\n                                  <\/div>\n                          <\/div>\n                      <\/a>\n                    <\/div>\n              <\/div>\n      <div class=\"flex mt-20 flex-col items-center items-center\">\n        <!--<div >\n          <button style=\"height: auto; min-height: 35px\" id=\"load-more\" class=\"w-full px-3 bg-red-500 font-semibold text-white rounded-xs lg:text-base\">Load more<\/button>\n        <\/div> -->\n      <\/div>\n      <\/div>\n<\/section>\n\n\n<section class=\"red-banner-section lg:py-4 pt-10 pb-12 lg:py-20 bg-bgred \">\n  <div class=\"container lg:flex lg:flex-row justify-between\">\n      <div class=\"w-full lg:w-1\/2\">\n        <p class=\"text-white text-base lg:text-mdlg red-banner-p\">Vous souhaitez rencontrer nos experts en personne pour discuter de votre projet? Notre \u00e9quipe sera heureuse de vous accueillir sur notre stand d&rsquo;exposition durant le salon auquel vous participez!<\/p>\n      <\/div>\n    <div class=\"flex flex-col justify-center w-full lg:w-1\/2 lg:items-end\">\n            <div class=\"red-banner-link-size\">\n                  <a  href=\"https:\/\/fischer.e-novision.ch\/en\/news\/events\/\" target=\"_self\" class=\"cta__arrow--fullred \"><span class=\"font-semibold\" >Calendrier des salons<\/span><\/a>\n\n              <\/div>\n          <\/div>\n  <\/div>\n<\/section>\n\n","protected":false},"excerpt":{"rendered":"","protected":false},"author":1,"featured_media":0,"parent":31483,"menu_order":40,"comment_status":"closed","ping_status":"closed","template":"","meta":{"_acf_changed":false,"footnotes":""},"class_list":["post-31487","page","type-page","status-publish","hentry"],"acf":false,"_links":{"self":[{"href":"https:\/\/fischer.e-novision.ch\/fr\/wp-json\/wp\/v2\/pages\/31487"}],"collection":[{"href":"https:\/\/fischer.e-novision.ch\/fr\/wp-json\/wp\/v2\/pages"}],"about":[{"href":"https:\/\/fischer.e-novision.ch\/fr\/wp-json\/wp\/v2\/types\/page"}],"author":[{"embeddable":true,"href":"https:\/\/fischer.e-novision.ch\/fr\/wp-json\/wp\/v2\/users\/1"}],"replies":[{"embeddable":true,"href":"https:\/\/fischer.e-novision.ch\/fr\/wp-json\/wp\/v2\/comments?post=31487"}],"version-history":[{"count":5,"href":"https:\/\/fischer.e-novision.ch\/fr\/wp-json\/wp\/v2\/pages\/31487\/revisions"}],"predecessor-version":[{"id":31773,"href":"https:\/\/fischer.e-novision.ch\/fr\/wp-json\/wp\/v2\/pages\/31487\/revisions\/31773"}],"up":[{"embeddable":true,"href":"https:\/\/fischer.e-novision.ch\/fr\/wp-json\/wp\/v2\/pages\/31483"}],"wp:attachment":[{"href":"https:\/\/fischer.e-novision.ch\/fr\/wp-json\/wp\/v2\/media?parent=31487"}],"curies":[{"name":"wp","href":"https:\/\/api.w.org\/{rel}","templated":true}]}}