{"id":31483,"date":"2022-04-25T06:15:28","date_gmt":"2022-04-25T06:15:28","guid":{"rendered":"https:\/\/fischer.e-novision.ch\/news\/"},"modified":"2022-06-15T07:59:06","modified_gmt":"2022-06-15T07:59:06","slug":"news","status":"publish","type":"page","link":"https:\/\/fischer.e-novision.ch\/fr\/news\/","title":{"rendered":"News"},"content":{"rendered":"<section class=\"bg-bggrey md:mt-0 pb-0 pt-0 pt-34 md:pt-36 lg:pt-0\" >\n        <div class=\"container page-header-div\">\n      \n      <h1 class=\"h3 page-title-solutions\" >Nos derni\u00e8res actualit\u00e9s<\/h1>\n      <p class=\"h5 lg:max-w-2xl page-subtitle-solutions lg:text-base\">Innovation et expertise: d\u00e9couvrez comment nous r\u00e9pondons aux besoins sp\u00e9cifiques de nos clients dans diverses applications et environnements op\u00e9rationnels.<br \/>\r\n<\/p>\n              <div class=\"page-title-link-articles\">\n                                      <a href=\"https:\/\/fischer.e-novision.ch\/fr\/news\/news-blog\/\" class=\"font-semibold rounded-xs inline-block border text-red-500 border-red-500 py-2 px-4\">News &#038; blog<\/a>\n                            <a href=\"https:\/\/fischer.e-novision.ch\/fr\/news\/etudes-de-cas\/\" class=\"font-semibold rounded-xs inline-block border text-red-500 border-red-500 py-2 px-4\">\u00c9tudes de cas<\/a>\n                            <a href=\"https:\/\/fischer.e-novision.ch\/fr\/news\/evenements\/\" class=\"font-semibold rounded-xs inline-block border text-red-500 border-red-500 py-2 px-4\">\u00c9v\u00e9nements<\/a>\n                              <\/div>\n          <\/div>\n<\/section>\n\n\n\n<section class=\"articles bg-white\">\n  <div class=\"container overflow-hidden\">\n          <h2 class=\"text-red-500\">News &amp; blog<\/h2>\n      <div class=\"mb-8 lg:mb-0 lg:flex lg:justify-between lg:items-end lg:mb-12\">\n        <p class=\"lg:max-w-xl xl:max-w-2xl text-black\">Nos actualit\u00e9s, expertises et innovations pour votre appr\u00e9ciation.<\/p>\n                <div class=\"hidden lg:block lg:mb-3\">\n          <a  href=\"https:\/\/fischer.e-novision.ch\/news\/news-blog\/\" target=\"_self\" class=\"cta__arrow--red \"><span class=\"font-semibold\" >Plus d&rsquo;actualit\u00e9s<\/span><\/a>\n\n        <\/div>\n              <\/div>\n    \n    <div class=\"watch-swiper-container news-container lg:mb-4\">\n      <div class=\"swiper-wrapper\">\n                  <div class=\"swiper-slide flex h-auto\">\n            <div class=\"result-card rounded-card border-1 shadow-base w-full bg-white relative\">\n  <a class=\"h-full w-full inline-block absolute top-0 left-0\"  href=\"https:\/\/fischer.e-novision.ch\/fr\/news-blog\/des-connecteurs-a-la-connectivite-la-famille-fischer-cree-le-groupe-technologique-conextivity\/\" ><\/a>\n    <div class=\"h-full w-full flex flex-col\">\n          <div class=\"relative overflow-hidden w-full h-0 rounded-t-card\" style=\"padding-bottom: 51%;\">\n                <div class=\"absolute background-image top-0 left-0 w-full h-full\" style=\"background-image: url(https:\/\/fischer.e-novision.ch\/app\/uploads\/2022\/05\/conextivity_group-600x231.jpg);background-position: center center;background-size: cover\">\n        <\/div>\n            <\/div>\n        <div class=\"flex-grow p-4 lg:p-8 card-news-content flex flex-col justify-between\">\n      <div>\n                \n                                                          <span class=\"inline-block mb-4\">\n              <span class=\"p-1 px-2 mr-2 bg-red-500 text-red-500 bg-opacity-25 rounded-xs font-semibold\">\n  Actualit\u00e9s de l&rsquo;entreprise\n<\/span>\n              <\/span>\n                                            \n                          <h3 class=\"h5 mb-0 font-semibold line-clamp-3\">Des connecteurs \u00e0 la connectivit\u00e9: la famille Fischer cr\u00e9e le groupe technologique Conextivity<\/h3>\n      <\/div>\n          <\/div>\n            <div class=\"pb-4 lg:pb-8 px-4 lg:px-8\">\n                  <span>mai 31, 2022<\/span>\n              <\/div>\n          <\/div>\n\n<\/div>\n          <\/div>\n                  <div class=\"swiper-slide flex h-auto\">\n            <div class=\"result-card rounded-card border-1 shadow-base w-full bg-white relative\">\n  <a class=\"h-full w-full inline-block absolute top-0 left-0\"  href=\"https:\/\/fischer.e-novision.ch\/fr\/news-blog\/reliability-and-durability-specifics-for-rugged-connectivity-four-types-of-resistance\/\" ><\/a>\n    <div class=\"h-full w-full flex flex-col\">\n          <div class=\"relative overflow-hidden w-full h-0 rounded-t-card\" style=\"padding-bottom: 51%;\">\n                <div class=\"absolute background-image top-0 left-0 w-full h-full\" style=\"background-image: url(https:\/\/fischer.e-novision.ch\/app\/uploads\/2022\/04\/Fischer-Connectors_ruggedness_banner-600x231.jpg);background-position: center center;background-size: cover\">\n        <\/div>\n            <\/div>\n        <div class=\"flex-grow p-4 lg:p-8 card-news-content flex flex-col justify-between\">\n      <div>\n                \n                                                          <span class=\"inline-block mb-4\">\n              <span class=\"p-1 px-2 mr-2 bg-red-500 text-red-500 bg-opacity-25 rounded-xs font-semibold\">\n  Tech insights\n<\/span>\n              <\/span>\n                                            \n                          <h3 class=\"h5 mb-0 font-semibold line-clamp-3\">Reliability and durability specifics for rugged connectivity: four types of resistance<\/h3>\n      <\/div>\n          <\/div>\n            <div class=\"pb-4 lg:pb-8 px-4 lg:px-8\">\n                  <span>avril 19, 2022<\/span>\n              <\/div>\n          <\/div>\n\n<\/div>\n          <\/div>\n                  <div class=\"swiper-slide flex h-auto\">\n            <div class=\"result-card rounded-card border-1 shadow-base w-full bg-white relative\">\n  <a class=\"h-full w-full inline-block absolute top-0 left-0\"  href=\"https:\/\/fischer.e-novision.ch\/fr\/news-blog\/conference-yellowscan-anounces-the-addition-of-fischer-connectors-as-one-of-its-sponsors-for-lidar-for-drone-2022\/\" ><\/a>\n    <div class=\"h-full w-full flex flex-col\">\n          <div class=\"relative overflow-hidden w-full h-0 rounded-t-card\" style=\"padding-bottom: 51%;\">\n                <div class=\"absolute background-image top-0 left-0 w-full h-full\" style=\"background-image: url(https:\/\/fischer.e-novision.ch\/app\/uploads\/2022\/04\/LiDAR-for-drone-2022_YellowScan_webnews-banner_LARGE-600x231.jpg);background-position: center center;background-size: cover\">\n        <\/div>\n            <\/div>\n        <div class=\"flex-grow p-4 lg:p-8 card-news-content flex flex-col justify-between\">\n      <div>\n                \n                                                          <span class=\"inline-block mb-4\">\n              <span class=\"p-1 px-2 mr-2 bg-red-500 text-red-500 bg-opacity-25 rounded-xs font-semibold\">\n  Tech insights\n<\/span>\n              <\/span>\n                                                <span class=\"inline-block mb-4\">\n              <span class=\"p-1 px-2 mr-2 bg-red-500 text-red-500 bg-opacity-25 rounded-xs font-semibold\">\n  Innovation\n<\/span>\n              <\/span>\n                                            \n                          <h3 class=\"h5 mb-0 font-semibold line-clamp-3\">Conference: YellowScan announces the addition of Fischer Connectors as one of its sponsors for LiDAR for Drone 2022<\/h3>\n      <\/div>\n          <\/div>\n            <div class=\"pb-4 lg:pb-8 px-4 lg:px-8\">\n                  <span>avril 12, 2022<\/span>\n              <\/div>\n          <\/div>\n\n<\/div>\n          <\/div>\n              <\/div>\n      <div class=\"news-pagination text-center mt-4 lg:mt-8 lg:hidden\"><\/div>\n            <div class=\"block mt-4 lg:mt-8 lg:hidden\">\n        <a  href=\"https:\/\/fischer.e-novision.ch\/news\/news-blog\/\" target=\"_self\" class=\"cta__arrow--red \"><span class=\"font-semibold\" >Plus d&rsquo;actualit\u00e9s<\/span><\/a>\n\n      <\/div>\n          <\/div>\n  <\/div>\n<\/section>\n\n\n<section class=\"articles bg-bggrey\">\n  <div class=\"container overflow-hidden\">\n          <h2 class=\"text-red-500\">\u00c9tudes de cas<\/h2>\n      <div class=\"mb-8 lg:mb-0 lg:flex lg:justify-between lg:items-end lg:mb-12\">\n        <p class=\"lg:max-w-xl xl:max-w-2xl text-black\">Regardez comment nous avons aid\u00e9 nos clients \u00e0 r\u00e9soudre diff\u00e9rents types de d\u00e9fis et de besoins techniques, \u00e0 diff\u00e9rents niveaux de complexit\u00e9.<\/p>\n                <div class=\"hidden lg:block lg:mb-3\">\n          <a  href=\"https:\/\/fischer.e-novision.ch\/news\/case-studies\/\" target=\"_self\" class=\"cta__arrow--red \"><span class=\"font-semibold\" >D\u2019autres \u00e9tudes de cas \u00e0 d\u00e9couvrir<\/span><\/a>\n\n        <\/div>\n              <\/div>\n    \n    <div class=\"watch-swiper-container news-container lg:mb-4\">\n      <div class=\"swiper-wrapper\">\n                  <div class=\"swiper-slide flex h-auto\">\n            <div class=\"result-card rounded-card border-1 shadow-base w-full bg-white relative\">\n  <a class=\"h-full w-full inline-block absolute top-0 left-0\"  href=\"https:\/\/fischer.e-novision.ch\/fr\/case-studies\/smooth-sailing-under-the-most-extreme-conditions-american-magic\/\" ><\/a>\n    <div class=\"h-full w-full flex flex-col\">\n          <div class=\"relative overflow-hidden w-full h-0 rounded-t-card\" style=\"padding-bottom: 51%;\">\n                <div class=\"absolute background-image top-0 left-0 w-full h-full\" style=\"background-image: url(https:\/\/fischer.e-novision.ch\/app\/uploads\/2021\/11\/american_magic-2-1-1400x538-1-600x231.jpg);background-position: center center;background-size: cover\">\n        <\/div>\n            <\/div>\n        <div class=\"flex-grow p-4 lg:p-8 card-news-content flex flex-col justify-between\">\n      <div>\n                                  <h3 class=\"h5 mb-0 font-semibold line-clamp-3\">Une navigation en douceur dans les conditions les plus extr\u00eames : American Magic<\/h3>\n      <\/div>\n          <\/div>\n          <\/div>\n\n<\/div>\n          <\/div>\n                  <div class=\"swiper-slide flex h-auto\">\n            <div class=\"result-card rounded-card border-1 shadow-base w-full bg-white relative\">\n  <a class=\"h-full w-full inline-block absolute top-0 left-0\"  href=\"https:\/\/fischer.e-novision.ch\/fr\/case-studies\/to-the-edge-of-space-with-solar-energy-solarstratos\/\" ><\/a>\n    <div class=\"h-full w-full flex flex-col\">\n          <div class=\"relative overflow-hidden w-full h-0 rounded-t-card\" style=\"padding-bottom: 51%;\">\n                <div class=\"absolute background-image top-0 left-0 w-full h-full\" style=\"background-image: url(https:\/\/fischer.e-novision.ch\/app\/uploads\/2021\/11\/solar_stratos-1400x538-1-600x231.jpg);background-position: center center;background-size: cover\">\n        <\/div>\n            <\/div>\n        <div class=\"flex-grow p-4 lg:p-8 card-news-content flex flex-col justify-between\">\n      <div>\n                                  <h3 class=\"h5 mb-0 font-semibold line-clamp-3\">Aux confins de l&rsquo;espace avec l&rsquo;\u00e9nergie solaire : SolarStratos<\/h3>\n      <\/div>\n          <\/div>\n          <\/div>\n\n<\/div>\n          <\/div>\n                  <div class=\"swiper-slide flex h-auto\">\n            <div class=\"result-card rounded-card border-1 shadow-base w-full bg-white relative\">\n  <a class=\"h-full w-full inline-block absolute top-0 left-0\"  href=\"https:\/\/fischer.e-novision.ch\/fr\/case-studies\/one-of-the-lightest-and-most-compact-exoskeletons-in-the-world-twiice\/\" ><\/a>\n    <div class=\"h-full w-full flex flex-col\">\n          <div class=\"relative overflow-hidden w-full h-0 rounded-t-card\" style=\"padding-bottom: 51%;\">\n                <div class=\"absolute background-image top-0 left-0 w-full h-full\" style=\"background-image: url(https:\/\/fischer.e-novision.ch\/app\/uploads\/2021\/11\/twiice-1400x538-1-600x231.jpg);background-position: center center;background-size: cover\">\n        <\/div>\n            <\/div>\n        <div class=\"flex-grow p-4 lg:p-8 card-news-content flex flex-col justify-between\">\n      <div>\n                                  <h3 class=\"h5 mb-0 font-semibold line-clamp-3\">L&rsquo;un des exosquelettes les plus l\u00e9gers et les plus compacts au monde : TWIICE<\/h3>\n      <\/div>\n          <\/div>\n          <\/div>\n\n<\/div>\n          <\/div>\n              <\/div>\n      <div class=\"news-pagination text-center mt-4 lg:mt-8 lg:hidden\"><\/div>\n            <div class=\"block mt-4 lg:mt-8 lg:hidden\">\n        <a  href=\"https:\/\/fischer.e-novision.ch\/news\/case-studies\/\" target=\"_self\" class=\"cta__arrow--red \"><span class=\"font-semibold\" >D\u2019autres \u00e9tudes de cas \u00e0 d\u00e9couvrir<\/span><\/a>\n\n      <\/div>\n          <\/div>\n  <\/div>\n<\/section>\n\n\n<section class=\"articles bg-white\">\n  <div class=\"container overflow-hidden\">\n          <h2 class=\"text-red-500\">\u00c9v\u00e9nements<\/h2>\n      <div class=\"mb-8 lg:mb-0 lg:flex lg:justify-between lg:items-end lg:mb-12\">\n        <p class=\"lg:max-w-xl xl:max-w-2xl text-black\">Parlez \u00e0 nos ing\u00e9nieurs en assistant \u00e0 leurs spectaculaires d\u00e9mos LIVE sur notre stand d&rsquo;exposition. Nos \u00e9quipes d&rsquo;experts sont pr\u00e9sentes sur divers salons professionnels dans le monde entier.<\/p>\n                <div class=\"hidden lg:block lg:mb-3\">\n          <a  href=\"https:\/\/fischer.e-novision.ch\/news\/events\/\" target=\"_self\" class=\"cta__arrow--red \"><span class=\"font-semibold\" >Les salons \u00e0 l\u2019agenda<\/span><\/a>\n\n        <\/div>\n              <\/div>\n    \n    <div class=\"watch-swiper-container news-container lg:mb-4\">\n      <div class=\"swiper-wrapper\">\n                  <div class=\"swiper-slide flex h-auto\">\n            <div class=\"result-card rounded-card border-1 shadow-base w-full bg-white relative\">\n  <a class=\"h-full w-full inline-block absolute top-0 left-0\" ><\/a>\n    <div class=\"h-full w-full flex flex-col\">\n          <div class=\"relative overflow-hidden w-full h-0 rounded-t-card\" style=\"padding-bottom: 51%;\">\n                <div class=\"absolute background-image top-0 left-0 w-full h-full\" style=\"background-image: url(https:\/\/fischer.e-novision.ch\/app\/uploads\/2022\/06\/NDA-2022-Fischer-Connectors-W8.jpg);background-position: center center;background-size: cover\">\n        <\/div>\n            <\/div>\n        <div class=\"flex-grow p-4 lg:p-8 card-news-content flex flex-col justify-between\">\n      <div>\n                \n                                \n                  \n                                        <span class=\"inline-block mb-4\">\n                      <span class=\"p-1 px-2 mr-2 bg-red-500 text-red-500 bg-opacity-25 rounded-xs font-semibold\">\n  Royaume-Uni, The International Centre, Telford\n<\/span>\n                          <\/span>\n            <div class=\"mb-4\">\n              <span>21 July 2026<\/span>\n            <\/div>\n                                          <h3 class=\"h5 mb-0 font-semibold line-clamp-3\">NDA Group Supply Chain Event 2022<\/h3>\n      <\/div>\n              <div class=\"flex-grow flex flex-col justify-between\">\n                      <div class=\"pt-2 lg:pt-4\">\n              <p style=\"padding-bottom: 1em;\"><span style=\"color: #da291c;\"><strong>Stand: W8<\/strong><\/span><\/p>\n<p style=\"text-align: justify;\">The biggest networking event in Europe for nuclear decommissioning.<\/p>\n<p style=\"text-align: right;\">\u00a0<\/p>\n\n            <\/div>\n                                <div class=\"pt-2 lg:pt-4\">\n              <a  href=\"https:\/\/web-eur.cvent.com\/event\/f318dc25-a432-4a47-bd01-f75c2b84d40c\/summary?RefId=Landing%20page\" target=\"_self\" class=\"cta__arrow--red-no-arrow \"><span class=\"font-semibold\" >Event website<\/span><\/a>\n\n            <\/div>\n                  <\/div>\n          <\/div>\n          <\/div>\n\n<\/div>\n          <\/div>\n              <\/div>\n      <div class=\"news-pagination text-center mt-4 lg:mt-8 lg:hidden\"><\/div>\n            <div class=\"block mt-4 lg:mt-8 lg:hidden\">\n        <a  href=\"https:\/\/fischer.e-novision.ch\/news\/events\/\" target=\"_self\" class=\"cta__arrow--red \"><span class=\"font-semibold\" >Les salons \u00e0 l\u2019agenda<\/span><\/a>\n\n      <\/div>\n          <\/div>\n  <\/div>\n<\/section>\n\n\n<section class=\"red-banner-section lg:py-4 pt-10 pb-12 lg:py-20 bg-bgred \">\n  <div class=\"container lg:flex lg:flex-row justify-between\">\n      <div class=\"w-full lg:w-1\/2\">\n        <p class=\"text-white text-base lg:text-mdlg red-banner-p\">R\u00e9pondez \u00e0 toutes vos exigences avec nos experts, nos \u00e9quipes sont polyvalentes et disposent des technologies dont vous avez besoin.<\/p>\n      <\/div>\n    <div class=\"flex flex-col justify-center w-full lg:w-1\/2 lg:items-end\">\n            <div class=\"red-banner-link-size\">\n                  <a  href=\"https:\/\/fischer.e-novision.ch\/en\/technologies\/\" target=\"_self\" class=\"cta__arrow--fullred \"><span class=\"font-semibold\" >D\u00e9couvrez nos technologies<\/span><\/a>\n\n              <\/div>\n          <\/div>\n  <\/div>\n<\/section>\n\n","protected":false},"excerpt":{"rendered":"","protected":false},"author":1,"featured_media":0,"parent":0,"menu_order":87,"comment_status":"closed","ping_status":"closed","template":"","meta":{"_acf_changed":false,"footnotes":""},"class_list":["post-31483","page","type-page","status-publish","hentry"],"acf":false,"_links":{"self":[{"href":"https:\/\/fischer.e-novision.ch\/fr\/wp-json\/wp\/v2\/pages\/31483"}],"collection":[{"href":"https:\/\/fischer.e-novision.ch\/fr\/wp-json\/wp\/v2\/pages"}],"about":[{"href":"https:\/\/fischer.e-novision.ch\/fr\/wp-json\/wp\/v2\/types\/page"}],"author":[{"embeddable":true,"href":"https:\/\/fischer.e-novision.ch\/fr\/wp-json\/wp\/v2\/users\/1"}],"replies":[{"embeddable":true,"href":"https:\/\/fischer.e-novision.ch\/fr\/wp-json\/wp\/v2\/comments?post=31483"}],"version-history":[{"count":4,"href":"https:\/\/fischer.e-novision.ch\/fr\/wp-json\/wp\/v2\/pages\/31483\/revisions"}],"predecessor-version":[{"id":31776,"href":"https:\/\/fischer.e-novision.ch\/fr\/wp-json\/wp\/v2\/pages\/31483\/revisions\/31776"}],"wp:attachment":[{"href":"https:\/\/fischer.e-novision.ch\/fr\/wp-json\/wp\/v2\/media?parent=31483"}],"curies":[{"name":"wp","href":"https:\/\/api.w.org\/{rel}","templated":true}]}}