{"id":31474,"date":"2022-04-22T14:57:50","date_gmt":"2022-04-22T14:57:50","guid":{"rendered":"https:\/\/fischer.e-novision.ch\/sales-terms-and-conditions\/"},"modified":"2022-05-25T07:03:56","modified_gmt":"2022-05-25T07:03:56","slug":"conditions-generales-de-vente","status":"publish","type":"page","link":"https:\/\/fischer.e-novision.ch\/fr\/conditions-generales-de-vente\/","title":{"rendered":"Conditions g\u00e9n\u00e9rales de vente"},"content":{"rendered":"<section class=\"bg-bggrey md:mt-0 pb-0 pt-0 pt-34 md:pt-36 lg:pt-0\" >\n        <div class=\"container page-header-div\">\n      \n      <h1 class=\"h3 page-title-solutions\" >Terms and Conditions of Sale<\/h1>\n      <p class=\"h5 lg:max-w-2xl page-subtitle-solutions lg:text-base\"><\/p>\n          <\/div>\n<\/section>\n\n\n\nstring(0) \u00ab\u00a0\u00a0\u00bb\nNULL\nNULL\nstring(1) \u00ab\u00a00\u00a0\u00bb\n              <div class=\" lg:block bg-white\">\n            <div class=\"content-grid-padding-y container lg:block fade-in-top\" style=\"--padding-top-desktop:6rem;--padding-bottom-desktop:6rem;--padding-top-tablet:6rem;--padding-bottom-tablet:6rem;--padding-top-mobile:6rem;--padding-bottom-mobile:6rem\">\n            <div id=\"conditions-generales-de-vente-block_619f58e4b733d\" class=\"content-grid-padding-x \" style=\"--padding-left-desktop:0rem;--padding-right-desktop:0rem;--padding-left-tablet:0rem;--padding-right-tablet:0rem;--padding-left-mobile:0rem;--padding-right-mobile:0rem;--border-grid-width:1;--border-grid-color:#333333\">\n              \n              <div class=\"\n                                          \">\n                                                                    <div class=\"flex flex-row flex-wrap bg-white\">\n\n                                                            <div class=\"content-grid-border-color\n                                            md:border-0                       lg:border-0                         flex md:flex lg:flex\n                        w-full md:w-full lg:w-full\n                      self-start justify-start md:self-start md:justify-start lg:self-start lg:justify-start\n                        \"\n                      style=\"--border-color: #333333;--border-color-tablet: #333333;--border-color-mobile: #333333;\">\n                                              <div class=\"flex flex-col w-full self-start justify-start md:self-start md:justify-start lg:self-start lg:justify-start\">\n                          \n                                                              <div class=\"hidden md:hidden lg:block\" style=\"padding-top:1rem;padding-bottom:1rem;padding-left:0rem;padding-right:0rem\">\n  <h4>Nos conditions g\u00e9n\u00e9rales de vente varient d\u2019un pays \/ d\u2019une r\u00e9gion \u00e0 l\u2019autre. Si votre pays\/r\u00e9gion ne figure pas dans la liste ci-dessous, les conditions g\u00e9n\u00e9rales de ventes de \u00ab Autres Pays \u00bb s\u2019appliquent.<\/h4>\n\n<\/div>\n\n<div class=\"hidden md:block lg:hidden\" style=\"padding-top:1rem;padding-bottom:1rem;padding-left:0rem;padding-right:0rem\">\n  <h4>Nos conditions g\u00e9n\u00e9rales de vente varient d\u2019un pays \/ d\u2019une r\u00e9gion \u00e0 l\u2019autre. Si votre pays\/r\u00e9gion ne figure pas dans la liste ci-dessous, les conditions g\u00e9n\u00e9rales de ventes de \u00ab Autres Pays \u00bb s\u2019appliquent.<\/h4>\n\n<\/div>\n\n<div class=\"block md:hidden lg:hidden\" style=\"padding-top:1rem;padding-bottom:1rem;padding-left:0rem;padding-right:0rem\">\n  <h4>Nos conditions g\u00e9n\u00e9rales de vente varient d\u2019un pays \/ d\u2019une r\u00e9gion \u00e0 l\u2019autre. Si votre pays\/r\u00e9gion ne figure pas dans la liste ci-dessous, les conditions g\u00e9n\u00e9rales de ventes de \u00ab Autres Pays \u00bb s\u2019appliquent.<\/h4>\n\n<\/div>\n                              \n                                                  <\/div>\n                                          <\/div>\n                                                          <div class=\"content-grid-border-color\n                                            md:border-0                       lg:border-0                         flex md:flex lg:flex\n                        w-full md:w-full lg:w-full\n                      self-start justify-start md:self-start md:justify-start lg:self-start lg:justify-start\n                        \"\n                      style=\"--border-color: #333333;--border-color-tablet: #333333;--border-color-mobile: #333333;\">\n                                              <div class=\"flex flex-col w-full self-start justify-start md:self-start md:justify-start lg:self-start lg:justify-start\">\n                          \n                                                              <div class=\"hidden md:hidden lg:block\" style=\"padding-top:1rem;padding-bottom:1rem;padding-left:0rem;padding-right:0rem\">\n  <ul>\n<li>Asie (<a style=\"color: #da291c;\" href=\"https:\/\/fischer.e-novision.ch\/app\/uploads\/2021\/11\/fc_sales_tcs_hk_en_rev2_18.09.15_0.pdf\" target=\"_blank\" rel=\"noopener\">Anglais<\/a>)<\/li>\n<li>France (<a style=\"color: #da291c;\" href=\"https:\/\/fischer.e-novision.ch\/app\/uploads\/2021\/11\/fc_sales_tcs_fr_fr_rev2_18.09.15_0.pdf\" target=\"_blank\" rel=\"noopener\">Fran\u00e7ais<\/a>)<\/li>\n<li>Allemagne, Autriche &amp; Europe de l&rsquo;Est (<a style=\"color: #da291c;\" href=\"https:\/\/fischer.e-novision.ch\/app\/uploads\/2021\/11\/fc_sales_tcs_de_de_rev_2_18.09.15_0.pdf\" target=\"_blank\" rel=\"noopener\">Allemand<\/a>, <a style=\"color: #da291c;\" href=\"https:\/\/fischer.e-novision.ch\/app\/uploads\/2021\/11\/fc_sales_tcs_de_en_rev2_18.09.15_0.pdf\" target=\"_blank\" rel=\"noopener\">Anglais<\/a>)<\/li>\n<li>Inde (<a style=\"color: #da291c;\" href=\"https:\/\/fischer.e-novision.ch\/app\/uploads\/2021\/11\/fc_sales_tcs_in_en_rev2_18.09.15_0.pdf\" target=\"_blank\" rel=\"noopener\">Anglais<\/a>)<\/li>\n<li>Italie (<a style=\"color: #da291c;\" href=\"https:\/\/fischer.e-novision.ch\/app\/uploads\/2021\/11\/fc_sales_tcs_it_it_rev2_18.09.15_0.pdf\" target=\"_blank\" rel=\"noopener\">Italien<\/a>)<\/li>\n<li>Am\u00e9rique latine (<a style=\"color: #da291c;\" href=\"https:\/\/fischer.e-novision.ch\/app\/uploads\/2021\/11\/fc_sales_tcs_us_en_rev3_18.09.15_0.pdf\" target=\"_blank\" rel=\"noopener\">Anglais<\/a>)<\/li>\n<li>Japon (<a style=\"color: #da291c;\" href=\"https:\/\/fischer.e-novision.ch\/app\/uploads\/2021\/11\/fc_sales_tcs_ch_en_rev2_18.09.15_0.pdf\" target=\"_blank\" rel=\"noopener\">Anglais<\/a>)<\/li>\n<li>Russie (<a style=\"color: #da291c;\" href=\"https:\/\/fischer.e-novision.ch\/app\/uploads\/2021\/11\/fc_sales_tcs_de_en_rev2_18.09.15_0.pdf\" target=\"_blank\" rel=\"noopener\">Anglais<\/a>)<\/li>\n<li>Suisse &#8211; Si\u00e9ge social (<a style=\"color: #da291c;\" href=\"https:\/\/fischer.e-novision.ch\/app\/uploads\/2021\/11\/fc_sales_tcs_ch_en_rev2_18.09.15_0.pdf\" target=\"_blank\" rel=\"noopener\">Anglais<\/a>, <a style=\"color: #da291c;\" href=\"https:\/\/fischer.e-novision.ch\/app\/uploads\/2021\/11\/fc_sales_tcs_ch_de_rev2_18.09.15_0.pdf\" target=\"_blank\" rel=\"noopener\">Allemand<\/a>, <a style=\"color: #da291c;\" href=\"https:\/\/fischer.e-novision.ch\/app\/uploads\/2021\/11\/fc_sales_tcs_ch_it_rev2_18.09.15_0.pdf\" target=\"_blank\" rel=\"noopener\">Italien<\/a>)<\/li>\n<li>Royaume-Uni &amp; Irlande (<a style=\"color: #da291c;\" href=\"https:\/\/fischer.e-novision.ch\/app\/uploads\/2021\/11\/fc_sales_tcs_uk_en_rev5_17.05.16_0.pdf\" target=\"_blank\" rel=\"noopener\">Anglais<\/a>)<\/li>\n<li>\u00c9tats-Unis &amp; Canada (<a style=\"color: #da291c;\" href=\"https:\/\/fischer.e-novision.ch\/app\/uploads\/2021\/11\/fc_sales_tcs_us_en_rev3_18.09.15_0.pdf\" target=\"_blank\" rel=\"noopener\">Anglais<\/a>)<\/li>\n<li>Autres pays (<a style=\"color: #da291c;\" href=\"https:\/\/fischer.e-novision.ch\/app\/uploads\/2021\/11\/fc_sales_tcs_ch_en_rev2_18.09.15_0.pdf\" target=\"_blank\" rel=\"noopener\">Anglais<\/a>)<\/li>\n<\/ul>\n\n<\/div>\n\n<div class=\"hidden md:block lg:hidden\" style=\"padding-top:1rem;padding-bottom:1rem;padding-left:0rem;padding-right:0rem\">\n  <ul>\n<li>Asie (<a style=\"color: #da291c;\" href=\"https:\/\/fischer.e-novision.ch\/app\/uploads\/2021\/11\/fc_sales_tcs_hk_en_rev2_18.09.15_0.pdf\" target=\"_blank\" rel=\"noopener\">Anglais<\/a>)<\/li>\n<li>France (<a style=\"color: #da291c;\" href=\"https:\/\/fischer.e-novision.ch\/app\/uploads\/2021\/11\/fc_sales_tcs_fr_fr_rev2_18.09.15_0.pdf\" target=\"_blank\" rel=\"noopener\">Fran\u00e7ais<\/a>)<\/li>\n<li>Allemagne, Autriche &amp; Europe de l&rsquo;Est (<a style=\"color: #da291c;\" href=\"https:\/\/fischer.e-novision.ch\/app\/uploads\/2021\/11\/fc_sales_tcs_de_de_rev_2_18.09.15_0.pdf\" target=\"_blank\" rel=\"noopener\">Allemand<\/a>, <a style=\"color: #da291c;\" href=\"https:\/\/fischer.e-novision.ch\/app\/uploads\/2021\/11\/fc_sales_tcs_de_en_rev2_18.09.15_0.pdf\" target=\"_blank\" rel=\"noopener\">Anglais<\/a>)<\/li>\n<li>Inde (<a style=\"color: #da291c;\" href=\"https:\/\/fischer.e-novision.ch\/app\/uploads\/2021\/11\/fc_sales_tcs_in_en_rev2_18.09.15_0.pdf\" target=\"_blank\" rel=\"noopener\">Anglais<\/a>)<\/li>\n<li>Italie (<a style=\"color: #da291c;\" href=\"https:\/\/fischer.e-novision.ch\/app\/uploads\/2021\/11\/fc_sales_tcs_it_it_rev2_18.09.15_0.pdf\" target=\"_blank\" rel=\"noopener\">Italien<\/a>)<\/li>\n<li>Am\u00e9rique latine (<a style=\"color: #da291c;\" href=\"https:\/\/fischer.e-novision.ch\/app\/uploads\/2021\/11\/fc_sales_tcs_us_en_rev3_18.09.15_0.pdf\" target=\"_blank\" rel=\"noopener\">Anglais<\/a>)<\/li>\n<li>Japon (<a style=\"color: #da291c;\" href=\"https:\/\/fischer.e-novision.ch\/app\/uploads\/2021\/11\/fc_sales_tcs_ch_en_rev2_18.09.15_0.pdf\" target=\"_blank\" rel=\"noopener\">Anglais<\/a>)<\/li>\n<li>Russie (<a style=\"color: #da291c;\" href=\"https:\/\/fischer.e-novision.ch\/app\/uploads\/2021\/11\/fc_sales_tcs_de_en_rev2_18.09.15_0.pdf\" target=\"_blank\" rel=\"noopener\">Anglais<\/a>)<\/li>\n<li>Suisse &#8211; Si\u00e9ge social (<a style=\"color: #da291c;\" href=\"https:\/\/fischer.e-novision.ch\/app\/uploads\/2021\/11\/fc_sales_tcs_ch_en_rev2_18.09.15_0.pdf\" target=\"_blank\" rel=\"noopener\">Anglais<\/a>, <a style=\"color: #da291c;\" href=\"https:\/\/fischer.e-novision.ch\/app\/uploads\/2021\/11\/fc_sales_tcs_ch_de_rev2_18.09.15_0.pdf\" target=\"_blank\" rel=\"noopener\">Allemand<\/a>, <a style=\"color: #da291c;\" href=\"https:\/\/fischer.e-novision.ch\/app\/uploads\/2021\/11\/fc_sales_tcs_ch_it_rev2_18.09.15_0.pdf\" target=\"_blank\" rel=\"noopener\">Italien<\/a>)<\/li>\n<li>Royaume-Uni &amp; Irlande (<a style=\"color: #da291c;\" href=\"https:\/\/fischer.e-novision.ch\/app\/uploads\/2021\/11\/fc_sales_tcs_uk_en_rev5_17.05.16_0.pdf\" target=\"_blank\" rel=\"noopener\">Anglais<\/a>)<\/li>\n<li>\u00c9tats-Unis &amp; Canada (<a style=\"color: #da291c;\" href=\"https:\/\/fischer.e-novision.ch\/app\/uploads\/2021\/11\/fc_sales_tcs_us_en_rev3_18.09.15_0.pdf\" target=\"_blank\" rel=\"noopener\">Anglais<\/a>)<\/li>\n<li>Autres pays (<a style=\"color: #da291c;\" href=\"https:\/\/fischer.e-novision.ch\/app\/uploads\/2021\/11\/fc_sales_tcs_ch_en_rev2_18.09.15_0.pdf\" target=\"_blank\" rel=\"noopener\">Anglais<\/a>)<\/li>\n<\/ul>\n\n<\/div>\n\n<div class=\"block md:hidden lg:hidden\" style=\"padding-top:1rem;padding-bottom:1rem;padding-left:0rem;padding-right:0rem\">\n  <ul>\n<li>Asie (<a style=\"color: #da291c;\" href=\"https:\/\/fischer.e-novision.ch\/app\/uploads\/2021\/11\/fc_sales_tcs_hk_en_rev2_18.09.15_0.pdf\" target=\"_blank\" rel=\"noopener\">Anglais<\/a>)<\/li>\n<li>France (<a style=\"color: #da291c;\" href=\"https:\/\/fischer.e-novision.ch\/app\/uploads\/2021\/11\/fc_sales_tcs_fr_fr_rev2_18.09.15_0.pdf\" target=\"_blank\" rel=\"noopener\">Fran\u00e7ais<\/a>)<\/li>\n<li>Allemagne, Autriche &amp; Europe de l&rsquo;Est (<a style=\"color: #da291c;\" href=\"https:\/\/fischer.e-novision.ch\/app\/uploads\/2021\/11\/fc_sales_tcs_de_de_rev_2_18.09.15_0.pdf\" target=\"_blank\" rel=\"noopener\">Allemand<\/a>, <a style=\"color: #da291c;\" href=\"https:\/\/fischer.e-novision.ch\/app\/uploads\/2021\/11\/fc_sales_tcs_de_en_rev2_18.09.15_0.pdf\" target=\"_blank\" rel=\"noopener\">Anglais<\/a>)<\/li>\n<li>Inde (<a style=\"color: #da291c;\" href=\"https:\/\/fischer.e-novision.ch\/app\/uploads\/2021\/11\/fc_sales_tcs_in_en_rev2_18.09.15_0.pdf\" target=\"_blank\" rel=\"noopener\">Anglais<\/a>)<\/li>\n<li>Italie (<a style=\"color: #da291c;\" href=\"https:\/\/fischer.e-novision.ch\/app\/uploads\/2021\/11\/fc_sales_tcs_it_it_rev2_18.09.15_0.pdf\" target=\"_blank\" rel=\"noopener\">Italien<\/a>)<\/li>\n<li>Am\u00e9rique latine (<a style=\"color: #da291c;\" href=\"https:\/\/fischer.e-novision.ch\/app\/uploads\/2021\/11\/fc_sales_tcs_us_en_rev3_18.09.15_0.pdf\" target=\"_blank\" rel=\"noopener\">Anglais<\/a>)<\/li>\n<li>Japon (<a style=\"color: #da291c;\" href=\"https:\/\/fischer.e-novision.ch\/app\/uploads\/2021\/11\/fc_sales_tcs_ch_en_rev2_18.09.15_0.pdf\" target=\"_blank\" rel=\"noopener\">Anglais<\/a>)<\/li>\n<li>Russie (<a style=\"color: #da291c;\" href=\"https:\/\/fischer.e-novision.ch\/app\/uploads\/2021\/11\/fc_sales_tcs_de_en_rev2_18.09.15_0.pdf\" target=\"_blank\" rel=\"noopener\">Anglais<\/a>)<\/li>\n<li>Suisse &#8211; Si\u00e9ge social (<a style=\"color: #da291c;\" href=\"https:\/\/fischer.e-novision.ch\/app\/uploads\/2021\/11\/fc_sales_tcs_ch_en_rev2_18.09.15_0.pdf\" target=\"_blank\" rel=\"noopener\">Anglais<\/a>, <a style=\"color: #da291c;\" href=\"https:\/\/fischer.e-novision.ch\/app\/uploads\/2021\/11\/fc_sales_tcs_ch_de_rev2_18.09.15_0.pdf\" target=\"_blank\" rel=\"noopener\">Allemand<\/a>, <a style=\"color: #da291c;\" href=\"https:\/\/fischer.e-novision.ch\/app\/uploads\/2021\/11\/fc_sales_tcs_ch_it_rev2_18.09.15_0.pdf\" target=\"_blank\" rel=\"noopener\">Italien<\/a>)<\/li>\n<li>Royaume-Uni &amp; Irlande (<a style=\"color: #da291c;\" href=\"https:\/\/fischer.e-novision.ch\/app\/uploads\/2021\/11\/fc_sales_tcs_uk_en_rev5_17.05.16_0.pdf\" target=\"_blank\" rel=\"noopener\">Anglais<\/a>)<\/li>\n<li>\u00c9tats-Unis &amp; Canada (<a style=\"color: #da291c;\" href=\"https:\/\/fischer.e-novision.ch\/app\/uploads\/2021\/11\/fc_sales_tcs_us_en_rev3_18.09.15_0.pdf\" target=\"_blank\" rel=\"noopener\">Anglais<\/a>)<\/li>\n<li>Autres pays (<a style=\"color: #da291c;\" href=\"https:\/\/fischer.e-novision.ch\/app\/uploads\/2021\/11\/fc_sales_tcs_ch_en_rev2_18.09.15_0.pdf\" target=\"_blank\" rel=\"noopener\">Anglais<\/a>)<\/li>\n<\/ul>\n\n<\/div>\n                              \n                                                  <\/div>\n                                          <\/div>\n                  \n                  <\/div>\n                                                <\/div>\n                                <\/div>\n          <\/div>\n      <\/div>\n","protected":false},"excerpt":{"rendered":"","protected":false},"author":1,"featured_media":0,"parent":0,"menu_order":36,"comment_status":"closed","ping_status":"closed","template":"","meta":{"_acf_changed":false,"footnotes":""},"class_list":["post-31474","page","type-page","status-publish","hentry"],"acf":false,"_links":{"self":[{"href":"https:\/\/fischer.e-novision.ch\/fr\/wp-json\/wp\/v2\/pages\/31474"}],"collection":[{"href":"https:\/\/fischer.e-novision.ch\/fr\/wp-json\/wp\/v2\/pages"}],"about":[{"href":"https:\/\/fischer.e-novision.ch\/fr\/wp-json\/wp\/v2\/types\/page"}],"author":[{"embeddable":true,"href":"https:\/\/fischer.e-novision.ch\/fr\/wp-json\/wp\/v2\/users\/1"}],"replies":[{"embeddable":true,"href":"https:\/\/fischer.e-novision.ch\/fr\/wp-json\/wp\/v2\/comments?post=31474"}],"version-history":[{"count":5,"href":"https:\/\/fischer.e-novision.ch\/fr\/wp-json\/wp\/v2\/pages\/31474\/revisions"}],"predecessor-version":[{"id":33625,"href":"https:\/\/fischer.e-novision.ch\/fr\/wp-json\/wp\/v2\/pages\/31474\/revisions\/33625"}],"wp:attachment":[{"href":"https:\/\/fischer.e-novision.ch\/fr\/wp-json\/wp\/v2\/media?parent=31474"}],"curies":[{"name":"wp","href":"https:\/\/api.w.org\/{rel}","templated":true}]}}