{"id":30913,"date":"2021-06-09T07:43:43","date_gmt":"2021-06-09T07:43:43","guid":{"rendered":"https:\/\/fischer.e-novision.ch\/industries\/"},"modified":"2022-06-15T06:47:27","modified_gmt":"2022-06-15T06:47:27","slug":"industries","status":"publish","type":"page","link":"https:\/\/fischer.e-novision.ch\/fr\/industries\/","title":{"rendered":"Industries"},"content":{"rendered":"<section class=\"bg-bggrey md:mt-0 pb-0 pt-0 pt-34 md:pt-36 lg:pt-0\" >\n        <div class=\"container page-header-div\">\n      \n      <h1 class=\"h3 page-title-solutions\" >Industries<\/h1>\n      <p class=\"h5 lg:max-w-2xl page-subtitle-solutions lg:text-base\">D\u00e9couvrez comment nos solutions certifi\u00e9es peuvent vous aider \u00e0 relever les d\u00e9fis sp\u00e9cifiques de votre industrie en mati\u00e8re de connectivit\u00e9.<\/p>\n          <\/div>\n<\/section>\n\n\n\n<section class=\"industries\">\n  <div class=\"container\">\n    <div class=\"industries-grid grid grid-cols-1 sm:grid-cols-2 md:grid-cols-3 lg:grid-cols-4\">\n                  \n            <div class=\"size-card-all-industrie relative overflow-hidden block relative\">\n              <div class=\"background-image absolute top-0 left-0 -z-1 w-full h-full\" style=\"--image-url: url(https:\/\/fischer.e-novision.ch\/app\/uploads\/2021\/05\/defense_security_connectivity_solutions-1.jpg)\"><\/div>\n              <a href=\"https:\/\/fischer.e-novision.ch\/fr\/industries\/defense-securite\/\" class=\"absolute h-full w-full\"><\/a>\n              <h3 class=\"h5 m-0 industries-card-title absolute text-sm\">D\u00e9fense &#038; s\u00e9curit\u00e9<\/h3>\n            <\/div>\n          \n            <div class=\"size-card-all-industrie relative overflow-hidden block relative\">\n              <div class=\"background-image absolute top-0 left-0 -z-1 w-full h-full\" style=\"--image-url: url(https:\/\/fischer.e-novision.ch\/app\/uploads\/2021\/05\/medical_connectivity_solutions-1-600x600.jpg)\"><\/div>\n              <a href=\"https:\/\/fischer.e-novision.ch\/fr\/industries\/medical-fr\/\" class=\"absolute h-full w-full\"><\/a>\n              <h3 class=\"h5 m-0 industries-card-title absolute text-sm\">M\u00e9dical<\/h3>\n            <\/div>\n          \n            <div class=\"size-card-all-industrie relative overflow-hidden block relative\">\n              <div class=\"background-image absolute top-0 left-0 -z-1 w-full h-full\" style=\"--image-url: url(https:\/\/fischer.e-novision.ch\/app\/uploads\/2021\/06\/test_measurement_connectivity_solutions-1.jpg)\"><\/div>\n              <a href=\"https:\/\/fischer.e-novision.ch\/fr\/industries\/test-et-mesure\/\" class=\"absolute h-full w-full\"><\/a>\n              <h3 class=\"h5 m-0 industries-card-title absolute text-sm\">Test et mesure<\/h3>\n            <\/div>\n          \n            <div class=\"size-card-all-industrie relative overflow-hidden block relative\">\n              <div class=\"background-image absolute top-0 left-0 -z-1 w-full h-full\" style=\"--image-url: url(https:\/\/fischer.e-novision.ch\/app\/uploads\/2021\/07\/marine_underwater_connectivity_solutions-600x600.jpg)\"><\/div>\n              <a href=\"https:\/\/fischer.e-novision.ch\/fr\/industries\/marins-et-sous-marins\/\" class=\"absolute h-full w-full\"><\/a>\n              <h3 class=\"h5 m-0 industries-card-title absolute text-sm\">Marins et sous-marins<\/h3>\n            <\/div>\n          \n            <div class=\"size-card-all-industrie relative overflow-hidden block relative\">\n              <div class=\"background-image absolute top-0 left-0 -z-1 w-full h-full\" style=\"--image-url: url(https:\/\/fischer.e-novision.ch\/app\/uploads\/2021\/06\/automation_robotics_connectivity_solutions-1.jpg)\"><\/div>\n              <a href=\"https:\/\/fischer.e-novision.ch\/fr\/industries\/automatisation-industrielle\/\" class=\"absolute h-full w-full\"><\/a>\n              <h3 class=\"h5 m-0 industries-card-title absolute text-sm\">Automatisation industrielle<\/h3>\n            <\/div>\n          \n            <div class=\"size-card-all-industrie relative overflow-hidden block relative\">\n              <div class=\"background-image absolute top-0 left-0 -z-1 w-full h-full\" style=\"--image-url: url(https:\/\/fischer.e-novision.ch\/app\/uploads\/2021\/06\/nuclear_connectivity_solutions-1.jpg)\"><\/div>\n              <a href=\"https:\/\/fischer.e-novision.ch\/fr\/industries\/nucleaire\/\" class=\"absolute h-full w-full\"><\/a>\n              <h3 class=\"h5 m-0 industries-card-title absolute text-sm\">Nucl\u00e9aire<\/h3>\n            <\/div>\n          \n            <div class=\"size-card-all-industrie relative overflow-hidden block relative\">\n              <div class=\"background-image absolute top-0 left-0 -z-1 w-full h-full\" style=\"--image-url: url(https:\/\/fischer.e-novision.ch\/app\/uploads\/2021\/07\/oil_gas_connectivity_solutions-600x600.jpg)\"><\/div>\n              <a href=\"https:\/\/fischer.e-novision.ch\/fr\/industries\/petrole-et-gaz\/\" class=\"absolute h-full w-full\"><\/a>\n              <h3 class=\"h5 m-0 industries-card-title absolute text-sm\">P\u00e9trole et gaz<\/h3>\n            <\/div>\n          \n            <div class=\"size-card-all-industrie relative overflow-hidden block relative\">\n              <div class=\"background-image absolute top-0 left-0 -z-1 w-full h-full\" style=\"--image-url: url(https:\/\/fischer.e-novision.ch\/app\/uploads\/2022\/03\/racing_connectivity_solutions_mobile-480x600.jpg)\"><\/div>\n              <a href=\"https:\/\/fischer.e-novision.ch\/fr\/industries\/sport-automobile\/\" class=\"absolute h-full w-full\"><\/a>\n              <h3 class=\"h5 m-0 industries-card-title absolute text-sm\">Sport automobile<\/h3>\n            <\/div>\n          \n            <div class=\"size-card-all-industrie relative overflow-hidden block relative\">\n              <div class=\"background-image absolute top-0 left-0 -z-1 w-full h-full\" style=\"--image-url: url(https:\/\/fischer.e-novision.ch\/app\/uploads\/2021\/07\/uav_connectivity_solutions.jpg)\"><\/div>\n              <a href=\"https:\/\/fischer.e-novision.ch\/fr\/industries\/vehicules-aeriens-sans-pilote\/\" class=\"absolute h-full w-full\"><\/a>\n              <h3 class=\"h5 m-0 industries-card-title absolute text-sm\">V\u00e9hicules a\u00e9riens sans pilote<\/h3>\n            <\/div>\n                                <\/div>\n  <\/div>\n<\/section>\n\n\n<section class=\"articles bg-bggrey\">\n  <div class=\"container overflow-hidden\">\n          <h2 class=\"text-red-500\">\u00c9tudes de cas<\/h2>\n      <div class=\"mb-8 lg:mb-0 lg:flex lg:justify-between lg:items-end lg:mb-12\">\n        <p class=\"lg:max-w-xl xl:max-w-2xl text-black\">Trouver des solutions innovantes \u00e0 des d\u00e9fis techniques complexes est le r\u00e9sultat d&rsquo;un processus de co-cr\u00e9ation.<\/p>\n                <div class=\"hidden lg:block lg:mb-3\">\n          <a  href=\"https:\/\/fischer.e-novision.ch\/fr\/news\/case-studies\/\" target=\"_self\" class=\"cta__arrow--red \"><span class=\"font-semibold\" >Voir plus d&rsquo;\u00e9tudes de cas<\/span><\/a>\n\n        <\/div>\n              <\/div>\n    \n    <div class=\"watch-swiper-container news-container lg:mb-4\">\n      <div class=\"swiper-wrapper\">\n                  <div class=\"swiper-slide flex h-auto\">\n            <div class=\"result-card rounded-card border-1 shadow-base w-full bg-white relative\">\n  <a class=\"h-full w-full inline-block absolute top-0 left-0\"  href=\"https:\/\/fischer.e-novision.ch\/fr\/case-studies\/facile-a-manipuler-nettoyer-durable-peu-encombrante-la-connectivite-ideale-pour-le-systeme-dassistance-cardio-pulmonaire-cardiohelp-de-getinge\/\" ><\/a>\n    <div class=\"h-full w-full flex flex-col\">\n          <div class=\"relative overflow-hidden w-full h-0 rounded-t-card\" style=\"padding-bottom: 51%;\">\n                <div class=\"absolute background-image top-0 left-0 w-full h-full\" style=\"background-image: url(https:\/\/fischer.e-novision.ch\/app\/uploads\/2020\/08\/easy_cleaning_connectivity-600x231.jpg);background-position: center center;background-size: cover\">\n        <\/div>\n            <\/div>\n        <div class=\"flex-grow p-4 lg:p-8 card-news-content flex flex-col justify-between\">\n      <div>\n                                  <h3 class=\"h5 mb-0 font-semibold line-clamp-3\">Facile \u00e0 manipuler &#038; nettoyer, durable, peu encombrante: la connectivit\u00e9 id\u00e9ale pour le syst\u00e8me d\u2019assistance cardio-pulmonaire Cardiohelp de Getinge<\/h3>\n      <\/div>\n          <\/div>\n          <\/div>\n\n<\/div>\n          <\/div>\n                  <div class=\"swiper-slide flex h-auto\">\n            <div class=\"result-card rounded-card border-1 shadow-base w-full bg-white relative\">\n  <a class=\"h-full w-full inline-block absolute top-0 left-0\"  href=\"https:\/\/fischer.e-novision.ch\/fr\/case-studies\/smooth-sailing-under-the-most-extreme-conditions-american-magic\/\" ><\/a>\n    <div class=\"h-full w-full flex flex-col\">\n          <div class=\"relative overflow-hidden w-full h-0 rounded-t-card\" style=\"padding-bottom: 51%;\">\n                <div class=\"absolute background-image top-0 left-0 w-full h-full\" style=\"background-image: url(https:\/\/fischer.e-novision.ch\/app\/uploads\/2021\/11\/american_magic-2-1-1400x538-1-600x231.jpg);background-position: center center;background-size: cover\">\n        <\/div>\n            <\/div>\n        <div class=\"flex-grow p-4 lg:p-8 card-news-content flex flex-col justify-between\">\n      <div>\n                                  <h3 class=\"h5 mb-0 font-semibold line-clamp-3\">Une navigation en douceur dans les conditions les plus extr\u00eames : American Magic<\/h3>\n      <\/div>\n          <\/div>\n          <\/div>\n\n<\/div>\n          <\/div>\n                  <div class=\"swiper-slide flex h-auto\">\n            <div class=\"result-card rounded-card border-1 shadow-base w-full bg-white relative\">\n  <a class=\"h-full w-full inline-block absolute top-0 left-0\"  href=\"https:\/\/fischer.e-novision.ch\/fr\/case-studies\/to-the-edge-of-space-with-solar-energy-solarstratos\/\" ><\/a>\n    <div class=\"h-full w-full flex flex-col\">\n          <div class=\"relative overflow-hidden w-full h-0 rounded-t-card\" style=\"padding-bottom: 51%;\">\n                <div class=\"absolute background-image top-0 left-0 w-full h-full\" style=\"background-image: url(https:\/\/fischer.e-novision.ch\/app\/uploads\/2021\/11\/solar_stratos-1400x538-1-600x231.jpg);background-position: center center;background-size: cover\">\n        <\/div>\n            <\/div>\n        <div class=\"flex-grow p-4 lg:p-8 card-news-content flex flex-col justify-between\">\n      <div>\n                                  <h3 class=\"h5 mb-0 font-semibold line-clamp-3\">Aux confins de l&rsquo;espace avec l&rsquo;\u00e9nergie solaire : SolarStratos<\/h3>\n      <\/div>\n          <\/div>\n          <\/div>\n\n<\/div>\n          <\/div>\n              <\/div>\n      <div class=\"news-pagination text-center mt-4 lg:mt-8 lg:hidden\"><\/div>\n            <div class=\"block mt-4 lg:mt-8 lg:hidden\">\n        <a  href=\"https:\/\/fischer.e-novision.ch\/fr\/news\/case-studies\/\" target=\"_self\" class=\"cta__arrow--red \"><span class=\"font-semibold\" >Voir plus d&rsquo;\u00e9tudes de cas<\/span><\/a>\n\n      <\/div>\n          <\/div>\n  <\/div>\n<\/section>\n\n\n<section class=\"red-banner-section lg:py-4 pt-10 pb-12 lg:py-20 bg-bgred \">\n  <div class=\"container lg:flex lg:flex-row justify-between\">\n      <div class=\"w-full lg:w-1\/2\">\n        <p class=\"text-white text-base lg:text-mdlg red-banner-p\">Nous nous engageons \u00e0 soutenir vos projets avec des solutions de connectivit\u00e9 fiables, robustes, \u00e9tanches et \u00e0 haute densit\u00e9 qui assurent une transmission de donn\u00e9es \u00e0 haute vitesse.<\/p>\n      <\/div>\n    <div class=\"flex flex-col justify-center w-full lg:w-1\/2 lg:items-end\">\n            <div class=\"red-banner-link-size\">\n                  <a  href=\"https:\/\/fischer.e-novision.ch\/technologies\/\" target=\"_self\" class=\"cta__arrow--fullred \"><span class=\"font-semibold\" >En savoir plus sur nos technologies<\/span><\/a>\n\n              <\/div>\n          <\/div>\n  <\/div>\n<\/section>\n\n","protected":false},"excerpt":{"rendered":"","protected":false},"author":1,"featured_media":0,"parent":0,"menu_order":90,"comment_status":"closed","ping_status":"closed","template":"","meta":{"_acf_changed":false,"footnotes":""},"class_list":["post-30913","page","type-page","status-publish","hentry"],"acf":false,"_links":{"self":[{"href":"https:\/\/fischer.e-novision.ch\/fr\/wp-json\/wp\/v2\/pages\/30913"}],"collection":[{"href":"https:\/\/fischer.e-novision.ch\/fr\/wp-json\/wp\/v2\/pages"}],"about":[{"href":"https:\/\/fischer.e-novision.ch\/fr\/wp-json\/wp\/v2\/types\/page"}],"author":[{"embeddable":true,"href":"https:\/\/fischer.e-novision.ch\/fr\/wp-json\/wp\/v2\/users\/1"}],"replies":[{"embeddable":true,"href":"https:\/\/fischer.e-novision.ch\/fr\/wp-json\/wp\/v2\/comments?post=30913"}],"version-history":[{"count":5,"href":"https:\/\/fischer.e-novision.ch\/fr\/wp-json\/wp\/v2\/pages\/30913\/revisions"}],"predecessor-version":[{"id":33090,"href":"https:\/\/fischer.e-novision.ch\/fr\/wp-json\/wp\/v2\/pages\/30913\/revisions\/33090"}],"wp:attachment":[{"href":"https:\/\/fischer.e-novision.ch\/fr\/wp-json\/wp\/v2\/media?parent=30913"}],"curies":[{"name":"wp","href":"https:\/\/api.w.org\/{rel}","templated":true}]}}