{"id":29435,"date":"2022-04-06T11:32:17","date_gmt":"2022-04-06T11:32:17","guid":{"rendered":"https:\/\/fischer.e-novision.ch\/?page_id=29435"},"modified":"2022-08-30T12:18:58","modified_gmt":"2022-08-30T12:18:58","slug":"solutions-test","status":"publish","type":"page","link":"https:\/\/fischer.e-novision.ch\/fr\/solutions-test\/","title":{"rendered":"Solutions"},"content":{"rendered":"<section class=\"bg-bggrey md:mt-0 pb-0 pt-0 pt-34 md:pt-36 lg:pt-0\" >\n        <div class=\"container page-header-div\">\n      \n      <h1 class=\"h3 page-title-solutions\" >Solutions<\/h1>\n      <p class=\"h5 lg:max-w-2xl page-subtitle-solutions lg:text-base\">Une connectivit\u00e9 haute performance quand vous en avez le plus besoin<br \/>\n<br \/>\nDesign, preuve de concept, prototypage, test et d\u00e9ploiement: en tirant parti de nos technologies de base en mati\u00e8re de connecteurs, d&rsquo;assemblage de c\u00e2bles et d&rsquo;\u00e9lectronique<\/p>\n          <\/div>\n<\/section>\n\n\n\n<section class=\"container section-all-solutions prevent-scrolltrigger\">\n                <div class=\"solution-page-card justify-between lg:pl-0 lg:pr-0\">\n        <div class=\"image-solution-card overflow-hidden fade-in-right\" style=\"border-radius: 5px;\">\n                      <a href=\"https:\/\/fischer.e-novision.ch\/fr\/solutions-services\/connecteurs\/\">\n            <div class=\"solutions-custom-slider background-image image-solution-card-img relative\" style=\"padding-bottom: 66%;\">\n              <div class=\"absolute top-0 left-0 w-full h-full\" style=\"background-image: url(https:\/\/fischer.e-novision.ch\/app\/uploads\/2021\/08\/connectors-1-600x600.jpg);background-position: center center;background-size: cover\"><\/div>\n            <\/div>\n            <\/a>\n                  <\/div>\n        <div class=\"self-center text-solution-card py-0 fade-in-left\">\n          <h2 class=\"h3 self-center title-solution-card mb-4 \">Connecteurs<\/h2>\n          <div class=\"section-all-solutions-text\"><p>Trouvez le produit qui vous convient dans notre large gamme de connecteurs.<\/p>\n<p>Avec plus de 30\u00a0000\u00a0r\u00e9f\u00e9rences disponibles, nos connecteurs am\u00e9liorent les performances de vos appareils et \u00e9cosyst\u00e8mes \u00e9lectroniques n\u00e9cessitant pr\u00e9cision et r\u00e9sistance \u00e0 des conditions extr\u00eames, en suivant les normes les plus \u00e9lev\u00e9es en mati\u00e8re de robustesse, d&rsquo;\u00e9tanch\u00e9it\u00e9, de haute densit\u00e9 et de transmission de donn\u00e9es.<\/p>\n<\/div>\n          <div class=\"lg:mt-8 mt-8 btn-solution\"><a  href=\"https:\/\/fischer.e-novision.ch\/fr\/solutions-services\/connecteurs\/\" target=\"_self\" class=\"cta__arrow--red \"><span class=\"font-semibold\" >Plug<\/span><\/a>\n\n<\/div>\n        <\/div>\n      <\/div>\n              <div class=\"solution-page-card justify-between lg:pl-0 lg:pr-0\">\n        <div class=\"image-solution-card overflow-hidden fade-in-left\" style=\"border-radius: 5px;\">\n                      <a href=\"https:\/\/fischer.e-novision.ch\/fr\/solutions-services\/connectors\/\">\n            <div class=\"solutions-custom-slider background-image image-solution-card-img relative\" style=\"padding-bottom: 66%;\">\n              <div class=\"absolute top-0 left-0 w-full h-full\" style=\"background-image: url(https:\/\/fischer.e-novision.ch\/app\/uploads\/2021\/08\/connectors-1-600x600.jpg);background-position: center center;background-size: cover\"><\/div>\n            <\/div>\n            <\/a>\n                  <\/div>\n        <div class=\"self-center text-solution-card py-0 fade-in-right\">\n          <h2 class=\"h3 self-center title-solution-card mb-4 lg:text-right\">Connectors<\/h2>\n          <div class=\"section-all-solutions-text\"><p>Find your suitable product within our wide range of connectors.<\/p>\n<p>With over 30,000 references available, our connectors enhance the performance of devices and electronic ecosystems requiring precision and resistance to extreme conditions, in compliance with the highest standards in ruggedness, sealing, high density and data transmission.<\/p>\n<\/div>\n          <div class=\"lg:mt-8 mt-8 btn-solution\"><a  href=\"https:\/\/fischer.e-novision.ch\/fr\/solutions-services\/connectors\/\" target=\"_self\" class=\"cta__arrow--red \"><span class=\"font-semibold\" >Plug<\/span><\/a>\n\n<\/div>\n        <\/div>\n      <\/div>\n              <div class=\"solution-page-card justify-between lg:pl-0 lg:pr-0\">\n        <div class=\"image-solution-card overflow-hidden fade-in-right\" style=\"border-radius: 5px;\">\n                      <a href=\"https:\/\/fischer.e-novision.ch\/fr\/solutions-services\/fischer-fiberoptic-series\/\">\n            <div class=\"solutions-custom-slider background-image image-solution-card-img relative\" style=\"padding-bottom: 66%;\">\n              <div class=\"absolute top-0 left-0 w-full h-full\" style=\"background-image: url(https:\/\/fischer.e-novision.ch\/app\/uploads\/2021\/08\/fiberoptic_series.png);background-position: center center;background-size: cover\"><\/div>\n            <\/div>\n            <\/a>\n                  <\/div>\n        <div class=\"self-center text-solution-card py-0 fade-in-left\">\n          <h2 class=\"h3 self-center title-solution-card mb-4 \">Fischer FiberOptic Series<\/h2>\n          <div class=\"section-all-solutions-text\"><\/div>\n          <div class=\"lg:mt-8 mt-8 btn-solution\"><a  href=\"https:\/\/fischer.e-novision.ch\/fr\/solutions-services\/fischer-fiberoptic-series\/\" target=\"_self\" class=\"cta__arrow--red \"><span class=\"font-semibold\" ><\/span><\/a>\n\n<\/div>\n        <\/div>\n      <\/div>\n              <div class=\"solution-page-card justify-between lg:pl-0 lg:pr-0\">\n        <div class=\"image-solution-card overflow-hidden fade-in-left\" style=\"border-radius: 5px;\">\n                      <a href=\"https:\/\/fischer.e-novision.ch\/fr\/solutions-services\/cable-assembly\/\">\n            <div class=\"solutions-custom-slider background-image image-solution-card-img relative\" style=\"padding-bottom: 66%;\">\n              <div class=\"absolute top-0 left-0 w-full h-full\" style=\"background-image: url(https:\/\/fischer.e-novision.ch\/app\/uploads\/2021\/08\/cable_assembly_solutions-1-600x600.jpg);background-position: center center;background-size: cover\"><\/div>\n            <\/div>\n            <\/a>\n                  <\/div>\n        <div class=\"self-center text-solution-card py-0 fade-in-right\">\n          <h2 class=\"h3 self-center title-solution-card mb-4 lg:text-right\">Cable assembly<\/h2>\n          <div class=\"section-all-solutions-text\"><p>Simplify your supply chain with a single trusted solution provider.<\/p>\n<p>Our cable assembly experts are available as the knowledgeable extensions of your company\u2019s technical department. Informed on all the ins and outs of your application environment, they design optimal solutions in close partnership with your in-house engineers.<\/p>\n<p>From design drawings to the industrialized solution, through proofs of concept and prototypes.<\/p>\n<\/div>\n          <div class=\"lg:mt-8 mt-8 btn-solution\"><a  href=\"https:\/\/fischer.e-novision.ch\/fr\/solutions-services\/cable-assembly\/\" target=\"_self\" class=\"cta__arrow--red \"><span class=\"font-semibold\" >Connect<\/span><\/a>\n\n<\/div>\n        <\/div>\n      <\/div>\n              <div class=\"solution-page-card justify-between lg:pl-0 lg:pr-0\">\n        <div class=\"image-solution-card overflow-hidden fade-in-right\" style=\"border-radius: 5px;\">\n                      <a href=\"https:\/\/fischer.e-novision.ch\/fr\/solutions-services\/electronics\/\">\n            <div class=\"solutions-custom-slider background-image image-solution-card-img relative\" style=\"padding-bottom: 66%;\">\n              <div class=\"absolute top-0 left-0 w-full h-full\" style=\"background-image: url(https:\/\/fischer.e-novision.ch\/app\/uploads\/2021\/08\/electronic_solutions-1-600x600.jpg);background-position: center center;background-size: cover\"><\/div>\n            <\/div>\n            <\/a>\n                  <\/div>\n        <div class=\"self-center text-solution-card py-0 fade-in-left\">\n          <h2 class=\"h3 self-center title-solution-card mb-4 \">Electronics<\/h2>\n          <div class=\"section-all-solutions-text\"><p>Integrated electronic solutions to expand your application capabilities.<\/p>\n<p>Our in-house teams work with emerging technologies and partners to enhance the functionality of your equipment and ecosystems.<\/p>\n<p>We offer dedicated, pioneering electronic development from initial evaluation and proof of concept, through design and industrial supply, to life cycle management.<\/p>\n<\/div>\n          <div class=\"lg:mt-8 mt-8 btn-solution\"><a  href=\"https:\/\/fischer.e-novision.ch\/fr\/solutions-services\/electronics\/\" target=\"_self\" class=\"cta__arrow--red \"><span class=\"font-semibold\" >&#038; Play<\/span><\/a>\n\n<\/div>\n        <\/div>\n      <\/div>\n              <div class=\"solution-page-card justify-between lg:pl-0 lg:pr-0\">\n        <div class=\"image-solution-card overflow-hidden fade-in-left\" style=\"border-radius: 5px;\">\n                      <a href=\"https:\/\/fischer.e-novision.ch\/fr\/solutions-services\/tailored-solutions\/\">\n            <div class=\"solutions-custom-slider background-image image-solution-card-img relative\" style=\"padding-bottom: 66%;\">\n              <div class=\"absolute top-0 left-0 w-full h-full\" style=\"background-image: url(https:\/\/fischer.e-novision.ch\/app\/uploads\/2021\/05\/tailored_connectivity_solutions-1-600x600.jpg);background-position: center center;background-size: cover\"><\/div>\n            <\/div>\n            <\/a>\n                  <\/div>\n        <div class=\"self-center text-solution-card py-0 fade-in-right\">\n          <h2 class=\"h3 self-center title-solution-card mb-4 lg:text-right\">Tailored solutions<\/h2>\n          <div class=\"section-all-solutions-text\"><p>Co-creating innovative solutions.<\/p>\n<p>No matter what stage of the design process you\u2019re at, our experienced connectivity engineers will work with you to specify and select the proper materials and optimize the form, fit and function of your connectivity solutions. <\/p>\n<p>Tailored to any demanding needs and requirements, from sealing and hermeticity, through lightweight and space saving, to ruggedized designs and high data speeds.<\/p>\n<\/div>\n          <div class=\"lg:mt-8 mt-8 btn-solution\"><a  href=\"https:\/\/fischer.e-novision.ch\/fr\/solutions-services\/tailored-solutions\/\" target=\"_self\" class=\"cta__arrow--red \"><span class=\"font-semibold\" >Create<\/span><\/a>\n\n<\/div>\n        <\/div>\n      <\/div>\n              <div class=\"solution-page-card justify-between lg:pl-0 lg:pr-0\">\n        <div class=\"image-solution-card overflow-hidden fade-in-right\" style=\"border-radius: 5px;\">\n                      <a href=\"https:\/\/fischer.e-novision.ch\/fr\/solutions-services\/test\/\">\n            <div class=\"solutions-custom-slider background-image image-solution-card-img relative\" style=\"padding-bottom: 66%;\">\n              <div class=\"absolute top-0 left-0 w-full h-full\" style=\"background-image: url();background-position: center center;background-size: cover\"><\/div>\n            <\/div>\n            <\/a>\n                  <\/div>\n        <div class=\"self-center text-solution-card py-0 fade-in-left\">\n          <h2 class=\"h3 self-center title-solution-card mb-4 \">test<\/h2>\n          <div class=\"section-all-solutions-text\"><\/div>\n          <div class=\"lg:mt-8 mt-8 btn-solution\"><a  href=\"https:\/\/fischer.e-novision.ch\/fr\/solutions-services\/test\/\" target=\"_self\" class=\"cta__arrow--red \"><span class=\"font-semibold\" ><\/span><\/a>\n\n<\/div>\n        <\/div>\n      <\/div>\n              <div class=\"solution-page-card justify-between lg:pl-0 lg:pr-0\">\n        <div class=\"image-solution-card overflow-hidden fade-in-left\" style=\"border-radius: 5px;\">\n                      <a href=\"https:\/\/fischer.e-novision.ch\/fr\/solutions-services\/assemblage-de-cable\/\">\n            <div class=\"solutions-custom-slider background-image image-solution-card-img relative\" style=\"padding-bottom: 66%;\">\n              <div class=\"absolute top-0 left-0 w-full h-full\" style=\"background-image: url(https:\/\/fischer.e-novision.ch\/app\/uploads\/2021\/08\/cable_assembly_solutions-1-600x600.jpg);background-position: center center;background-size: cover\"><\/div>\n            <\/div>\n            <\/a>\n                  <\/div>\n        <div class=\"self-center text-solution-card py-0 fade-in-right\">\n          <h2 class=\"h3 self-center title-solution-card mb-4 lg:text-right\">Assemblage de c\u00e2bles<\/h2>\n          <div class=\"section-all-solutions-text\"><p>Simplifiez votre cha\u00eene d&rsquo;approvisionnement avec un seul fournisseur de solutions de confiance.<\/p>\n<p>Nos experts en c\u00e2blages sont \u00e0 la disposition du d\u00e9partement technique de votre entreprise en tant que relais comp\u00e9tents. Au fait de tous les tenants et aboutissants de votre environnement d&rsquo;application, ils con\u00e7oivent des solutions optimales en \u00e9troite collaboration avec vos ing\u00e9nieurs internes.<\/p>\n<p>Des dessins techniques \u00e0 la solution industrialis\u00e9e, en passant par les preuves de concept et les prototypes.<\/p>\n<\/div>\n          <div class=\"lg:mt-8 mt-8 btn-solution\"><a  href=\"https:\/\/fischer.e-novision.ch\/fr\/solutions-services\/assemblage-de-cable\/\" target=\"_self\" class=\"cta__arrow--red \"><span class=\"font-semibold\" >Connect<\/span><\/a>\n\n<\/div>\n        <\/div>\n      <\/div>\n              <div class=\"solution-page-card justify-between lg:pl-0 lg:pr-0\">\n        <div class=\"image-solution-card overflow-hidden fade-in-right\" style=\"border-radius: 5px;\">\n                      <a href=\"https:\/\/fischer.e-novision.ch\/fr\/solutions-services\/electronique\/\">\n            <div class=\"solutions-custom-slider background-image image-solution-card-img relative\" style=\"padding-bottom: 66%;\">\n              <div class=\"absolute top-0 left-0 w-full h-full\" style=\"background-image: url(https:\/\/fischer.e-novision.ch\/app\/uploads\/2021\/08\/electronic_solutions-1-600x600.jpg);background-position: center center;background-size: cover\"><\/div>\n            <\/div>\n            <\/a>\n                  <\/div>\n        <div class=\"self-center text-solution-card py-0 fade-in-left\">\n          <h2 class=\"h3 self-center title-solution-card mb-4 \">\u00c9lectronique<\/h2>\n          <div class=\"section-all-solutions-text\"><p>Des solutions \u00e9lectroniques int\u00e9gr\u00e9es pour \u00e9tendre vos capacit\u00e9s d&rsquo;application.<\/p>\n<p>Nos \u00e9quipes internes travaillent avec des partenaires et des technologies \u00e9mergentes afin d&rsquo;am\u00e9liorer la fonctionnalit\u00e9 de vos \u00e9quipements et \u00e9cosyst\u00e8mes.<\/p>\n<p>Nous proposons un d\u00e9veloppement \u00e9lectronique d\u00e9di\u00e9 et pionnier, depuis l&rsquo;\u00e9valuation initiale et la preuve de concept jusqu&rsquo;\u00e0 la gestion du cycle de vie, en passant par le design et la fourniture industrielle.<\/p>\n<\/div>\n          <div class=\"lg:mt-8 mt-8 btn-solution\"><a  href=\"https:\/\/fischer.e-novision.ch\/fr\/solutions-services\/electronique\/\" target=\"_self\" class=\"cta__arrow--red \"><span class=\"font-semibold\" >&#038; Play<\/span><\/a>\n\n<\/div>\n        <\/div>\n      <\/div>\n              <div class=\"solution-page-card justify-between lg:pl-0 lg:pr-0\">\n        <div class=\"image-solution-card overflow-hidden fade-in-left\" style=\"border-radius: 5px;\">\n                      <a href=\"https:\/\/fischer.e-novision.ch\/fr\/solutions-services\/solutions-sur-mesure\/\">\n            <div class=\"solutions-custom-slider background-image image-solution-card-img relative\" style=\"padding-bottom: 66%;\">\n              <div class=\"absolute top-0 left-0 w-full h-full\" style=\"background-image: url(https:\/\/fischer.e-novision.ch\/app\/uploads\/2021\/05\/tailored_connectivity_solutions-1-600x600.jpg);background-position: center center;background-size: cover\"><\/div>\n            <\/div>\n            <\/a>\n                  <\/div>\n        <div class=\"self-center text-solution-card py-0 fade-in-right\">\n          <h2 class=\"h3 self-center title-solution-card mb-4 lg:text-right\">Solutions sur mesure<\/h2>\n          <div class=\"section-all-solutions-text\"><p>Co-cr\u00e9er des solutions innovantes.<\/p>\n<p>Peu importe l&rsquo;\u00e9tape du processus de conception \u00e0 laquelle vous vous trouvez, nos ing\u00e9nieurs en connectivit\u00e9 exp\u00e9riment\u00e9s collaboreront avec vous pour d\u00e9terminer et s\u00e9lectionner les mat\u00e9riaux appropri\u00e9s et optimiser la forme, l&rsquo;ajustement et la fonction de vos solutions de connectivit\u00e9. <\/p>\n<p>Des solutions personnalis\u00e9es pour r\u00e9pondre \u00e0 tous les besoins et exigences, qu&rsquo;il s&rsquo;agisse de l&rsquo;\u00e9tanch\u00e9it\u00e9 et de l&rsquo;herm\u00e9ticit\u00e9, de la l\u00e9g\u00e8ret\u00e9 et du gain d&rsquo;espace, de la robustesse et des hautes vitesses de donn\u00e9es.<\/p>\n<\/div>\n          <div class=\"lg:mt-8 mt-8 btn-solution\"><a  href=\"https:\/\/fischer.e-novision.ch\/fr\/solutions-services\/solutions-sur-mesure\/\" target=\"_self\" class=\"cta__arrow--red \"><span class=\"font-semibold\" >Cr\u00e9er<\/span><\/a>\n\n<\/div>\n        <\/div>\n      <\/div>\n              <\/div>\n    <\/div>\n<\/section>\n\n\n<section class=\"red-banner-section lg:py-4 pt-10 pb-12 lg:py-20 bg-bgred \">\n  <div class=\"container lg:flex lg:flex-row justify-between\">\n      <div class=\"w-full lg:w-1\/2\">\n        <p class=\"text-white text-base lg:text-mdlg red-banner-p\">Vous recherchez une solution de connectivit\u00e9 robuste et \u00e9tanche pour votre application? Votre produit est soumis \u00e0 des contraintes de poids ou de taille?<\/p>\n      <\/div>\n    <div class=\"flex flex-col justify-center w-full lg:w-1\/2 lg:items-end\">\n            <div class=\"red-banner-link-size\">\n                  <a  href=\"https:\/\/fischer.e-novision.ch\/technologies\/\" target=\"_self\" class=\"cta__arrow--fullred \"><span class=\"font-semibold\" >En savoir plus sur nos technologies<\/span><\/a>\n\n              <\/div>\n          <\/div>\n  <\/div>\n<\/section>\n\n","protected":false},"excerpt":{"rendered":"","protected":false},"author":1,"featured_media":0,"parent":0,"menu_order":96,"comment_status":"closed","ping_status":"closed","template":"","meta":{"_acf_changed":false,"footnotes":""},"class_list":["post-29435","page","type-page","status-publish","hentry"],"acf":false,"_links":{"self":[{"href":"https:\/\/fischer.e-novision.ch\/fr\/wp-json\/wp\/v2\/pages\/29435"}],"collection":[{"href":"https:\/\/fischer.e-novision.ch\/fr\/wp-json\/wp\/v2\/pages"}],"about":[{"href":"https:\/\/fischer.e-novision.ch\/fr\/wp-json\/wp\/v2\/types\/page"}],"author":[{"embeddable":true,"href":"https:\/\/fischer.e-novision.ch\/fr\/wp-json\/wp\/v2\/users\/1"}],"replies":[{"embeddable":true,"href":"https:\/\/fischer.e-novision.ch\/fr\/wp-json\/wp\/v2\/comments?post=29435"}],"version-history":[{"count":3,"href":"https:\/\/fischer.e-novision.ch\/fr\/wp-json\/wp\/v2\/pages\/29435\/revisions"}],"predecessor-version":[{"id":34031,"href":"https:\/\/fischer.e-novision.ch\/fr\/wp-json\/wp\/v2\/pages\/29435\/revisions\/34031"}],"wp:attachment":[{"href":"https:\/\/fischer.e-novision.ch\/fr\/wp-json\/wp\/v2\/media?parent=29435"}],"curies":[{"name":"wp","href":"https:\/\/api.w.org\/{rel}","templated":true}]}}