{"id":29405,"date":"2022-04-06T11:32:17","date_gmt":"2022-04-06T11:32:17","guid":{"rendered":"https:\/\/fischer.e-novision.ch\/?page_id=29405"},"modified":"2022-04-06T11:32:17","modified_gmt":"2022-04-06T11:32:17","slug":"etudiants-et-diplomes","status":"publish","type":"page","link":"https:\/\/fischer.e-novision.ch\/fr\/a-propos\/nous-rejoindre\/etudiants-et-diplomes\/","title":{"rendered":"\u00c9tudiants et dipl\u00f4m\u00e9s"},"content":{"rendered":"","protected":false},"excerpt":{"rendered":"","protected":false},"author":1,"featured_media":0,"parent":29397,"menu_order":16,"comment_status":"closed","ping_status":"closed","template":"","meta":{"_acf_changed":false,"footnotes":""},"class_list":["post-29405","page","type-page","status-publish","hentry"],"acf":false,"_links":{"self":[{"href":"https:\/\/fischer.e-novision.ch\/fr\/wp-json\/wp\/v2\/pages\/29405"}],"collection":[{"href":"https:\/\/fischer.e-novision.ch\/fr\/wp-json\/wp\/v2\/pages"}],"about":[{"href":"https:\/\/fischer.e-novision.ch\/fr\/wp-json\/wp\/v2\/types\/page"}],"author":[{"embeddable":true,"href":"https:\/\/fischer.e-novision.ch\/fr\/wp-json\/wp\/v2\/users\/1"}],"replies":[{"embeddable":true,"href":"https:\/\/fischer.e-novision.ch\/fr\/wp-json\/wp\/v2\/comments?post=29405"}],"version-history":[{"count":2,"href":"https:\/\/fischer.e-novision.ch\/fr\/wp-json\/wp\/v2\/pages\/29405\/revisions"}],"predecessor-version":[{"id":30341,"href":"https:\/\/fischer.e-novision.ch\/fr\/wp-json\/wp\/v2\/pages\/29405\/revisions\/30341"}],"up":[{"embeddable":true,"href":"https:\/\/fischer.e-novision.ch\/fr\/wp-json\/wp\/v2\/pages\/29397"}],"wp:attachment":[{"href":"https:\/\/fischer.e-novision.ch\/fr\/wp-json\/wp\/v2\/media?parent=29405"}],"curies":[{"name":"wp","href":"https:\/\/api.w.org\/{rel}","templated":true}]}}