{"id":29397,"date":"2022-04-06T11:32:17","date_gmt":"2022-04-06T11:32:17","guid":{"rendered":"https:\/\/fischer.e-novision.ch\/?page_id=29397"},"modified":"2022-06-15T08:32:52","modified_gmt":"2022-06-15T08:32:52","slug":"nous-rejoindre","status":"publish","type":"page","link":"https:\/\/fischer.e-novision.ch\/fr\/a-propos\/nous-rejoindre\/","title":{"rendered":"Nous rejoindre"},"content":{"rendered":"<section class=\"pb-0 pt-24 md:pt-36 lg:pt-40\">\n  <div class=\"relative grid grid-cols-12\">\n    <div class=\"container px-4 md:pr-8 md:pl-8 lg:max-w-full relative lg:absolute w-full lg:transform lg:-translate-y-32 z-50 lg:top-0 mt-4 md:mt-12 lg:mt-0 col-span-full flex flex-col lg:items-center order-last lg:order-none\">\n      <div class=\"relative\">\n        <h1 role=\"heading\" aria-level=\"1\" class=\"text-md md:text-destructured-header-title leading-none\" >Nous rejoindre <\/h1>\n        <p class=\"h4 items-end lg:max-w-half leading-tight\">\n          Dynamisez votre parcours professionnel\n        <\/p>\n      <\/div>\n    <\/div>\n    <div style=\"background: url(https:\/\/fischer.e-novision.ch\/app\/uploads\/2021\/11\/join_us-2.jpg); background-repeat: no-repeat; background-position: center center; background-size: cover\" class=\"w-full col-span-full lg:col-start-7 lg:col-end-13 aspect-w-16 aspect-h-9\"><\/div>\n  <\/div>\n<\/section>\n\n\n<section class=\"section-intro relative mb-20\">\n  <div class=\"container grid grid-cols-1 md:grid-cols-2\">\n    <div class=\"md:text-right md:mr-12\">\n      <h1 class=\"h4 font-semibold\">Une entreprise en constante \u00e9volution, ax\u00e9e sur la technologie: votre travail compte dans notre organisation apprenante<\/h1>\n    <\/div>\n    <div>\n      <p>Chez Fischer Connectors, nous pensons avoir beaucoup \u00e0 apprendre des personnes talentueuses que nous embauchons. Notre capacit\u00e9 \u00e0 fa\u00e7onner l&rsquo;avenir et \u00e0 garantir notre long\u00e9vit\u00e9 et notre excellence d\u00e9pend du savoir-faire de nos collaborateurs. Si vous souhaitez travailler au sein d&rsquo;une entreprise dynamique et multinationale et avoir un r\u00e9el impact sur ses activit\u00e9s, rejoignez-nous \u2013 nous offrons un milieu de travail id\u00e9al!<\/p>\n\n    <\/div>\n  <\/div>\n<\/section>\n\n\n<div class=\"mb-20 lg:mb-32 mt-8\">\n    <div class=\"grid grid-cols-12 gap-x-0 lg:gap-x-8 items-center\">\n      <div style=\"background-image: url(https:\/\/fischer.e-novision.ch\/app\/uploads\/2021\/11\/work_opportunities.jpg)\" class=\"col-span-full lg:col-span-5 aspect-w-16 aspect-h-9 lg:aspect-none h-full bg-center bg-cover bg-no-repeat w-full\"><\/div>\n      <div class=\"px-4 lg:px-0 lg:px-0 transform lg:-translate-y-0 col-span-full lg:col-span-6\">\n        <div class=\"xl:ml-20 lg:transform lg:-translate-x-1\/4 my-4 md:my-12 3xl:my-24\">\n          <h2 role=\"heading\" aria-level=\"1\" class=\"break-normal relative text-md md:text-xxl leading-none lg:leading-none\">Offres d&#8217;emploi<\/h2>\n        <\/div>\n        <div class=\"grid grid-cols-12 lg:mb-20\">\n          <div class=\"dh-sub col-span-full prose-destructured-card lg:col-start-1 lg:col-end-8 mb-4 lg:mb-8\">\n            <h4>En tant que groupe technologique mondial en pleine croissance, nous avons besoin de nouveaux talents pour concr\u00e9tiser notre vision ambitieuse de r\u00e9imaginer ensemble la connectivit\u00e9.<\/h4>\n\n          <\/div>\n                    <div class=\"col-span-full lg:col-start-1 lg:col-end-8\">\n            <a  href=\"https:\/\/fischer.e-novision.ch\/fr\/about-us\/join-us\/job-openings\/\" target=\"_self\" class=\"cta__arrow--red \"><span class=\"font-semibold\" >D\u00e9couvrir les offres d&#8217;emploi<\/span><\/a>\n\n          <\/div>\n                  <\/div>\n      <\/div>\n    <\/div>\n  <\/div>\n\n\n<div class=\"mb-20 lg:mb-32 mt-8 \">\n    <div class=\"grid grid-flow-col-dense lg:grid-flow-col grid-cols-12 gap-x-0 lg:gap-x-8 items-center\">\n      <div class=\"px-4 lg:px-0 transform lg:-translate-y-0 order-last lg:order-none col-span-full lg:col-span-8\">\n        <div class=\"xl:mr-20 lg:transform lg:translate-x-1\/4 text-left lg:text-right my-4 md:my-12 3xl:my-24\">\n          <h2 role=\"heading\" aria-level=\"1\" class=\"break-normal relative text-md md:text-xxl leading-none lg:leading-none\">\u00c9tudiants et<br>dipl\u00f4m\u00e9s<\/h2>\n        <\/div>\n        <div class=\"grid grid-cols-12 lg:mb-20\">\n          <div class=\"dh-sub col-span-full prose-destructured-card lg:col-start-6 lg:col-end-13 text-left lg:text-right mb-4 lg:mb-8\">\n            <h4>Prenez part \u00e0 nos programmes entrepreneuriaux innovants. Nous offrons des opportunit\u00e9s passionnantes et stimulantes aux \u00e9tudiants et aux dipl\u00f4m\u00e9s \u00e0 la recherche de projets de master et de stages.<\/h4>\n\n          <\/div>\n                  <\/div>\n      <\/div>\n      <div style=\"background-image: url(https:\/\/fischer.e-novision.ch\/app\/uploads\/2021\/11\/students_and_graduates-1.jpg)\" class=\"relative -z-1 col-span-full lg:col-start-9 lg:col-end-13 aspect-w-16 aspect-h-9 lg:aspect-none w-full h-full bg-center bg-cover bg-no-repeat\"><\/div>\n    <\/div>\n  <\/div>\n\n\n<div class=\"mb-20 lg:mb-32 mt-8\">\n    <div class=\"grid grid-cols-12 gap-x-0 lg:gap-x-8 items-center\">\n      <div style=\"background-image: url(https:\/\/fischer.e-novision.ch\/app\/uploads\/2021\/11\/join_us-1.jpg)\" class=\"col-span-full lg:col-span-6 aspect-w-16 aspect-h-9 lg:aspect-none h-full bg-center bg-cover bg-no-repeat w-full\"><\/div>\n      <div class=\"px-4 lg:px-0 transform lg:-translate-y-0 col-span-full lg:col-span-6\">\n        <div class=\"xl:ml-20 lg:transform lg:-translate-x-1\/4 my-4 md:my-12 3xl:my-24\">\n          <h2 role=\"heading\" aria-level=\"1\" class=\"break-normal relative text-md md:text-xxl leading-none lg:leading-none\">Rencontrer<br>nos collaborateurs<\/h2>\n        <\/div>\n        <div class=\"grid grid-cols-12 lg:mb-20\">\n          <div class=\"dh-sub col-span-full prose-destructured-card lg:col-start-1 lg:col-end-8 mb-4 lg:mb-8\">\n            <h4>Fischer Connectors regroupe des professionnels inspirants. Rencontrez quelques ambassadeurs de notre entreprise dans notre blog d\u00e9di\u00e9.<\/h4>\n\n          <\/div>\n                    <div class=\"col-span-full lg:col-start-1 lg:col-end-8\">\n            <a  href=\"https:\/\/fischer.e-novision.ch\/about-us\/join-us\/meet-our-people\/\" target=\"_self\" class=\"cta__arrow--red \"><span class=\"font-semibold\" >Rencontrer nos collaborateurs<\/span><\/a>\n\n          <\/div>\n                  <\/div>\n      <\/div>\n    <\/div>\n  <\/div>\n","protected":false},"excerpt":{"rendered":"","protected":false},"author":1,"featured_media":0,"parent":29360,"menu_order":69,"comment_status":"closed","ping_status":"closed","template":"","meta":{"_acf_changed":false,"footnotes":""},"class_list":["post-29397","page","type-page","status-publish","hentry"],"acf":false,"_links":{"self":[{"href":"https:\/\/fischer.e-novision.ch\/fr\/wp-json\/wp\/v2\/pages\/29397"}],"collection":[{"href":"https:\/\/fischer.e-novision.ch\/fr\/wp-json\/wp\/v2\/pages"}],"about":[{"href":"https:\/\/fischer.e-novision.ch\/fr\/wp-json\/wp\/v2\/types\/page"}],"author":[{"embeddable":true,"href":"https:\/\/fischer.e-novision.ch\/fr\/wp-json\/wp\/v2\/users\/1"}],"replies":[{"embeddable":true,"href":"https:\/\/fischer.e-novision.ch\/fr\/wp-json\/wp\/v2\/comments?post=29397"}],"version-history":[{"count":4,"href":"https:\/\/fischer.e-novision.ch\/fr\/wp-json\/wp\/v2\/pages\/29397\/revisions"}],"predecessor-version":[{"id":31245,"href":"https:\/\/fischer.e-novision.ch\/fr\/wp-json\/wp\/v2\/pages\/29397\/revisions\/31245"}],"up":[{"embeddable":true,"href":"https:\/\/fischer.e-novision.ch\/fr\/wp-json\/wp\/v2\/pages\/29360"}],"wp:attachment":[{"href":"https:\/\/fischer.e-novision.ch\/fr\/wp-json\/wp\/v2\/media?parent=29397"}],"curies":[{"name":"wp","href":"https:\/\/api.w.org\/{rel}","templated":true}]}}