{"id":29384,"date":"2022-04-06T11:32:16","date_gmt":"2022-04-06T11:32:16","guid":{"rendered":"https:\/\/fischer.e-novision.ch\/?page_id=29384"},"modified":"2022-06-15T08:23:27","modified_gmt":"2022-06-15T08:23:27","slug":"vision","status":"publish","type":"page","link":"https:\/\/fischer.e-novision.ch\/fr\/a-propos\/vision\/","title":{"rendered":"Vision"},"content":{"rendered":"<section class=\"pb-0 pt-24 md:pt-36 lg:pt-40\">\n  <div class=\"relative grid grid-cols-12\">\n    <div class=\"container px-4 md:pr-8 md:pl-8 lg:max-w-full relative lg:absolute w-full lg:transform lg:-translate-y-32 z-50 lg:top-0 mt-4 md:mt-12 lg:mt-0 col-span-full flex flex-col lg:items-center order-last lg:order-none\">\n      <div class=\"relative\">\n        <h1 role=\"heading\" aria-level=\"1\" class=\"text-md md:text-destructured-header-title leading-none\" >Notre vision<\/h1>\n        <p class=\"h4 items-end lg:max-w-half leading-tight\">\n          Nous pensons que m\u00eame une entreprise de connecteurs peut changer le monde\n        <\/p>\n      <\/div>\n    <\/div>\n    <div style=\"background: url(https:\/\/fischer.e-novision.ch\/app\/uploads\/2021\/11\/our_vision_banner-scaled.jpeg); background-repeat: no-repeat; background-position: center center; background-size: cover\" class=\"w-full col-span-full lg:col-start-7 lg:col-end-13 aspect-w-16 aspect-h-9\"><\/div>\n  <\/div>\n<\/section>\n\n\n<section class=\"section-intro relative mb-20\">\n  <div class=\"container grid grid-cols-1 md:grid-cols-2\">\n    <div class=\"md:text-right md:mr-12\">\n      <h1 class=\"h4 font-semibold\">Cela peut para\u00eetre ambitieux.<\/h1>\n    <\/div>\n    <div>\n      <p>Mais aux c\u00f4t\u00e9s de nos clients, nous repoussons d\u00e9j\u00e0 les limites de la connectivit\u00e9.<\/p>\n<p>Notre vision, notre mission et nos valeurs traduisent notre identit\u00e9, ce que nous faisons, pourquoi et comment nous le faisons. Elles constituent un guide pour notre avenir, ainsi qu&rsquo;un reflet de notre histoire. Elles repr\u00e9sentent notre vision du monde et le changement que nous souhaitons y apporter.<\/p>\n\n    <\/div>\n  <\/div>\n<\/section>\n\n\n<section class=\"overflow-x-hidden pt-0 lg:pt-24 mt-0 lg:mt-8\">\n  <div class=\"container grid grid-cols-12 mt-28 md:mt-64 mb-32\">\n    <div class=\"relative col-span-12 xl:col-start-2 xl:col-end-13\">\n      <img decoding=\"async\" loading=\"lazy\"class=\"xl:ml-15-per\" src=\"https:\/\/fischer.e-novision.ch\/app\/themes\/horde\/dist\/images\/fischer_connectors_values_reimagine_connectivity.jpg\" alt=\"Reimagine connectivity\">\n      <div>\n        <img decoding=\"async\" loading=\"lazy\"style=\"left: 80%; top: -35%\" class=\"hidden lg:block absolute -z-1 top-1\/2 left-1\/2 -z-1\" width=\"130\" src=\"https:\/\/fischer.e-novision.ch\/app\/themes\/horde\/dist\/images\/fischer_connectors_values_reimagine_connectivity_planet.jpg\" alt=\"planet\">\n        <img decoding=\"async\" loading=\"lazy\"style=\"left: -10%; top: 35%\" class=\"sm:block absolute -z-1 transform rotate-12\" width=\"20\" src=\"https:\/\/fischer.e-novision.ch\/app\/themes\/horde\/dist\/images\/fischer_connectors_values_reimagine_connectivity_star.jpg\" alt=\"star\">\n        <img decoding=\"async\" loading=\"lazy\"style=\"left: 0%; top: 0%\" class=\"sm:block absolute -z-1 transform rotate-6\" width=\"18\" src=\"https:\/\/fischer.e-novision.ch\/app\/themes\/horde\/dist\/images\/fischer_connectors_values_reimagine_connectivity_star.jpg\" alt=\"star\">\n        <img decoding=\"async\" loading=\"lazy\"style=\"left: 55%; top: -20%\" class=\"sm:block absolute -z-1 top-1\/2 left-1\/2 transform rotate-45\" width=\"40\" src=\"https:\/\/fischer.e-novision.ch\/app\/themes\/horde\/dist\/images\/fischer_connectors_values_reimagine_connectivity_star.jpg\" alt=\"star\">\n        <img decoding=\"async\" loading=\"lazy\"style=\"left: 95%; top: -5%\" class=\"sm:block absolute -z-1 top-1\/2 left-1\/2 transform -rotate-12\" width=\"22\" src=\"https:\/\/fischer.e-novision.ch\/app\/themes\/horde\/dist\/images\/fischer_connectors_values_reimagine_connectivity_star.jpg\" alt=\"star\">\n        <img decoding=\"async\" loading=\"lazy\"style=\"left: 100%; top: 55%\" class=\"sm:block absolute -z-1 top-1\/2 left-1\/2 transform -rotate-6\" width=\"21\" src=\"https:\/\/fischer.e-novision.ch\/app\/themes\/horde\/dist\/images\/fischer_connectors_values_reimagine_connectivity_star.jpg\" alt=\"star\">\n        <img decoding=\"async\" loading=\"lazy\"style=\"left: 5%; top: 75%\" class=\"hidden md:block absolute -z-1 top-1\/2 left-1\/2 transform -rotate-45\" width=\"18\" src=\"https:\/\/fischer.e-novision.ch\/app\/themes\/horde\/dist\/images\/fischer_connectors_values_reimagine_connectivity_star.jpg\" alt=\"star\">\n      <\/div>\n      <div class=\"xl:ml-30-per xl:max-w-xl mt-24\">\n        <div class=\"h4 text-sm md:text-md font-semibold\">\n          Notre vision est de r\u00e9imaginer la connectivit\u00e9, en transformant des id\u00e9es ambitieuses en solutions qui fa\u00e7onnent l&rsquo;avenir.\n        <\/div>\n        <p>Notre vision est l&rsquo;impact que nous voulons avoir sur le monde. C&rsquo;est la raison d&rsquo;\u00eatre de Fischer Connectors.<\/p>\n<p>&nbsp;<\/p>\n<p>Nous pensons que pour faire une diff\u00e9rence, nous devons voir les choses diff\u00e9remment. Nous savons par exp\u00e9rience que les meilleures id\u00e9es naissent de la question \u00abEt si?\u00bb<\/p>\n\n      <\/div>\n    <\/div>\n  <\/div>\n\n  <div class=\"grid grid-cols-12 my-32\"> <!-- Third row -->\n    <div class=\"col-span-12\">\n      <div class=\"customer-lives-container\">\n        <img decoding=\"async\" loading=\"lazy\"class=\"customer-lives-img\" src=\"https:\/\/fischer.e-novision.ch\/app\/themes\/horde\/dist\/images\/fischer_connectors_values_make_our_customers_lives_easier.jpg\" alt=\"Make our customers lives easier\">\n        <div class=\"px-4 lg:px-0 customer-lives-text\">\n          <div class=\"h4 text-sm md:text-md font-semibold\">\n            Notre mission est de faciliter la vie de nos clients gr\u00e2ce \u00e0 une approche collaborative, \u00e0 des solutions de connectivit\u00e9 sur mesure et \u00e0 nos collaborateurs passionn\u00e9s qui transforment les d\u00e9fis en succ\u00e8s.\n          <\/div>\n            <p>Cette mission d\u00e9crit ce que nous ferons chaque jour pour concr\u00e9tiser notre vision. Il s&rsquo;agit de notre plan d&rsquo;action pour l&rsquo;avenir.<\/p>\n<p>&nbsp;<\/p>\n<p>Nous pensons que lorsque nos clients r\u00e9ussissent, nous r\u00e9ussissons aussi. Nous pla\u00e7ons nos clients au c\u0153ur de tout ce que nous faisons, sachant qu&rsquo;ensemble, nous pouvons aller plus loin.<\/p>\n\n        <\/div>\n      <\/div>\n    <\/div>\n  <\/div>\n\n  <div class=\"container grid grid-cols-12 mb-20\"> <!-- Fourth row-->\n    <div class=\"col-span-12 md:col-span-8 lg:col-span-7 xl:col-span-6 mb-12 xl:mb-0\">\n      <div class=\"h4 text-sm md:text-md font-semibold\">\n        Nous consid\u00e9rons que nous sommes une famille avant d&rsquo;\u00eatre une entreprise. Nos clients sont notre moteur et nous sommes guid\u00e9s par nos valeurs fondamentales.\n      <\/div>\n      <p>Ces valeurs sont une boussole comportementale qui guide notre fa\u00e7on de travailler, les d\u00e9cisions que nous prenons et la mani\u00e8re dont nous traitons les autres. Ce ne sont pas que des mots, ce sont des instructions pour agir.<\/p>\n\n    <\/div>\n  <\/div>\n\n  <div class=\"container grid grid-cols-12\">\n    <div class=\"col-span-12 xl:col-start-6 xl:col-end-13 mb-24 xl:mb-min-10\">\n      <div class=\"respect-container\">\n        <img decoding=\"async\" loading=\"lazy\"class=\"respect-img xl:ml-24\" src=\"https:\/\/fischer.e-novision.ch\/app\/themes\/horde\/dist\/images\/fischer_connectors_values_respect.jpg\" alt=\"Respect\">\n        <div class=\"respect-text xl:ml-24\">\n          <div class=\"h4 text-base md:text-md font-semibold\">\n            Les personnes sont notre priorit\u00e9.\n          <\/div>\n        <\/div>\n      <\/div>\n    <\/div>\n  <\/div>\n\n  <div class=\"container grid grid-cols-12\">\n    <div class=\"col-span-12 xl:col-start-0 xl:col-end-7 mb-24 xl:mb-32\">\n      <div class=\"collaboration-container\">\n        <img decoding=\"async\" loading=\"lazy\"class=\"collaboration-img\" src=\"https:\/\/fischer.e-novision.ch\/app\/themes\/horde\/dist\/images\/fischer_connectors_values_collaboration.jpg\" alt=\"Collaboration\">\n        <div class=\"collaboration-text xl:max-w-xs\">\n          <div class=\"h4 text-base md:text-md font-semibold\">\n            Ensemble, nous pouvons fa\u00e7onner l&rsquo;avenir.\n          <\/div>\n        <\/div>\n      <\/div>\n    <\/div>\n  <\/div>\n\n  <div class=\"container grid grid-cols-12\">\n    <div class=\"col-span-12 xl:col-start-6 xl:col-end-13 mb-24 xl:mb-min-10\">\n      <div class=\"spirit-container\">\n        <img decoding=\"async\" loading=\"lazy\"class=\"spirit-img xl:ml-24\" src=\"https:\/\/fischer.e-novision.ch\/app\/themes\/horde\/dist\/images\/fischer_connectors_values_entrepreneurial_spirit.jpg\" alt=\"Entrepreneurial spirit\">\n        <div class=\"spirit-text xl:ml-24 xl:max-w-xs\">\n          <div class=\"h4 text-base md:text-md font-semibold\">\n            Nous portons la responsabilit\u00e9 personnelle d&rsquo;un changement positif.\n          <\/div>\n        <\/div>\n      <\/div>\n    <\/div>\n  <\/div>\n\n  <div class=\"grid grid-cols-12\">\n    <div class=\"col-span-12 xl:col-start-0 xl:col-end-6 mb-24 xl:mb-min-20\">\n      <div class=\"innovation-container mr-4 md:mr-0\">\n        <img decoding=\"async\" loading=\"lazy\"class=\"innovation-img\" src=\"https:\/\/fischer.e-novision.ch\/app\/themes\/horde\/dist\/images\/fischer_connectors_values_innovation.jpg\" alt=\"Innovation\">\n        <div class=\"innovation-text xl:max-w-xs\">\n          <div class=\"h4 container md:mx-0 md:px-0 h4 text-base md:text-md font-semibold\">\n            Nous transformons les d\u00e9fis en solutions cr\u00e9atives.\n          <\/div>\n        <\/div>\n      <\/div>\n    <\/div>\n  <\/div>\n\n  <div class=\"container grid grid-cols-12\">\n    <div class=\"col-span-12 xl:col-start-6 xl:col-end-13 mb-24 xl:mb-0\">\n      <div class=\"longevity-container\">\n        <img decoding=\"async\" loading=\"lazy\"class=\"longevity-img\" src=\"https:\/\/fischer.e-novision.ch\/app\/themes\/horde\/dist\/images\/fischer_connectors_values_longevity.jpg\" alt=\"Longevity\">\n        <div class=\"longevity-text xl:max-w-xs\">\n          <div class=\"h4 text-base md:text-md font-semibold\">\n            Nous cr\u00e9ons une valeur durable.\n          <\/div>\n        <\/div>\n      <\/div>\n    <\/div>\n  <\/div>\n\n  <div class=\"grid grid-cols-12\">\n    <div class=\"col-span-12 xl:col-start-0 xl:col-end-6\">\n      <div class=\"excellence-container mr-4 md:mr-0\">\n        <img decoding=\"async\" loading=\"lazy\"class=\"excellence-img\" src=\"https:\/\/fischer.e-novision.ch\/app\/themes\/horde\/dist\/images\/fischer_connectors_values_excellence.jpg\" alt=\"Excellence\">\n        <div class=\"container md:mx-0 md:px-0 excellence-text xl:max-w-xs\">\n          <div class=\"h4 text-base md:text-md font-semibold\">\n            Nous d\u00e9passons les attentes de nos clients.\n          <\/div>\n        <\/div>\n      <\/div>\n    <\/div>\n  <\/div>\n<\/section>\n","protected":false},"excerpt":{"rendered":"","protected":false},"author":1,"featured_media":0,"parent":29360,"menu_order":53,"comment_status":"closed","ping_status":"closed","template":"","meta":{"_acf_changed":false,"footnotes":""},"class_list":["post-29384","page","type-page","status-publish","hentry"],"acf":false,"_links":{"self":[{"href":"https:\/\/fischer.e-novision.ch\/fr\/wp-json\/wp\/v2\/pages\/29384"}],"collection":[{"href":"https:\/\/fischer.e-novision.ch\/fr\/wp-json\/wp\/v2\/pages"}],"about":[{"href":"https:\/\/fischer.e-novision.ch\/fr\/wp-json\/wp\/v2\/types\/page"}],"author":[{"embeddable":true,"href":"https:\/\/fischer.e-novision.ch\/fr\/wp-json\/wp\/v2\/users\/1"}],"replies":[{"embeddable":true,"href":"https:\/\/fischer.e-novision.ch\/fr\/wp-json\/wp\/v2\/comments?post=29384"}],"version-history":[{"count":3,"href":"https:\/\/fischer.e-novision.ch\/fr\/wp-json\/wp\/v2\/pages\/29384\/revisions"}],"predecessor-version":[{"id":34032,"href":"https:\/\/fischer.e-novision.ch\/fr\/wp-json\/wp\/v2\/pages\/29384\/revisions\/34032"}],"up":[{"embeddable":true,"href":"https:\/\/fischer.e-novision.ch\/fr\/wp-json\/wp\/v2\/pages\/29360"}],"wp:attachment":[{"href":"https:\/\/fischer.e-novision.ch\/fr\/wp-json\/wp\/v2\/media?parent=29384"}],"curies":[{"name":"wp","href":"https:\/\/api.w.org\/{rel}","templated":true}]}}