{"id":29366,"date":"2022-04-06T11:32:15","date_gmt":"2022-04-06T11:32:15","guid":{"rendered":"https:\/\/fischer.e-novision.ch\/?page_id=29366"},"modified":"2022-06-15T08:17:08","modified_gmt":"2022-06-15T08:17:08","slug":"equipe-de-direction","status":"publish","type":"page","link":"https:\/\/fischer.e-novision.ch\/fr\/a-propos\/equipe-de-direction\/","title":{"rendered":"\u00c9quipe de direction"},"content":{"rendered":"<section class=\"pb-0 pt-24 md:pt-36 lg:pt-40\">\n  <div class=\"relative grid grid-cols-12\">\n    <div class=\"container px-4 md:pr-8 md:pl-8 lg:max-w-full relative lg:absolute w-full lg:transform lg:-translate-y-32 z-50 lg:top-0 mt-4 md:mt-12 lg:mt-0 col-span-full flex flex-col lg:items-center order-last lg:order-none\">\n      <div class=\"relative\">\n        <h1 role=\"heading\" aria-level=\"1\" class=\"text-md md:text-destructured-header-title leading-none\" >Notre \u00e9quipe de direction<\/h1>\n        <p class=\"h4 items-end lg:max-w-half leading-tight\">\n          Perp\u00e9tuer le succ\u00e8s de notre entreprise exige une vision ambitieuse et un sens des responsabilit\u00e9s \u00e9lev\u00e9\n        <\/p>\n      <\/div>\n    <\/div>\n    <div style=\"background: url(https:\/\/fischer.e-novision.ch\/app\/uploads\/2021\/11\/management.jpeg); background-repeat: no-repeat; background-position: center center; background-size: cover\" class=\"w-full col-span-full lg:col-start-7 lg:col-end-13 aspect-w-16 aspect-h-9\"><\/div>\n  <\/div>\n<\/section>\n\n\n<section class=\"section-intro relative mb-20\">\n  <div class=\"container grid grid-cols-1 md:grid-cols-2\">\n    <div class=\"md:text-right md:mr-12\">\n      <h1 class=\"h4 font-semibold\">Cr\u00e9er des synergies con\u00e7ues pour durer.<\/h1>\n    <\/div>\n    <div>\n      <p>Toutes les d\u00e9cisions et actions de notre \u00e9quipe de direction ont un seul but: cr\u00e9er une valeur durable pour nos clients, en assurant la pertinence et l&rsquo;excellence durables de notre groupe sur les march\u00e9s actuels et futurs.<\/p>\n<p>&nbsp;<\/p>\n<p>Le leadership de nos collaborateurs s&rsquo;inscrit dans une d\u00e9marche entrepreneuriale qui est globale, tout comme leur sens des responsabilit\u00e9s. Les technologies et solutions transformatrices de notre groupe, en tant que partenaire mondial de connectivit\u00e9, occupent un r\u00f4le dynamique et essentiel dans la communaut\u00e9 mondiale des ing\u00e9nieurs concepteurs.<\/p>\n\n    <\/div>\n  <\/div>\n<\/section>\n\n\n<section class=\"mt-8 pt-0\">\n  <div class=\"grid grid-cols-1 max-w-masonry mx-auto md:grid-cols-2 xl:grid-cols-3\">\n                  <div data-index=\"0\" class=\"management-card group bg-bggrey aspect-w-1 aspect-h-1 overflow-hidden cursor-pointer\">\n  <div style=\"background-image: linear-gradient(0deg, rgba(0,0,0,0.39119397759103647) 0%, rgba(255,255,255,0) 50%), url(https:\/\/fischer.e-novision.ch\/app\/uploads\/2021\/11\/Jonathan_Brossard-2.jpg)\" class=\"background-image bg-center bg-no-repeat bg-cover\"><\/div>\n  <div class=\"absolute\">\n    <div class=\"transition duration-500 ease-in-out absolute flex flex-col max-w-md items-start bottom-0 left-0 mx-4 md:mx-8 mb-12 md:mb-10 transform translate-y-masonry-card lg:group-hover:translate-y-0\">\n      <h3 class=\"h4 font-semibold text-white mt-4\">\n        Jonathan Brossard\n      <\/h3>\n      <div class=\"h5 text-white\">\n        CEO\n      <\/div>\n      <div data-index=\"0\" class=\"mt-4 management-btn\">\n        <button    class=\"cta__arrow--fullred \" ><span class=\"font-semibold\" >Meet Jonathan<\/span><\/button>\n\n      <\/div>\n    <\/div>\n  <\/div>\n<\/div>\n\n<!-- MODAL CONTENT -->\n<div data-index=\"0\" aria-hidden=\"true\" class=\"management-modal-content hidden grid grid-cols-2 md:grid-cols-12 h-full overflow-y-scroll md:overflow-y-auto\">\n  <div style=\"background-image: url(https:\/\/fischer.e-novision.ch\/app\/uploads\/2021\/11\/Jonathan_Brossard-2.jpg)\" class=\"aspect-h-4 aspect-w-4 md:aspect-none bg-center bg-cover bg-no-repeat col-span-6 rounded-t-card md:rounded-t-none md:rounded-l-card\"><\/div>\n  <div class=\"col-span-6 p-4 md:p-12 lg:p-24 md:overflow-y-scroll\">\n    <div>\n      <h4 class=\"font-semibold mb-2\">Jonathan Brossard<\/h4>\n      <h5 class=\"font-semibold mb-8\">CEO<\/h5>\n      <p><p>Jonathan Brossard, CEO, a \u00e9t\u00e9 nomm\u00e9 au sein de l&rsquo;\u00e9quipe de direction du groupe Fischer Connectors en 2016, \u00e0 l&rsquo;\u00e2ge de 28 ans.<\/p>\n<p>&nbsp;<\/p>\n<p>Fort d&rsquo;une vision claire et ambitieuse et d&rsquo;un esprit d&rsquo;entreprise ax\u00e9 sur l&rsquo;innovation et la technologie, il a investi dans la R&amp;D et d\u00e9velopp\u00e9 une strat\u00e9gie de croissance sur 10\u00a0ans afin d&rsquo;accro\u00eetre la comp\u00e9titivit\u00e9 et la capacit\u00e9 du groupe en tant que partenaire mondial de solutions de connectivit\u00e9.<\/p>\n<p>&nbsp;<\/p>\n<p>Issu de la troisi\u00e8me g\u00e9n\u00e9ration de la famille fondatrice Fischer, il a rejoint le conseil d&rsquo;administration de Fischer Connectors en 2015 et a occup\u00e9 le poste de Business Development Manager jusqu&rsquo;\u00e0 sa prise de fonction en tant que CEO pour piloter l&rsquo;expansion de la pr\u00e9sence de l&rsquo;entreprise \u00e0 travers le monde, \u00e9largir le p\u00e9rim\u00e8tre d&rsquo;activit\u00e9s du groupe \u00e0 l&rsquo;ensemble de la cha\u00eene de valeur de la connectivit\u00e9, et favoriser la culture d&rsquo;entreprise par le biais de partenariats innovants et de collaborations centr\u00e9es sur le client. Entre 2016 et 2019, l&rsquo;effectif mondial de Fischer Connectors a augment\u00e9 pour atteindre plus de 500 collaborateurs, tandis que son chiffre d&rsquo;affaires a augment\u00e9 de plus de 50%.<\/p>\n<p>&nbsp;<\/p>\n<p>En 2018, il a \u00e9t\u00e9 finaliste du prix Entrepreneur de l&rsquo;ann\u00e9e d&rsquo;EY Suisse dans la cat\u00e9gorie \u00abEntreprise familiale\u00bb. En 2019, il a cr\u00e9\u00e9 la spinoff Wearin&rsquo;, sp\u00e9cialis\u00e9e dans les \u00e9cosyst\u00e8mes portables connect\u00e9s visant \u00e0 am\u00e9liorer les performances et la s\u00e9curit\u00e9 humaines. En 2020, il a rejoint le CEO Council du Wall Street Journal. En 2021, il a lanc\u00e9 la construction d&rsquo;un nouveau site de production au Portugal afin de soutenir la croissance du groupe avec une comp\u00e9titivit\u00e9, une r\u00e9activit\u00e9 et une capacit\u00e9 renforc\u00e9es \u00e0 l&rsquo;\u00e9chelle mondiale.<\/p>\n<p>&nbsp;<\/p>\n<p>Jonathan est dipl\u00f4m\u00e9 d&rsquo;une Licence en Droit et d&rsquo;un Master en Droit et \u00c9conomie de l&rsquo;Universit\u00e9 de Lausanne (Suisse).<\/p>\n<\/p>\n    <\/div>\n  <\/div>\n<\/div>\n              <div data-index=\"1\" class=\"management-card group bg-bggrey aspect-w-1 aspect-h-1 overflow-hidden cursor-pointer\">\n  <div style=\"background-image: linear-gradient(0deg, rgba(0,0,0,0.39119397759103647) 0%, rgba(255,255,255,0) 50%), url(https:\/\/fischer.e-novision.ch\/app\/uploads\/2021\/11\/Jerome_Dabonneville-1.jpg)\" class=\"background-image bg-center bg-no-repeat bg-cover\"><\/div>\n  <div class=\"absolute\">\n    <div class=\"transition duration-500 ease-in-out absolute flex flex-col max-w-md items-start bottom-0 left-0 mx-4 md:mx-8 mb-12 md:mb-10 transform translate-y-masonry-card lg:group-hover:translate-y-0\">\n      <h3 class=\"h4 font-semibold text-white mt-4\">\n        J\u00e9r\u00f4me Dabonneville\n      <\/h3>\n      <div class=\"h5 text-white\">\n        Directeur R&#038;D \/ CTO\n      <\/div>\n      <div data-index=\"1\" class=\"mt-4 management-btn\">\n        <button    class=\"cta__arrow--fullred \" ><span class=\"font-semibold\" >Meet J\u00e9r\u00f4me<\/span><\/button>\n\n      <\/div>\n    <\/div>\n  <\/div>\n<\/div>\n\n<!-- MODAL CONTENT -->\n<div data-index=\"1\" aria-hidden=\"true\" class=\"management-modal-content hidden grid grid-cols-2 md:grid-cols-12 h-full overflow-y-scroll md:overflow-y-auto\">\n  <div style=\"background-image: url(https:\/\/fischer.e-novision.ch\/app\/uploads\/2021\/11\/Jerome_Dabonneville-1.jpg)\" class=\"aspect-h-4 aspect-w-4 md:aspect-none bg-center bg-cover bg-no-repeat col-span-6 rounded-t-card md:rounded-t-none md:rounded-l-card\"><\/div>\n  <div class=\"col-span-6 p-4 md:p-12 lg:p-24 md:overflow-y-scroll\">\n    <div>\n      <h4 class=\"font-semibold mb-2\">J\u00e9r\u00f4me Dabonneville<\/h4>\n      <h5 class=\"font-semibold mb-8\">Directeur R&#038;D \/ CTO<\/h5>\n      <p><p>J\u00e9r\u00f4me Dabonneville, Directeur R&amp;D, a \u00e9t\u00e9 nomm\u00e9 au sein de l&rsquo;\u00e9quipe de direction de Fischer Connectors en juillet 2017.<\/p>\n<p>&nbsp;<\/p>\n<p>Il a acquis une large exp\u00e9rience dans les segments de la cha\u00eene de valeur de l&rsquo;industrie automobile, de la fabrication \u00e0 la R&amp;D en passant par les projets. Accordant une grande importance \u00e0 l&rsquo;innovation et au client, il dirige la R&amp;D de mani\u00e8re \u00e0 faire \u00e9voluer l&rsquo;entreprise au-del\u00e0 de la fabrication de connecteurs et de c\u00e2blages et \u00e0 d\u00e9velopper des solutions de connectivit\u00e9 r\u00e9volutionnaires en partenariat avec les clients et les fournisseurs \u00e0 l&rsquo;\u00e9chelle mondiale.<\/p>\n<p>&nbsp;<\/p>\n<p>Il a rejoint le Groupe PSA Peugeot Citro\u00ebn en 1999 o\u00f9 il a occup\u00e9 des postes de direction de la planification et de l&rsquo;industrialisation dans le cadre de divers projets automobiles. En 2008, il a \u00e9t\u00e9 nomm\u00e9 Directeur de la production de l&rsquo;usine de Mulhouse (France). Entre 2011 et 2012, en tant que Responsable du lancement industriel et membre de l&rsquo;\u00e9quipe de direction de l&rsquo;usine de Mulhouse, il a g\u00e9r\u00e9 avec succ\u00e8s le lancement industriel de la Peugeot 208.<\/p>\n<p>&nbsp;<\/p>\n<p>En janvier 2013, il a rejoint Fischer Connectors en tant que Responsable de l&rsquo;industrialisation. Il a contribu\u00e9 \u00e0 l&rsquo;int\u00e9gration des normes de fabrication Lean &amp; Industrie 4.0 \u00e0 Saint-Prex (Suisse) et \u00e0 l&rsquo;extension des capacit\u00e9s \u00e0 Alpharetta (\u00c9tats-Unis).<\/p>\n<p>&nbsp;<\/p>\n<p>J\u00e9r\u00f4me est dipl\u00f4m\u00e9 d&rsquo;un Master en Ing\u00e9nierie de l&rsquo;Universit\u00e9 de Technologie de Compi\u00e8gne (UTC).<\/p>\n<\/p>\n    <\/div>\n  <\/div>\n<\/div>\n              <div data-index=\"2\" class=\"management-card group bg-bggrey aspect-w-1 aspect-h-1 overflow-hidden cursor-pointer\">\n  <div style=\"background-image: linear-gradient(0deg, rgba(0,0,0,0.39119397759103647) 0%, rgba(255,255,255,0) 50%), url(https:\/\/fischer.e-novision.ch\/app\/uploads\/2021\/11\/Jean_Michel_Puiatti-1.jpg)\" class=\"background-image bg-center bg-no-repeat bg-cover\"><\/div>\n  <div class=\"absolute\">\n    <div class=\"transition duration-500 ease-in-out absolute flex flex-col max-w-md items-start bottom-0 left-0 mx-4 md:mx-8 mb-12 md:mb-10 transform translate-y-masonry-card lg:group-hover:translate-y-0\">\n      <h3 class=\"h4 font-semibold text-white mt-4\">\n        Jean-Michel Puiatti\n      <\/h3>\n      <div class=\"h5 text-white\">\n        Directeur commercial \/ CCO\n      <\/div>\n      <div data-index=\"2\" class=\"mt-4 management-btn\">\n        <button    class=\"cta__arrow--fullred \" ><span class=\"font-semibold\" >Meet Jean-Michel<\/span><\/button>\n\n      <\/div>\n    <\/div>\n  <\/div>\n<\/div>\n\n<!-- MODAL CONTENT -->\n<div data-index=\"2\" aria-hidden=\"true\" class=\"management-modal-content hidden grid grid-cols-2 md:grid-cols-12 h-full overflow-y-scroll md:overflow-y-auto\">\n  <div style=\"background-image: url(https:\/\/fischer.e-novision.ch\/app\/uploads\/2021\/11\/Jean_Michel_Puiatti-1.jpg)\" class=\"aspect-h-4 aspect-w-4 md:aspect-none bg-center bg-cover bg-no-repeat col-span-6 rounded-t-card md:rounded-t-none md:rounded-l-card\"><\/div>\n  <div class=\"col-span-6 p-4 md:p-12 lg:p-24 md:overflow-y-scroll\">\n    <div>\n      <h4 class=\"font-semibold mb-2\">Jean-Michel Puiatti<\/h4>\n      <h5 class=\"font-semibold mb-8\">Directeur commercial \/ CCO<\/h5>\n      <p><p>Jean-Michel Puiatti, Directeur commercial, a \u00e9t\u00e9 nomm\u00e9 au sein de l&rsquo;\u00e9quipe de direction de Fischer Connectors en f\u00e9vrier 2020.<\/p>\n<p>&nbsp;<\/p>\n<p>Fort de plus de 20\u00a0ans d&rsquo;exp\u00e9rience manag\u00e9riale, il a occup\u00e9 divers postes allant de la vente et du d\u00e9veloppement commercial aux op\u00e9rations mondiales et \u00e0 la R&amp;D. En plus de ses comp\u00e9tences av\u00e9r\u00e9es en mati\u00e8re de croissance des revenus et de projets complexes ax\u00e9s sur le client sur des march\u00e9s en \u00e9volution rapide, il dispose d&rsquo;une connaissance approfondie des technologies num\u00e9riques et de la s\u00e9curit\u00e9 num\u00e9rique.<\/p>\n<p>&nbsp;<\/p>\n<p>Entre 2017 et 2019, il a occup\u00e9 le poste de Senior VP IoT Security chez Nagra, une soci\u00e9t\u00e9 du Groupe Kudelski. Responsable de la cr\u00e9ation et de la gestion de la division IoT Security (Europe, \u00c9tats-Unis, Inde), il a lanc\u00e9 une nouvelle gamme de services et de solutions de s\u00e9curit\u00e9 IoT. Son r\u00f4le consistait \u00e0 d\u00e9finir la proposition de valeur, le positionnement sur le march\u00e9, la strat\u00e9gie produit, le d\u00e9veloppement commercial, le marketing, les alliances strat\u00e9giques, le d\u00e9veloppement de produits, la livraison de projets clients et les laboratoires de s\u00e9curit\u00e9.<\/p>\n<p>&nbsp;<\/p>\n<p>Auparavant, il a \u00e9galement occup\u00e9 les postes suivants chez Nagra (Suisse): VP Sales and Services Operations, couvrant les op\u00e9rations de vente et de service \u00e0 l&rsquo;\u00e9chelle mondiale; VP Sales Operations and Development; Senior VP MultiScreen Product Unit; VP R&amp;D \u2013 Nagra Embedded Solutions.<\/p>\n<p>&nbsp;<\/p>\n<p>Jean-Michel est dipl\u00f4m\u00e9 d&rsquo;un Master et d&rsquo;un Doctorat en Informatique de l&rsquo;\u00c9cole polytechnique f\u00e9d\u00e9rale de Lausanne (Suisse).<\/p>\n<\/p>\n    <\/div>\n  <\/div>\n<\/div>\n              <div data-index=\"3\" class=\"management-card group bg-bggrey aspect-w-1 aspect-h-1 overflow-hidden cursor-pointer\">\n  <div style=\"background-image: linear-gradient(0deg, rgba(0,0,0,0.39119397759103647) 0%, rgba(255,255,255,0) 50%), url(https:\/\/fischer.e-novision.ch\/app\/uploads\/2021\/11\/Emmanuel_Rapin-1.jpg)\" class=\"background-image bg-center bg-no-repeat bg-cover\"><\/div>\n  <div class=\"absolute\">\n    <div class=\"transition duration-500 ease-in-out absolute flex flex-col max-w-md items-start bottom-0 left-0 mx-4 md:mx-8 mb-12 md:mb-10 transform translate-y-masonry-card lg:group-hover:translate-y-0\">\n      <h3 class=\"h4 font-semibold text-white mt-4\">\n        Emmanuel Rapin\n      <\/h3>\n      <div class=\"h5 text-white\">\n        Directeur des op\u00e9rations \/ COO\n      <\/div>\n      <div data-index=\"3\" class=\"mt-4 management-btn\">\n        <button    class=\"cta__arrow--fullred \" ><span class=\"font-semibold\" >Meet Emmanuel<\/span><\/button>\n\n      <\/div>\n    <\/div>\n  <\/div>\n<\/div>\n\n<!-- MODAL CONTENT -->\n<div data-index=\"3\" aria-hidden=\"true\" class=\"management-modal-content hidden grid grid-cols-2 md:grid-cols-12 h-full overflow-y-scroll md:overflow-y-auto\">\n  <div style=\"background-image: url(https:\/\/fischer.e-novision.ch\/app\/uploads\/2021\/11\/Emmanuel_Rapin-1.jpg)\" class=\"aspect-h-4 aspect-w-4 md:aspect-none bg-center bg-cover bg-no-repeat col-span-6 rounded-t-card md:rounded-t-none md:rounded-l-card\"><\/div>\n  <div class=\"col-span-6 p-4 md:p-12 lg:p-24 md:overflow-y-scroll\">\n    <div>\n      <h4 class=\"font-semibold mb-2\">Emmanuel Rapin<\/h4>\n      <h5 class=\"font-semibold mb-8\">Directeur des op\u00e9rations \/ COO<\/h5>\n      <p><p>Emmanuel Rapin, Directeur des op\u00e9rations, a \u00e9t\u00e9 nomm\u00e9 au sein de l&rsquo;\u00e9quipe de direction de Fischer Connectors en mars 2018.<\/p>\n<p>&nbsp;<\/p>\n<p>Il poss\u00e8de plus de 20\u00a0ans d&rsquo;exp\u00e9rience dans les op\u00e9rations internationales au sein de l&rsquo;industrie technologique. Sa vaste exp\u00e9rience englobe la d\u00e9finition et la mise en \u0153uvre de strat\u00e9gies op\u00e9rationnelles, de fabrication et de cha\u00eene d&rsquo;approvisionnement, la gestion de partenariats strat\u00e9giques et l&rsquo;int\u00e9gration d&rsquo;usines avec des mod\u00e8les d&rsquo;approvisionnement aussi bien internes qu&rsquo;externalis\u00e9s.<\/p>\n<p>&nbsp;<\/p>\n<p>Auparavant, il a occup\u00e9 le poste de consultant senior, coachant et conseillant les \u00e9quipes de direction en mati\u00e8re de strat\u00e9gie op\u00e9rationnelle, de cha\u00eene d&rsquo;approvisionnement, de sourcing et d&rsquo;am\u00e9lioration des performances.<\/p>\n<p>&nbsp;<\/p>\n<p>Il a \u00e9galement travaill\u00e9 en tant que Head of Large-scale Customer Programs chez Nagra, une soci\u00e9t\u00e9 du Groupe Kudelski, o\u00f9 il a dirig\u00e9 des programmes de solutions sur mesure pour des clients cl\u00e9s, g\u00e9r\u00e9 l&rsquo;int\u00e9gration des clients, l&rsquo;\u00e9valuation et l&rsquo;int\u00e9gration des fusions et acquisitions, les processus de diligence raisonnable, la propri\u00e9t\u00e9 intellectuelle et les contrats de licence. Chez SmarDTV, une autre soci\u00e9t\u00e9 du Groupe Kudelski, il a exerc\u00e9 la fonction de VP Operations au sein de l&rsquo;\u00e9quipe de direction, o\u00f9 il a contribu\u00e9 \u00e0 multiplier par cinq la croissance de l&rsquo;entreprise, assum\u00e9 la responsabilit\u00e9 de la strat\u00e9gie op\u00e9rationnelle, permis la mise en place de cha\u00eenes d&rsquo;approvisionnement complexes et d\u00e9velopp\u00e9 l&#8217;empreinte logistique.<\/p>\n<p>&nbsp;<\/p>\n<p>Emmanuel est dipl\u00f4m\u00e9 en Microtechnique de l&rsquo;\u00c9cole polytechnique f\u00e9d\u00e9rale de Lausanne, en Administration des affaires (HEC Lausanne, Suisse) et \u00e9galement titulaire d&rsquo;un dipl\u00f4me postuniversitaire en Administration des affaires (IMD Lausanne).<\/p>\n<\/p>\n    <\/div>\n  <\/div>\n<\/div>\n              <div data-index=\"4\" class=\"management-card group bg-bggrey aspect-w-1 aspect-h-1 overflow-hidden cursor-pointer\">\n  <div style=\"background-image: linear-gradient(0deg, rgba(0,0,0,0.39119397759103647) 0%, rgba(255,255,255,0) 50%), url(https:\/\/fischer.e-novision.ch\/app\/uploads\/2021\/11\/Cyrill_Schuler-1.jpg)\" class=\"background-image bg-center bg-no-repeat bg-cover\"><\/div>\n  <div class=\"absolute\">\n    <div class=\"transition duration-500 ease-in-out absolute flex flex-col max-w-md items-start bottom-0 left-0 mx-4 md:mx-8 mb-12 md:mb-10 transform translate-y-masonry-card lg:group-hover:translate-y-0\">\n      <h3 class=\"h4 font-semibold text-white mt-4\">\n        Cyrill Schuler\n      <\/h3>\n      <div class=\"h5 text-white\">\n        Directeur financier \/ CFO\n      <\/div>\n      <div data-index=\"4\" class=\"mt-4 management-btn\">\n        <button    class=\"cta__arrow--fullred \" ><span class=\"font-semibold\" >Meet Cyrill<\/span><\/button>\n\n      <\/div>\n    <\/div>\n  <\/div>\n<\/div>\n\n<!-- MODAL CONTENT -->\n<div data-index=\"4\" aria-hidden=\"true\" class=\"management-modal-content hidden grid grid-cols-2 md:grid-cols-12 h-full overflow-y-scroll md:overflow-y-auto\">\n  <div style=\"background-image: url(https:\/\/fischer.e-novision.ch\/app\/uploads\/2021\/11\/Cyrill_Schuler-1.jpg)\" class=\"aspect-h-4 aspect-w-4 md:aspect-none bg-center bg-cover bg-no-repeat col-span-6 rounded-t-card md:rounded-t-none md:rounded-l-card\"><\/div>\n  <div class=\"col-span-6 p-4 md:p-12 lg:p-24 md:overflow-y-scroll\">\n    <div>\n      <h4 class=\"font-semibold mb-2\">Cyrill Schuler<\/h4>\n      <h5 class=\"font-semibold mb-8\">Directeur financier \/ CFO<\/h5>\n      <p><p>Cyrill Schuler, Directeur financier, a \u00e9t\u00e9 nomm\u00e9 au sein de l&rsquo;\u00e9quipe de direction de Fischer Connectors en janvier 2020.<\/p>\n<p>&nbsp;<\/p>\n<p>Sa longue exp\u00e9rience dans le domaine des affaires financi\u00e8res internationales va de l&rsquo;analyse \u00e0 la planification, en passant par la comptabilit\u00e9, le reporting, les contr\u00f4les, la tr\u00e9sorerie, la fiscalit\u00e9 et la publication d&rsquo;\u00e9tats financiers en US et Swiss GAAP. Il poss\u00e8de une connaissance approfondie de nombreux mod\u00e8les d&rsquo;entreprise dans les secteurs de l&rsquo;\u00e9lectronique grand public, de la technologie, de la Grande Consommation et de la Distribution et du secteur B2B, ainsi qu&rsquo;une exp\u00e9rience sur le terrain dans plus de 50\u00a0\u00e9conomies d\u00e9velopp\u00e9es et \u00e9mergentes.<\/p>\n<p>&nbsp;<\/p>\n<p>Entre 2003 et 2012, il a occup\u00e9 diff\u00e9rents postes chez P&amp;G, d&rsquo;abord au Royaume-Uni en tant que Director, Manufacturing Finance, puis en tant que Director, Global Internal Audit, ensuite en Suisse en tant que Regional CFO, Professional Products &amp; Solutions EMEA. Il a rejoint Logitech en 2013, tout d&rsquo;abord en tant que Senior Director, EMEA Sales &amp; Marketing Finance, puis en tant que VP Global Field Finance &amp; Sales Operations.<\/p>\n<p>&nbsp;<\/p>\n<p>Ces postes lui ont permis de d\u00e9velopper de solides comp\u00e9tences en d\u00e9veloppement de strat\u00e9gies, en collaboration avec des parties prenantes internes et externes, de diriger des \u00e9quipes transversales, de n\u00e9gocier des contrats et de g\u00e9rer des organisations.<\/p>\n<p>&nbsp;<\/p>\n<p>Cyrill est dipl\u00f4m\u00e9 d&rsquo;un Master en \u00c9conomie de HEC Lausanne (Suisse), et est auditeur interne certifi\u00e9 par l&rsquo;International Institute of Internal Auditors (Institut international des auditeurs internes) (Royaume-Uni).<\/p>\n<\/p>\n    <\/div>\n  <\/div>\n<\/div>\n          \n    <div class=\"grid place-items-center py-12 md:py-management-card-half md:py-0 px-12 bg-bggrey\">\n      <div>\n        <h2 class=\"h3 font-semibold\">Rencontrez nos collaborateurs<\/h2>\n        <div class=\"h5 my-6\">\n          Fischer Connectors regroupe des professionnels inspirants. Rencontrez quelques ambassadeurs de notre entreprise dans notre blog d\u00e9di\u00e9.\n        <\/div>\n        <a  href=\"https:\/\/fischer.e-novision.ch\/about-us\/join-us\/meet-our-people\/\" target=\"_self\" class=\"cta__arrow--fullred \"><span class=\"font-semibold\" >Les rencontrer<\/span><\/a>\n\n      <\/div>\n    <\/div>\n  <\/div>\n<\/section>\n\n","protected":false},"excerpt":{"rendered":"","protected":false},"author":1,"featured_media":0,"parent":29360,"menu_order":11,"comment_status":"closed","ping_status":"closed","template":"","meta":{"_acf_changed":false,"footnotes":""},"class_list":["post-29366","page","type-page","status-publish","hentry"],"acf":false,"_links":{"self":[{"href":"https:\/\/fischer.e-novision.ch\/fr\/wp-json\/wp\/v2\/pages\/29366"}],"collection":[{"href":"https:\/\/fischer.e-novision.ch\/fr\/wp-json\/wp\/v2\/pages"}],"about":[{"href":"https:\/\/fischer.e-novision.ch\/fr\/wp-json\/wp\/v2\/types\/page"}],"author":[{"embeddable":true,"href":"https:\/\/fischer.e-novision.ch\/fr\/wp-json\/wp\/v2\/users\/1"}],"replies":[{"embeddable":true,"href":"https:\/\/fischer.e-novision.ch\/fr\/wp-json\/wp\/v2\/comments?post=29366"}],"version-history":[{"count":4,"href":"https:\/\/fischer.e-novision.ch\/fr\/wp-json\/wp\/v2\/pages\/29366\/revisions"}],"predecessor-version":[{"id":31728,"href":"https:\/\/fischer.e-novision.ch\/fr\/wp-json\/wp\/v2\/pages\/29366\/revisions\/31728"}],"up":[{"embeddable":true,"href":"https:\/\/fischer.e-novision.ch\/fr\/wp-json\/wp\/v2\/pages\/29360"}],"wp:attachment":[{"href":"https:\/\/fischer.e-novision.ch\/fr\/wp-json\/wp\/v2\/media?parent=29366"}],"curies":[{"name":"wp","href":"https:\/\/api.w.org\/{rel}","templated":true}]}}