{"id":29360,"date":"2022-04-06T11:32:14","date_gmt":"2022-04-06T11:32:14","guid":{"rendered":"https:\/\/fischer.e-novision.ch\/?page_id=29360"},"modified":"2022-06-15T08:15:49","modified_gmt":"2022-06-15T08:15:49","slug":"a-propos","status":"publish","type":"page","link":"https:\/\/fischer.e-novision.ch\/fr\/a-propos\/","title":{"rendered":"\u00c0 propos de nous"},"content":{"rendered":"<section class=\"bg-bggrey mt-20 md:mt-36 lg:mt-0 aspect-w-16 aspect-h-9 lg:aspect-h-5\">\n      <video class=\"object-cover object-center w-full h-full\" autoplay loop muted playsinline>\n      <source src=\"https:\/\/fischer.e-novision.ch\/app\/uploads\/2021\/11\/about_us.mp4\">\n    <\/video>\n    \n    <!-- <iframe src=\"https:\/\/www.youtube.com\/embed\/tKeNE9Oc2JE?modestbranding=1&autohide=1&showinfo=0&controls=0&autoplay=1&mute=1&playsinline=1&loop=1&playlist=tKeNE9Oc2JE\"><\/iframe> -->\n  <\/section>\n\n\n<section class=\"section-intro relative mb-20\">\n  <div class=\"container grid grid-cols-1 md:grid-cols-2\">\n    <div class=\"md:text-right md:mr-12\">\n      <h1 class=\"h4 font-semibold\">Des connecteurs \u00e0 la connectivit\u00e9<\/h1>\n    <\/div>\n    <div>\n      <p>Depuis que notre fondateur a mis au point le premier connecteur circulaire \u00e9tanche de haute qualit\u00e9 au monde, notre entreprise est devenue un partenaire global et complet en mati\u00e8re de connectivit\u00e9. Fischer Connectors fait partie du groupe <a href=\"https:\/\/conextivity.com\/\"><span style=\"text-decoration: underline;\"><span style=\"color: #da291c; text-decoration: underline;\">Conextivity<\/span><\/span><\/a>, leader technologique mondial dans les solutions de connectivit\u00e9 haute performance qui g\u00e8rent et harmonisent les flux de puissance et de donn\u00e9es, depuis les capteurs et les appareils jusqu&rsquo;au cloud, permettant l&rsquo;\u00e9mergence de nouveaux \u00e9cosyst\u00e8mes transverses et \u00e9volutifs. Avec pr\u00e8s de 600 personnes dans le monde, quatre centres de R&amp;D et six sites de production, le groupe dont le si\u00e8ge est en Suisse \u00e0 Saint-Prex (Vaud) comprend deux activit\u00e9s principales: Fischer Connectors et <span style=\"text-decoration: underline; color: #da291c;\"><a style=\"color: #da291c; text-decoration: underline;\" href=\"https:\/\/wearin.tech\/\">Wearin&rsquo;<\/a><\/span>.<\/p>\n\n    <\/div>\n  <\/div>\n<\/section>\n\n\n<div class=\"mb-20 lg:mb-32 mt-8\">\n    <div class=\"grid grid-cols-12 gap-x-0 lg:gap-x-8 items-center\">\n      <div style=\"background-image: url(https:\/\/fischer.e-novision.ch\/app\/uploads\/2021\/11\/vision.jpg)\" class=\"col-span-full lg:col-span-6 aspect-w-16 aspect-h-9 lg:aspect-none h-full bg-center bg-cover bg-no-repeat w-full\"><\/div>\n      <div class=\"px-4 lg:px-0 transform lg:-translate-y-0 col-span-full lg:col-span-6\">\n        <div class=\"xl:ml-20 lg:transform lg:-translate-x-1\/4 my-4 md:my-12 3xl:my-24\">\n          <h2 role=\"heading\" aria-level=\"1\" class=\"break-normal relative text-md md:text-xxl leading-none lg:leading-none\">Notre vision<\/h2>\n        <\/div>\n        <div class=\"grid grid-cols-12 lg:mb-20\">\n          <div class=\"dh-sub col-span-full prose-destructured-card lg:col-start-1 lg:col-end-8 mb-4 lg:mb-8\">\n            <h4>Chez Fischer Connectors, nous ne cessons de nous demander \u00abEt si?\u00bb La connectivit\u00e9 peut jouer un r\u00f4le essentiel dans des projets audacieux au potentiel susceptible de bouleverser des industries enti\u00e8res. En innovant aux c\u00f4t\u00e9s de nos clients et partenaires, nous pouvons contribuer \u00e0 la r\u00e9ussite des id\u00e9es les plus grandes et les plus ambitieuses. Or quand cette r\u00e9ussite est au rendez-vous, ces id\u00e9es ont le pouvoir de changer le monde.<\/h4>\n\n          <\/div>\n                    <div class=\"col-span-full lg:col-start-1 lg:col-end-8\">\n            <a  href=\"https:\/\/fischer.e-novision.ch\/en\/about-us\/vision\/\" target=\"_self\" class=\"cta__arrow--red \"><span class=\"font-semibold\" >D\u00e9couvrir notre vision<\/span><\/a>\n\n          <\/div>\n                  <\/div>\n      <\/div>\n    <\/div>\n  <\/div>\n\n\n<div class=\"mb-20 lg:mb-32 mt-8\">\n    <div class=\"grid grid-flow-col-dense lg:grid-flow-col grid-cols-12 gap-x-0 lg:gap-x-8 items-center\">\n      <div class=\"px-4 lg:px-0 transform lg:-translate-y-0 order-last lg:order-none col-span-full lg:col-span-7\">\n        <div class=\"xl:mr-20 lg:transform lg:translate-x-1\/4 text-left lg:text-right my-4 md:my-12 3xl:my-24\">\n          <h2 role=\"heading\" aria-level=\"1\" class=\"break-normal relative text-md md:text-xxl leading-none lg:leading-none\">Notre h\u00e9ritage<\/h2>\n        <\/div>\n        <div class=\"grid grid-cols-12 lg:mb-20\">\n          <div class=\"dh-sub col-span-full prose-destructured-card lg:col-start-6 lg:col-end-13 mb-4 lg:mb-8 text-left lg:text-right\">\n            <h4>Tout a commenc\u00e9 par une id\u00e9e ambitieuse&#8230; Notre vision, notre mission et nos valeurs reposent sur les m\u00eames relations de collaboration et d&rsquo;innovation, ax\u00e9es sur la valeur, que celles qui ont permis \u00e0 Walter Werner Fischer de fonder l&rsquo;entreprise il y a plus de 65 ans.<\/h4>\n\n          <\/div>\n                    <div class=\"col-span-full lg:col-start-8 lg:col-end-13 text-left lg:text-right\">\n            <a  href=\"https:\/\/fischer.e-novision.ch\/about-us\/history\/\" target=\"_self\" class=\"cta__arrow--red \"><span class=\"font-semibold\" >D\u00e9couvrir notre h\u00e9ritage<\/span><\/a>\n\n          <\/div>\n                  <\/div>\n      <\/div>\n      <div style=\"background-image: url(https:\/\/fischer.e-novision.ch\/app\/uploads\/2021\/11\/heritage.jpg)\" class=\"relative -z-1 col-span-full lg:col-span-5 aspect-w-16 aspect-h-9 lg:aspect-none w-full h-full bg-center bg-cover bg-no-repeat\"><\/div>\n    <\/div>\n  <\/div>\n\n\n<div class=\"mb-20 lg:mb-32 mt-8\">\n    <div class=\"grid grid-cols-12 gap-x-0 lg:gap-x-8 items-center\">\n      <div style=\"background-image: url(https:\/\/fischer.e-novision.ch\/app\/uploads\/2021\/11\/commitment.jpeg)\" class=\"col-span-full lg:col-span-5 aspect-w-16 aspect-h-9 lg:aspect-none h-full bg-center bg-cover bg-no-repeat w-full\"><\/div>\n      <div class=\"px-4 lg:px-0 lg:px-0 transform lg:-translate-y-0 col-span-full lg:col-span-6\">\n        <div class=\"xl:ml-20 lg:transform lg:-translate-x-1\/4 my-4 md:my-12 3xl:my-24\">\n          <h2 role=\"heading\" aria-level=\"1\" class=\"break-normal relative text-md md:text-xxl leading-none lg:leading-none\">Notre engagement<\/h2>\n        <\/div>\n        <div class=\"grid grid-cols-12 lg:mb-20\">\n          <div class=\"dh-sub col-span-full prose-destructured-card lg:col-start-1 lg:col-end-8 mb-4 lg:mb-8\">\n            <h4>De nos pratiques d&#8217;embauche qui encouragent la diversit\u00e9, \u00e0 la garantie d&rsquo;un environnement s\u00fbr pour nos collaborateurs et nos visiteurs, nous nous engageons \u00e0 mener nos activit\u00e9s de mani\u00e8re humaine, responsable et \u00e9thique. Nos syst\u00e8mes de gestion int\u00e9gr\u00e9s complets et notre politique en mati\u00e8re de qualit\u00e9, d&rsquo;environnement, de sant\u00e9 et de s\u00e9curit\u00e9 suivent des r\u00e8gles strictes et des objectifs pr\u00e9cis, fix\u00e9s conform\u00e9ment aux meilleures pratiques et normes de notre industrie.<\/h4>\n\n          <\/div>\n                    <div class=\"col-span-full lg:col-start-1 lg:col-end-8\">\n            <a  href=\"https:\/\/fischer.e-novision.ch\/en\/about-us\/quality-certifications\/\" target=\"_self\" class=\"cta__arrow--red \"><span class=\"font-semibold\" >En savoir plus<\/span><\/a>\n\n          <\/div>\n                  <\/div>\n      <\/div>\n    <\/div>\n  <\/div>\n\n\n<div class=\"mb-20 lg:mb-32 mt-8\">\n    <div class=\"grid grid-cols-12 gap-x-0 lg:gap-x-8 items-center\">\n      <div class=\"px-4 lg:px-0 col-span-full lg:col-span-7 order-last lg:order-none\">\n        <div class=\"xl:mr-20 lg:transform lg:translate-x-1\/4 text-left lg:text-right my-4 md:my-12 3xl:my-24\">\n          <h2 role=\"heading\" aria-level=\"1\" class=\"break-normal relative text-md lg:text-xxl leading-none lg:leading-none\">Notre <br \/> \u00e9quipe de direction<\/h2>\n        <\/div>\n        <div class=\"grid grid-cols-12 lg:mb-20\">\n          <div class=\"dh-sub col-span-full prose-destructured-card lg:col-start-6 lg:col-end-13 mb-4 lg:mb-8 text-left lg:text-right\">\n            <h4>La confiance qui lie notre entreprise, nos clients et nos collaborateurs est instaur\u00e9e par notre \u00e9quipe de direction exp\u00e9riment\u00e9e et notre CEO, lui-m\u00eame investi d&rsquo;une vision entrepreneuriale claire et ambitieuse. \u00c0 toutes les \u00e9tapes du cheminement de l&rsquo;entreprise en tant que fournisseur de solutions au service de la communaut\u00e9 mondiale des ing\u00e9nieurs concepteurs, notre \u00e9quipe de direction est r\u00e9solue \u00e0 renforcer la position de notre groupe en tant que partenaire mondial leader de la connectivit\u00e9.<\/h4>\n\n          <\/div>\n                    <div class=\"col-span-full lg:col-start-8 lg:col-end-13 text-left lg:text-right\">\n            <a  href=\"https:\/\/fischer.e-novision.ch\/about-us\/management\/\" target=\"_self\" class=\"cta__arrow--red \"><span class=\"font-semibold\" >Rencontrer notre direction<\/span><\/a>\n\n          <\/div>\n                  <\/div>\n      <\/div>\n      <div style=\"background-image: url(https:\/\/fischer.e-novision.ch\/app\/uploads\/2021\/11\/management_alt.jpeg)\" class=\"relative -z-1 col-span-full lg:col-span-5 aspect-w-16 aspect-h-9 lg:aspect-none h-full w-full bg-center bg-cover bg-no-repeat\"><\/div>\n    <\/div>\n  <\/div>\n\n\n<div class=\"mb-20 lg:mb-32 mt-8\">\n    <div class=\"grid grid-cols-12 gap-x-0 lg:gap-x-8 items-center\">\n      <div style=\"background-image: url(https:\/\/fischer.e-novision.ch\/app\/uploads\/2021\/11\/global_footprint.jpg)\" class=\"col-span-full lg:col-span-8 aspect-w-16 aspect-h-9 lg:aspect-none h-full w-full bg-center bg-cover bg-no-repeat\"><\/div>\n      <div class=\"px-4 lg:px-0 col-span-full lg:col-span-4\">\n        <div class=\"xl:ml-20 lg:transform lg:-translate-x-1\/4 my-4 md:my-12 3xl:my-24\">\n          <h2 role=\"heading\" aria-level=\"1\" class=\"break-normal relative text-md md:text-xxl leading-none lg:leading-none\">Notre pr\u00e9sence dans le monde<\/h2>\n        <\/div>\n        <div class=\"grid grid-cols-12 lg:mb-20\">\n          <div class=\"dh-sub col-span-full prose-destructured-card lg:col-start-1 lg:col-end-12 mb-4 lg:mb-8\">\n            <h4>Nous sommes \u00abglocaux\u00bb: nous tirons profit de nos technologies de base et de nos op\u00e9rations mondiales afin d&rsquo;adapter nos produits et services aux besoins de vos march\u00e9s et projets locaux. Nos \u00e9quipes r\u00e9gionales de commerciaux et d&rsquo;ing\u00e9nieurs d&rsquo;application sont \u00e0 la disposition de vos \u00e9quipes techniques pour travailler en \u00e9troite collaboration et leur fournir un support et un accompagnement sur mesure.<\/h4>\n\n          <\/div>\n                    <div class=\"col-span-full lg:col-start-1 lg:col-end-12\">\n            <a  href=\"https:\/\/fischer.e-novision.ch\/en\/contact\/\" target=\"_self\" class=\"cta__arrow--red \"><span class=\"font-semibold\" >Contacter votre expert local<\/span><\/a>\n\n          <\/div>\n                  <\/div>\n      <\/div>\n    <\/div>\n  <\/div>\n\n\n<div class=\"mb-20 lg:mb-32 mt-8\">\n    <div class=\"grid grid-cols-12 gap-x-0 lg:gap-x-8 items-center\">\n      <div class=\"px-4 lg:px-0 col-span-full lg:col-span-5 order-last lg:order-none\">\n        <div class=\"xl:mr-20 lg:transform lg:translate-x-1\/4 text-left lg:text-right my-4 md:my-12 3xl:my-24\">\n          <h2 role=\"heading\" aria-level=\"1\" class=\"break-normal relative text-md md:text-xxl leading-none lg:leading-none\">Nous rejoindre <\/h2>\n        <\/div>\n        <div class=\"grid grid-cols-12 lg:mb-20\">\n          <div class=\"dh-sub col-span-full prose-destructured-card lg:col-start-6 lg:col-end-13 mb-4 lg:mb-8 text-left lg:text-right\">\n            <h4>Vous souhaitez relever des d\u00e9fis ambitieux? Vous voulez avoir un impact sur l&rsquo;entreprise pour laquelle vous travaillez? Vous aimez apprendre aupr\u00e8s d&rsquo;experts passionn\u00e9s, engag\u00e9s dans des secteurs ax\u00e9s sur la technologie? Chez Fischer Connectors, nous pensons avoir beaucoup \u00e0 apprendre des personnes talentueuses que nous embauchons \u2013 et c&rsquo;est un plaisir de travailler avec nous!<\/h4>\n\n          <\/div>\n                    <div class=\"col-span-full lg:col-start-8 lg:col-end-13 text-left lg:text-right\">\n            <a  href=\"https:\/\/fischer.e-novision.ch\/about-us\/join-us\/\" target=\"_self\" class=\"cta__arrow--red \"><span class=\"font-semibold\" >Nous rejoindre pour r\u00e9imaginer la connectivit\u00e9<\/span><\/a>\n\n          <\/div>\n                  <\/div>\n      <\/div>\n      <div style=\"background-image: url(https:\/\/fischer.e-novision.ch\/app\/uploads\/2021\/11\/join_us-1.jpg)\" class=\"relative -z-1 col-span-full lg:col-start-6 lg:col-end-11 lg aspect-w-16 aspect-h-9 lg:aspect-none bg-center bg-cover bg-no-repeat h-full w-full\"><\/div>\n    <\/div>\n  <\/div>\n\n\n\n<p><\/p>\n","protected":false},"excerpt":{"rendered":"","protected":false},"author":1,"featured_media":0,"parent":0,"menu_order":79,"comment_status":"closed","ping_status":"closed","template":"","meta":{"_acf_changed":false,"footnotes":""},"class_list":["post-29360","page","type-page","status-publish","hentry"],"acf":false,"_links":{"self":[{"href":"https:\/\/fischer.e-novision.ch\/fr\/wp-json\/wp\/v2\/pages\/29360"}],"collection":[{"href":"https:\/\/fischer.e-novision.ch\/fr\/wp-json\/wp\/v2\/pages"}],"about":[{"href":"https:\/\/fischer.e-novision.ch\/fr\/wp-json\/wp\/v2\/types\/page"}],"author":[{"embeddable":true,"href":"https:\/\/fischer.e-novision.ch\/fr\/wp-json\/wp\/v2\/users\/1"}],"replies":[{"embeddable":true,"href":"https:\/\/fischer.e-novision.ch\/fr\/wp-json\/wp\/v2\/comments?post=29360"}],"version-history":[{"count":5,"href":"https:\/\/fischer.e-novision.ch\/fr\/wp-json\/wp\/v2\/pages\/29360\/revisions"}],"predecessor-version":[{"id":34003,"href":"https:\/\/fischer.e-novision.ch\/fr\/wp-json\/wp\/v2\/pages\/29360\/revisions\/34003"}],"wp:attachment":[{"href":"https:\/\/fischer.e-novision.ch\/fr\/wp-json\/wp\/v2\/media?parent=29360"}],"curies":[{"name":"wp","href":"https:\/\/api.w.org\/{rel}","templated":true}]}}