{"id":1405,"date":"2021-07-19T07:41:17","date_gmt":"2021-07-19T07:41:17","guid":{"rendered":"https:\/\/fischer.e-novision.ch\/en\/news\/case-studies\/"},"modified":"2022-05-18T14:36:26","modified_gmt":"2022-05-18T14:36:26","slug":"case-studies","status":"publish","type":"page","link":"https:\/\/fischer.e-novision.ch\/de\/news\/case-studies\/","title":{"rendered":"Case studies"},"content":{"rendered":"<section class=\"bg-bggrey md:mt-0 pb-0 pt-34 md:pt-36 lg:pt-0 \">\n  <div class=\"container page-header-div \">\n    <div class=\"flex justify-between mb-8\">\n      <div class=\"single-solution-back-button text-black border-black\"><a style=color:black;border-color:black href=\"https:\/\/fischer.e-novision.ch\/de\/news\/\" target=\"_self\" class=\"cta__arrow--back \"><span class=\"font-semibold\" >Back<\/span><\/a>\n\n<\/div>\n      <span class=\"hidden lg:block text-baseResponsive self-start header-search-and-filter-breadcrumb\"><a href=\"https:\/\/fischer.e-novision.ch\/de\/\" class=\"text-one\" rel=\"nofollow\">Home<\/a><\/span>\n    <\/div>\n    <h1 class=\"h2 page-title-solutions text-black\" >Case studies<\/h1>\n        <div class=\"h5 lg:max-w-2xl\">\n      Look behind the scenes: the way our customers have solved their technical challenge with our engineering teams will inspire you in your application design process.\n    <\/div>\n      <\/div>\n<\/section>\n<section class=\"container\">\n  <div class=\"block lg:grid grid-cols-12 p-4 lg:p-8 shadow-base border-1 rounded-card gap-x-8 gap-y-4\">\n      <div id=\"mobile-filters\" class=\"lg:hidden col-span-12\">\n        <div class=\"flex items-center justify-between\">\n          <span class=\"text-base\">Filters<\/span>\n          <span class=\"text-md\">+<\/span>\n        <\/div>\n      <\/div>\n      <div id=\"search-filters\" class=\"col-span-12 hidden lg:grid lg:grid-cols-12 gap-x-8\">\n        \n                  <div class=\"col-span-3\">\n                          <div>\n                <label>\n                  <span class=\"col-span-9 font-semibold lg:text-base\">Solution<\/span>\n                  <select style=\"width: 100%; margin-top: 7px; height: 21px\" name=\"solution-select-multiple\" multiple=\"multiple\" id=\"solution-select-multiple\" data-placeholder=\"Select a solution\"\n                                                    data-type=\"case-studies\"\n                                                    data-post-type=\"solutions\">\n                    \n                                          <option  value=\"35446\">test<\/option>\n                      \n                                                                <option  value=\"35424\">Tailored solutions<\/option>\n                      \n                                                                <option  value=\"35423\">Electronics<\/option>\n                      \n                                                                <option  value=\"35422\">Cable assembly<\/option>\n                      \n                                                                <option  value=\"35421\">Fischer FiberOptic Series<\/option>\n                      \n                                                                <option  value=\"35416\">Connectors<\/option>\n                      \n                                                                        <option  value=\"35417\">\u2014 Fischer Core Series<\/option>\n                                                  <option  value=\"35419\">\u2014 Fischer Freedom\u2122 Series<\/option>\n                                                  <option  value=\"35742\">\u2014 Fischer Freedom\u2122 Series<\/option>\n                                                  <option  value=\"35420\">\u2014 Fischer MiniMax\u2122 Series<\/option>\n                                                  <option  value=\"35418\">\u2014 Fischer UltiMate\u2122 Series<\/option>\n                                                                                        <option  value=\"28543\">Connectors<\/option>\n                      \n                                                                        <option  value=\"28547\">\u2014 Fischer Core Series<\/option>\n                                                  <option  value=\"28554\">\u2014 Fischer UltiMate\u2122 Series<\/option>\n                                                  <option  value=\"28565\">\u2014 Fischer Freedom\u2122 Series<\/option>\n                                                  <option  value=\"28572\">\u2014 Fischer MiniMax\u2122 Series<\/option>\n                                                  <option  value=\"28575\">\u2014 Fischer FiberOptic Series<\/option>\n                                                                                        <option  value=\"28579\">Cable assembly<\/option>\n                      \n                                                                <option  value=\"28586\">Electronics<\/option>\n                      \n                                                                <option  value=\"28597\">Tailored solutions<\/option>\n                      \n                                                            <\/select>\n                <\/label>\n              <\/div>\n                      <\/div>\n        \n                  <div class=\"col-span-3\">\n                          <div>\n                <label>\n                  <span class=\"col-span-9 font-semibold lg:text-base\">Industry<\/span>\n                  <select style=\"width: 100%\" name=\"industry-select-multiple\" id=\"industry-select-multiple\" data-placeholder=\"Select industries\"\n                                                    data-type=\"case-studies\"\n                                                    multiple=\"multiple\"\n                          data-post-type=\"industries\">\n                    <option><\/option>\n                                          <option  value=\"1395\">Defense &#038; security<\/option>\n                                          <option  value=\"30413\">Medizinisch<\/option>\n                                          <option  value=\"30409\">Pr\u00fcfung und Messung<\/option>\n                                          <option  value=\"34087\">Marine &#038; underwater<\/option>\n                                          <option  value=\"34134\">Industrial automation<\/option>\n                                          <option  value=\"34131\">Nuclear<\/option>\n                                          <option  value=\"34120\">\u00d6lbenzin<\/option>\n                                          <option  value=\"34109\">Motorsport<\/option>\n                                          <option  value=\"862\">Unmanned aerial vehicles<\/option>\n                                        <option value=\"others\">Others<\/option>\n                  <\/select>\n                <\/label>\n              <\/div>\n                      <\/div>\n        \n        \n        \n        \n        <div class=\"col-span-4\">\n          <label for=\"search-post\" class=\"font-semibold lg:text-base\">\nLooking for a specific                          case study                      <\/label>\n          <div>\n            <div class=\"input relative inline-block w-full mt-2\">\n              <input  style=\"height: auto; min-height: 35px; font-size: 12px\" class=\"border rounded-xs py-2 px-4 w-full\" type=\"text\" name=\"search-post\" id=\"search-post\" placeholder=\"Search\" data-post-type=\"case-studies\" \/>\n              <span class=\"absolute search-icon_search_black flex\"><\/span>\n            <\/div>\n          <\/div>\n        <\/div>\n\n        <div class=\"col-span-12 lg:col-start-11 lg:col-end-13 text-left my-4\">\n          <div class=\"font-semibold lg:text-base mb-2 opacity-0 cursor-default\">Search<\/div>\n          <button style=\"height: auto; min-height: 35px\" class=\"w-full search-btn px-3 bg-red-500 font-semibold text-white rounded-xs lg:text-base\">Search<\/button>\n        <\/div>\n      <\/div>\n        <div id=\"ajax-filter\" class=\"col-span-2 hidden\"><a class=\"text-red-500 underline\" href=\"https:\/\/fischer.e-novision.ch\/de\/news\/case-studies\/\">Reset filters<\/a><\/div>\n  <\/div>\n\n  <div id=\"posts\">\n          <div class=\"grid grid-cols-1 md:grid-cols-2 lg:grid-cols-3 gap-8 mt-20\">\n                 <div class=\"result-card rounded-card border-1 shadow-base w-full bg-white relative\">\n                    <a class=\"h-full w-full inline-block\" href=\"https:\/\/fischer.e-novision.ch\/de\/case-studies\/smooth-sailing-under-the-most-extreme-conditions-american-magic\/\">\n                          <div class=\"h-full w-full flex flex-col\">\n                            <div class=\"relative overflow-hidden w-full h-0\" style=\"padding-bottom: 51%;\">\n                                      <div class=\"absolute background-image top-0 left-0 rounded-t-card w-full h-full\" style=\"background-image: url(https:\/\/fischer.e-novision.ch\/app\/uploads\/2021\/11\/american_magic-2-1-1400x538.jpg);background-position: center center;background-size: cover\">\n                    <\/div>\n                                  <\/div>\n                        <div class=\"flex-grow p-4 lg:p-8 card-news-content flex flex-col justify-between\">\n              <div>\n                                                                  <h2 class=\"h5 font-semibold mb-0 line-clamp-3\">Smooth sailing under the most extreme conditions: American Magic<\/h2>\n              <\/div>\n                          <\/div>\n                          <\/div>\n                      <\/a>\n                    <\/div>\n                 <div class=\"result-card rounded-card border-1 shadow-base w-full bg-white relative\">\n                    <a class=\"h-full w-full inline-block\" href=\"https:\/\/fischer.e-novision.ch\/de\/fallstudien\/ruckelfreie-datenubertragung-auch-bei-vibrationen\/\">\n                          <div class=\"h-full w-full flex flex-col\">\n                            <div class=\"relative overflow-hidden w-full h-0\" style=\"padding-bottom: 51%;\">\n                                      <div class=\"absolute background-image top-0 left-0 rounded-t-card w-full h-full\" style=\"background-image: url(https:\/\/fischer.e-novision.ch\/app\/uploads\/2021\/03\/data_vibration-2-1400x538.jpg);background-position: center center;background-size: cover\">\n                    <\/div>\n                                  <\/div>\n                        <div class=\"flex-grow p-4 lg:p-8 card-news-content flex flex-col justify-between\">\n              <div>\n                                                                  <h2 class=\"h5 font-semibold mb-0 line-clamp-3\">Ruckelfreie Daten\u00fcbertragung auch bei Vibrationen<\/h2>\n              <\/div>\n                          <\/div>\n                          <\/div>\n                      <\/a>\n                    <\/div>\n                 <div class=\"result-card rounded-card border-1 shadow-base w-full bg-white relative\">\n                    <a class=\"h-full w-full inline-block\" href=\"https:\/\/fischer.e-novision.ch\/de\/fallstudien\/naechster-halt-predictive-maintenance\/\">\n                          <div class=\"h-full w-full flex flex-col\">\n                            <div class=\"relative overflow-hidden w-full h-0\" style=\"padding-bottom: 51%;\">\n                                      <div class=\"absolute background-image top-0 left-0 rounded-t-card w-full h-full\" style=\"background-image: url(https:\/\/fischer.e-novision.ch\/app\/uploads\/2021\/01\/predictive_maintenance-1-1400x538.jpg);background-position: center center;background-size: cover\">\n                    <\/div>\n                                  <\/div>\n                        <div class=\"flex-grow p-4 lg:p-8 card-news-content flex flex-col justify-between\">\n              <div>\n                                                                  <h2 class=\"h5 font-semibold mb-0 line-clamp-3\">N\u00e4chster Halt: Predictive Maintenance<\/h2>\n              <\/div>\n                          <\/div>\n                          <\/div>\n                      <\/a>\n                    <\/div>\n                 <div class=\"result-card rounded-card border-1 shadow-base w-full bg-white relative\">\n                    <a class=\"h-full w-full inline-block\" href=\"https:\/\/fischer.e-novision.ch\/de\/fallstudien\/robuste-konnektivitaet-fuer-intelligente-schuhe\/\">\n                          <div class=\"h-full w-full flex flex-col\">\n                            <div class=\"relative overflow-hidden w-full h-0\" style=\"padding-bottom: 51%;\">\n                                      <div class=\"absolute background-image top-0 left-0 rounded-t-card w-full h-full\" style=\"background-image: url(https:\/\/fischer.e-novision.ch\/app\/uploads\/2020\/11\/robust_connectivity-1400x538.jpg);background-position: center center;background-size: cover\">\n                    <\/div>\n                                  <\/div>\n                        <div class=\"flex-grow p-4 lg:p-8 card-news-content flex flex-col justify-between\">\n              <div>\n                                                                  <h2 class=\"h5 font-semibold mb-0 line-clamp-3\">Robuste Konnektivit\u00e4t f\u00fcr intelligente Schuhe<\/h2>\n              <\/div>\n                          <\/div>\n                          <\/div>\n                      <\/a>\n                    <\/div>\n                 <div class=\"result-card rounded-card border-1 shadow-base w-full bg-white relative\">\n                    <a class=\"h-full w-full inline-block\" href=\"https:\/\/fischer.e-novision.ch\/de\/fallstudien\/einfache-handhabung-reinigung-langlebig-platzsparend-optimale-konnektivitaet-fuer-das-herz-lungen-unterstuetzungssystem-cardiohelp-von-getinge\/\">\n                          <div class=\"h-full w-full flex flex-col\">\n                            <div class=\"relative overflow-hidden w-full h-0\" style=\"padding-bottom: 51%;\">\n                                      <div class=\"absolute background-image top-0 left-0 rounded-t-card w-full h-full\" style=\"background-image: url(https:\/\/fischer.e-novision.ch\/app\/uploads\/2020\/08\/easy_cleaning_connectivity-1400x538.jpg);background-position: center center;background-size: cover\">\n                    <\/div>\n                                  <\/div>\n                        <div class=\"flex-grow p-4 lg:p-8 card-news-content flex flex-col justify-between\">\n              <div>\n                                                                  <h2 class=\"h5 font-semibold mb-0 line-clamp-3\">Einfache Handhabung &#038; Reinigung, langlebig, platzsparend: Optimale Konnektivit\u00e4t f\u00fcr das Herz-Lungen-Unterst\u00fctzungssystem Cardiohelp von Getinge<\/h2>\n              <\/div>\n                          <\/div>\n                          <\/div>\n                      <\/a>\n                    <\/div>\n                 <div class=\"result-card rounded-card border-1 shadow-base w-full bg-white relative\">\n                    <a class=\"h-full w-full inline-block\" href=\"https:\/\/fischer.e-novision.ch\/de\/fallstudien\/unterwasserdrohne-nutzt-die-ip68-dichte-fischer-fiberoptic-serie-bis-300m-tiefe\/\">\n                          <div class=\"h-full w-full flex flex-col\">\n                            <div class=\"relative overflow-hidden w-full h-0\" style=\"padding-bottom: 51%;\">\n                                      <div class=\"absolute background-image top-0 left-0 rounded-t-card w-full h-full\" style=\"background-image: url(https:\/\/fischer.e-novision.ch\/app\/uploads\/2020\/06\/uuv_fiberoptic-1400x538.jpg);background-position: center center;background-size: cover\">\n                    <\/div>\n                                  <\/div>\n                        <div class=\"flex-grow p-4 lg:p-8 card-news-content flex flex-col justify-between\">\n              <div>\n                                                                  <h2 class=\"h5 font-semibold mb-0 line-clamp-3\">Unterwasserdrohne nutzt die IP68 dichte Fischer FiberOptic Serie bis 300m Tiefe<\/h2>\n              <\/div>\n                          <\/div>\n                          <\/div>\n                      <\/a>\n                    <\/div>\n                 <div class=\"result-card rounded-card border-1 shadow-base w-full bg-white relative\">\n                    <a class=\"h-full w-full inline-block\" href=\"https:\/\/fischer.e-novision.ch\/de\/fallstudien\/piletest-profitiert-von-den-robusten-flachen-und-einfach-zu-steckenden-verbindungsloesungen-von-fischer-freedom\/\">\n                          <div class=\"h-full w-full flex flex-col\">\n                            <div class=\"relative overflow-hidden w-full h-0\" style=\"padding-bottom: 51%;\">\n                                      <div class=\"absolute background-image top-0 left-0 rounded-t-card w-full h-full\" style=\"background-image: url(https:\/\/fischer.e-novision.ch\/app\/uploads\/2019\/08\/low_profile_rugged-1400x538.jpg);background-position: center center;background-size: cover\">\n                    <\/div>\n                                  <\/div>\n                        <div class=\"flex-grow p-4 lg:p-8 card-news-content flex flex-col justify-between\">\n              <div>\n                                                                  <h2 class=\"h5 font-semibold mb-0 line-clamp-3\">Piletest profitiert von den robusten, flachen und einfach zu steckenden Verbindungsl\u00f6sungen von Fischer Freedom<\/h2>\n              <\/div>\n                          <\/div>\n                          <\/div>\n                      <\/a>\n                    <\/div>\n                 <div class=\"result-card rounded-card border-1 shadow-base w-full bg-white relative\">\n                    <a class=\"h-full w-full inline-block\" href=\"https:\/\/fischer.e-novision.ch\/de\/fallstudien\/das-hydrocontest-team-der-heig-vd-und-fischer-connectors-ein-erfolgsgespann\/\">\n                          <div class=\"h-full w-full flex flex-col\">\n                            <div class=\"relative overflow-hidden w-full h-0\" style=\"padding-bottom: 51%;\">\n                                      <div class=\"absolute background-image top-0 left-0 rounded-t-card w-full h-full\" style=\"background-image: url(https:\/\/fischer.e-novision.ch\/app\/uploads\/2017\/10\/lightweight_sealing-1400x538.jpg);background-position: center center;background-size: cover\">\n                    <\/div>\n                                  <\/div>\n                        <div class=\"flex-grow p-4 lg:p-8 card-news-content flex flex-col justify-between\">\n              <div>\n                                                                  <h2 class=\"h5 font-semibold mb-0 line-clamp-3\">Das HydroContest-Team der HEIG-VD und Fischer Connectors \u2013 ein Erfolgsgespann<\/h2>\n              <\/div>\n                          <\/div>\n                          <\/div>\n                      <\/a>\n                    <\/div>\n                 <div class=\"result-card rounded-card border-1 shadow-base w-full bg-white relative\">\n                    <a class=\"h-full w-full inline-block\" href=\"https:\/\/fischer.e-novision.ch\/de\/fallstudien\/cern-in-geneva-benefits-from-fischer-connectors-expertise\/\">\n                          <div class=\"h-full w-full flex flex-col\">\n                            <div class=\"relative overflow-hidden w-full h-0\" style=\"padding-bottom: 51%;\">\n                                      <div class=\"absolute background-image top-0 left-0 rounded-t-card w-full h-full\" style=\"background-image: url(https:\/\/fischer.e-novision.ch\/app\/uploads\/2013\/01\/nuclear_vacuum_connectivity-1400x538.jpg);background-position: center center;background-size: cover\">\n                    <\/div>\n                                  <\/div>\n                        <div class=\"flex-grow p-4 lg:p-8 card-news-content flex flex-col justify-between\">\n              <div>\n                                                                  <h2 class=\"h5 font-semibold mb-0 line-clamp-3\">Das CERN in Genf nutzt das Know-how von Fischer Connectors<\/h2>\n              <\/div>\n                          <\/div>\n                          <\/div>\n                      <\/a>\n                    <\/div>\n              <\/div>\n      <div class=\"flex mt-20 flex-col items-center items-center\">\n        <!--<div >\n          <button style=\"height: auto; min-height: 35px\" id=\"load-more\" class=\"w-full px-3 bg-red-500 font-semibold text-white rounded-xs lg:text-base\">Load more<\/button>\n        <\/div> -->\n      <\/div>\n      <\/div>\n<\/section>\n\n\n<section class=\"red-banner-section lg:py-4 pt-10 pb-12 lg:py-20 bg-bgred \">\n  <div class=\"container lg:flex lg:flex-row justify-between\">\n      <div class=\"w-full lg:w-1\/2\">\n        <p class=\"text-white text-base lg:text-mdlg red-banner-p\">Explore the versatile options offered by our high-performance connectivity solutions.<\/p>\n      <\/div>\n    <div class=\"flex flex-col justify-center w-full lg:w-1\/2 lg:items-end\">\n            <div class=\"red-banner-link-size\">\n                  <a  href=\"https:\/\/fischer.e-novision.ch\/solutions\/\" target=\"_self\" class=\"cta__arrow--fullred \"><span class=\"font-semibold\" >Discover more<\/span><\/a>\n\n              <\/div>\n          <\/div>\n  <\/div>\n<\/section>\n\n","protected":false},"excerpt":{"rendered":"","protected":false},"author":1,"featured_media":0,"parent":1173,"menu_order":28,"comment_status":"closed","ping_status":"closed","template":"","meta":{"_acf_changed":false,"footnotes":""},"class_list":["post-1405","page","type-page","status-publish","hentry"],"acf":false,"_links":{"self":[{"href":"https:\/\/fischer.e-novision.ch\/de\/wp-json\/wp\/v2\/pages\/1405"}],"collection":[{"href":"https:\/\/fischer.e-novision.ch\/de\/wp-json\/wp\/v2\/pages"}],"about":[{"href":"https:\/\/fischer.e-novision.ch\/de\/wp-json\/wp\/v2\/types\/page"}],"author":[{"embeddable":true,"href":"https:\/\/fischer.e-novision.ch\/de\/wp-json\/wp\/v2\/users\/1"}],"replies":[{"embeddable":true,"href":"https:\/\/fischer.e-novision.ch\/de\/wp-json\/wp\/v2\/comments?post=1405"}],"version-history":[{"count":8,"href":"https:\/\/fischer.e-novision.ch\/de\/wp-json\/wp\/v2\/pages\/1405\/revisions"}],"predecessor-version":[{"id":7112,"href":"https:\/\/fischer.e-novision.ch\/de\/wp-json\/wp\/v2\/pages\/1405\/revisions\/7112"}],"up":[{"embeddable":true,"href":"https:\/\/fischer.e-novision.ch\/de\/wp-json\/wp\/v2\/pages\/1173"}],"wp:attachment":[{"href":"https:\/\/fischer.e-novision.ch\/de\/wp-json\/wp\/v2\/media?parent=1405"}],"curies":[{"name":"wp","href":"https:\/\/api.w.org\/{rel}","templated":true}]}}